{"id":1861,"date":"2023-11-28T13:20:15","date_gmt":"2023-11-28T12:20:15","guid":{"rendered":"https:\/\/theluckyflats.com\/edificio-artilleros\/"},"modified":"2024-01-22T14:39:55","modified_gmt":"2024-01-22T13:39:55","slug":"artilleros-building","status":"publish","type":"page","link":"https:\/\/theluckyflats.com\/en\/artilleros-building\/","title":{"rendered":"Artilleros Building"},"content":{"rendered":"\n<section class=\"wp-block-group has-c-text-color has-white-background-color has-text-color has-background has-link-color wp-elements-a1915be1bf389e7869dd521ff1f69e7e is-layout-constrained wp-container-core-group-is-layout-43564dda wp-block-group-is-layout-constrained\" style=\"padding-top:60px;padding-right:15px;padding-bottom:60px;padding-left:15px\">\n<p class=\"has-text-align-center\"><em><em>Leisure, culture and fun right in the center of Alicante<\/em><\/em><\/p>\n\n\n\n<p class=\"has-text-align-center\">The Lucky Flats &#8211; Artilleros Building is located in the historic center of Alicante, atop Rambla M\u00e9ndez N\u00fa\u00f1ez. Surrounded by nice terraces, pubs, restaurants, and shops, and just a five-minute walk from the beach, it is the perfect accommodation for a getaway to Alicante with friends or your partner.<\/p>\n\n\n\n<p class=\"has-text-align-center\">Our rental apartments in Artilleros feature modern, spacious rooms that are fully equipped. They come with air conditioning, free WiFi, and a small private balcony.<\/p>\n\n\n\n<p class=\"has-text-align-center\">As a traditional building, The Lucky Flats Artilleros does not have an elevator. Therefore, we recommend guests with difficulty climbing stairs or those traveling with a stroller to book their apartment in our <a href=\"https:\/\/theluckyflats.com\/en\/quintana-building\/\"><strong>Quintana <\/strong><\/a>or <strong><a href=\"https:\/\/theluckyflats.com\/en\/suites-building\/\">Suites <\/a>Buildings<\/strong>.<\/p>\n<\/section>\n\n\n\n\n<section class=\"content-wrapper | apartments-archive \">\n\n\t\t\t\n\t<article class=\"\">\n\t\t<div class=\"article-wrapper\">\n\t\t\t<a href=\"https:\/\/theluckyflats.com\/en\/apartments\/artilleros-apt-estandar\/\">\n\t\t\t\t<figure>\n\t\t\t\t\t<img loading=\"lazy\" decoding=\"async\" width=\"1024\" height=\"683\" src=\"https:\/\/theluckyflats.com\/wp-content\/uploads\/2023\/12\/df0c842239ea142-1024x683.webp\" class=\"attachment-large size-large wp-post-image\" alt=\"\" srcset=\"https:\/\/theluckyflats.com\/wp-content\/uploads\/2023\/12\/df0c842239ea142-1024x683.webp 1024w, https:\/\/theluckyflats.com\/wp-content\/uploads\/2023\/12\/df0c842239ea142-300x200.webp 300w, https:\/\/theluckyflats.com\/wp-content\/uploads\/2023\/12\/df0c842239ea142-768x512.webp 768w, https:\/\/theluckyflats.com\/wp-content\/uploads\/2023\/12\/df0c842239ea142.webp 1140w\" sizes=\"auto, (max-width: 1024px) 100vw, 1024px\" \/>\t\t\t\t<\/figure>\n\t\t\t<\/a>\n\t\t\t<div class=\"content\">\n\t\t\t\t\n\t\t\t\t<a href=\"https:\/\/theluckyflats.com\/en\/apartments\/artilleros-apt-estandar\/\">\n\t\t\t\t\t<h2>\n\t\t\t\t\t\t    <span\n        class=\"nunito small\">ARTILLEROS<\/span>\n        STANDARD APT    \n    \n    \t\t\t\t\t<\/h2>\n\t\t\t\t<\/a>\n\n\t\t\t\t<div class=\"\">\n\t\t\t\t\t<p><span style=\"font-weight: 400;\">The Standard Apartment is fully equipped and offers all the amenities of The Lucky Flats Artilleros. Its design follows the fresh and modern style of the complex, with plenty of natural light and parquet flooring. It has a bedroom with a double bed and a sofa bed in the living room, perfect for one person.<\/span><\/p>\n                    \n                                             \n                        <span><strong>Room size:<\/strong> 40m\u00b2<\/span>\n                    \n\t\t\t\t\t<a class=\"link\" href=\"https:\/\/theluckyflats.com\/en\/apartments\/artilleros-apt-estandar\/\">\n\t\t\t\t\t\t<span>View apartment<\/span>\n\t\t\t\t\t\t<svg class=\"\" width=\"24\" height=\"9\" viewBox=\"0 0 24 9\" fill=\"none\"\n\t\t\t\t\t\t\txmlns=\"http:\/\/www.w3.org\/2000\/svg\">\n\t\t\t\t\t\t\t<path\n\t\t\t\t\t\t\t\td=\"M23.3536 4.85355C23.5488 4.65829 23.5488 4.34171 23.3536 4.14645L20.1716 0.964466C19.9763 0.769204 19.6597 0.769204 19.4645 0.964466C19.2692 1.15973 19.2692 1.47631 19.4645 1.67157L22.2929 4.5L19.4645 7.32843C19.2692 7.52369 19.2692 7.84027 19.4645 8.03553C19.6597 8.2308 19.9763 8.2308 20.1716 8.03553L23.3536 4.85355ZM0 5H23V4H0V5Z\" \/>\n\t\t\t\t\t\t<\/svg>\n\t\t\t\t\t<\/a>\n\t\t\t\t<\/div>\n\t\t\t<\/div>\n\t\t<\/div>\n\t<\/article>\n\n\t\t\t\n\t<article class=\"\">\n\t\t<div class=\"article-wrapper\">\n\t\t\t<a href=\"https:\/\/theluckyflats.com\/en\/apartments\/artilleros-superior-apartment\/\">\n\t\t\t\t<figure>\n\t\t\t\t\t<img loading=\"lazy\" decoding=\"async\" width=\"1024\" height=\"683\" src=\"https:\/\/theluckyflats.com\/wp-content\/uploads\/2023\/12\/815e86a931cb185-1024x683.webp\" class=\"attachment-large size-large wp-post-image\" alt=\"\" srcset=\"https:\/\/theluckyflats.com\/wp-content\/uploads\/2023\/12\/815e86a931cb185-1024x683.webp 1024w, https:\/\/theluckyflats.com\/wp-content\/uploads\/2023\/12\/815e86a931cb185-300x200.webp 300w, https:\/\/theluckyflats.com\/wp-content\/uploads\/2023\/12\/815e86a931cb185-768x512.webp 768w, https:\/\/theluckyflats.com\/wp-content\/uploads\/2023\/12\/815e86a931cb185.webp 1140w\" sizes=\"auto, (max-width: 1024px) 100vw, 1024px\" \/>\t\t\t\t<\/figure>\n\t\t\t<\/a>\n\t\t\t<div class=\"content\">\n\t\t\t\t\n\t\t\t\t<a href=\"https:\/\/theluckyflats.com\/en\/apartments\/artilleros-superior-apartment\/\">\n\t\t\t\t\t<h2>\n\t\t\t\t\t\t    <span\n        class=\"nunito small\">ARTILLEROS<\/span>\n        SUPERIOR APT    \n    \n    \t\t\t\t\t<\/h2>\n\t\t\t\t<\/a>\n\n\t\t\t\t<div class=\"\">\n\t\t\t\t\t<p><span style=\"font-weight: 400;\">The Superior Apartment features two bedrooms and an extensive range of services and amenities to make sure you have everything you need during your stay. Decorated in a contemporary, comfortable, and welcoming style.<\/span><\/p>\n                    \n                                             \n                        <span><strong>Room size:<\/strong> 40m\u00b2<\/span>\n                    \n\t\t\t\t\t<a class=\"link\" href=\"https:\/\/theluckyflats.com\/en\/apartments\/artilleros-superior-apartment\/\">\n\t\t\t\t\t\t<span>View apartment<\/span>\n\t\t\t\t\t\t<svg class=\"\" width=\"24\" height=\"9\" viewBox=\"0 0 24 9\" fill=\"none\"\n\t\t\t\t\t\t\txmlns=\"http:\/\/www.w3.org\/2000\/svg\">\n\t\t\t\t\t\t\t<path\n\t\t\t\t\t\t\t\td=\"M23.3536 4.85355C23.5488 4.65829 23.5488 4.34171 23.3536 4.14645L20.1716 0.964466C19.9763 0.769204 19.6597 0.769204 19.4645 0.964466C19.2692 1.15973 19.2692 1.47631 19.4645 1.67157L22.2929 4.5L19.4645 7.32843C19.2692 7.52369 19.2692 7.84027 19.4645 8.03553C19.6597 8.2308 19.9763 8.2308 20.1716 8.03553L23.3536 4.85355ZM0 5H23V4H0V5Z\" \/>\n\t\t\t\t\t\t<\/svg>\n\t\t\t\t\t<\/a>\n\t\t\t\t<\/div>\n\t\t\t<\/div>\n\t\t<\/div>\n\t<\/article>\n\n\t\t\t\n\t<article class=\"\">\n\t\t<div class=\"article-wrapper\">\n\t\t\t<a href=\"https:\/\/theluckyflats.com\/en\/apartments\/the-lucky-302-apartamento\/\">\n\t\t\t\t<figure>\n\t\t\t\t\t<img loading=\"lazy\" decoding=\"async\" width=\"1024\" height=\"683\" src=\"https:\/\/theluckyflats.com\/wp-content\/uploads\/2023\/12\/afa14ceece38156-1-1024x683.webp\" class=\"attachment-large size-large wp-post-image\" alt=\"\" srcset=\"https:\/\/theluckyflats.com\/wp-content\/uploads\/2023\/12\/afa14ceece38156-1-1024x683.webp 1024w, https:\/\/theluckyflats.com\/wp-content\/uploads\/2023\/12\/afa14ceece38156-1-300x200.webp 300w, https:\/\/theluckyflats.com\/wp-content\/uploads\/2023\/12\/afa14ceece38156-1-768x512.webp 768w, https:\/\/theluckyflats.com\/wp-content\/uploads\/2023\/12\/afa14ceece38156-1.webp 1140w\" sizes=\"auto, (max-width: 1024px) 100vw, 1024px\" \/>\t\t\t\t<\/figure>\n\t\t\t<\/a>\n\t\t\t<div class=\"content\">\n\t\t\t\t\n\t\t\t\t<a href=\"https:\/\/theluckyflats.com\/en\/apartments\/the-lucky-302-apartamento\/\">\n\t\t\t\t\t<h2>\n\t\t\t\t\t\t    <span\n        class=\"nunito small\">THE LUCKY 302<\/span>\n        APARTMENT    \n    \n    \t\t\t\t\t<\/h2>\n\t\t\t\t<\/a>\n\n\t\t\t\t<div class=\"\">\n\t\t\t\t\t<p><span style=\"font-weight: 400;\">&#8220;The Lucky 302&#8221; Apartment boasts modern and cozy decoration. With two bedrooms, it provides all the services you need for an unforgettable stay. Plus, it has a 3x3m terrace! There&#8217;s a reason why we call it &#8220;The Lucky&#8221; \ud83d\ude09<\/span><\/p>\n                    \n                                             \n                        <span><strong>Room size:<\/strong> 40m\u00b2<\/span>\n                    \n\t\t\t\t\t<a class=\"link\" href=\"https:\/\/theluckyflats.com\/en\/apartments\/the-lucky-302-apartamento\/\">\n\t\t\t\t\t\t<span>View apartment<\/span>\n\t\t\t\t\t\t<svg class=\"\" width=\"24\" height=\"9\" viewBox=\"0 0 24 9\" fill=\"none\"\n\t\t\t\t\t\t\txmlns=\"http:\/\/www.w3.org\/2000\/svg\">\n\t\t\t\t\t\t\t<path\n\t\t\t\t\t\t\t\td=\"M23.3536 4.85355C23.5488 4.65829 23.5488 4.34171 23.3536 4.14645L20.1716 0.964466C19.9763 0.769204 19.6597 0.769204 19.4645 0.964466C19.2692 1.15973 19.2692 1.47631 19.4645 1.67157L22.2929 4.5L19.4645 7.32843C19.2692 7.52369 19.2692 7.84027 19.4645 8.03553C19.6597 8.2308 19.9763 8.2308 20.1716 8.03553L23.3536 4.85355ZM0 5H23V4H0V5Z\" \/>\n\t\t\t\t\t\t<\/svg>\n\t\t\t\t\t<\/a>\n\t\t\t\t<\/div>\n\t\t\t<\/div>\n\t\t<\/div>\n\t<\/article>\n\n\t\t\n\n\n\n<\/section>\n\n\n","protected":false},"excerpt":{"rendered":"<p>Leisure, culture and fun right in the center of Alicante The Lucky Flats &#8211; Artilleros Building is located in the historic center of Alicante, atop Rambla M\u00e9ndez N\u00fa\u00f1ez. Surrounded by nice terraces, pubs, restaurants, and shops, and just a five-minute walk from the beach, it is the perfect accommodation for a getaway to Alicante with [&hellip;]<\/p>\n","protected":false},"author":1,"featured_media":678,"parent":0,"menu_order":0,"comment_status":"closed","ping_status":"closed","template":"","meta":{"_acf_changed":false,"inline_featured_image":false,"_uag_custom_page_level_css":"","footnotes":""},"class_list":["post-1861","page","type-page","status-publish","has-post-thumbnail","hentry"],"acf":[],"yoast_head":"<!-- This site is optimized with the Yoast SEO plugin v25.0 - https:\/\/yoast.com\/wordpress\/plugins\/seo\/ -->\n<title>Artilleros Building - Lucky Flats<\/title>\n<meta name=\"description\" content=\"Artilleros Building is located in the historic center of Alicante, at the top of Rambla M\u00e9ndez N\u00fa\u00f1ez. Book now!\" \/>\n<meta name=\"robots\" content=\"index, follow, max-snippet:-1, max-image-preview:large, max-video-preview:-1\" \/>\n<link rel=\"canonical\" href=\"https:\/\/theluckyflats.com\/en\/artilleros-building\/\" \/>\n<meta property=\"og:locale\" content=\"en_GB\" \/>\n<meta property=\"og:type\" content=\"article\" \/>\n<meta property=\"og:title\" content=\"Artilleros Building - Lucky Flats\" \/>\n<meta property=\"og:description\" content=\"Artilleros Building is located in the historic center of Alicante, at the top of Rambla M\u00e9ndez N\u00fa\u00f1ez. Book now!\" \/>\n<meta property=\"og:url\" content=\"https:\/\/theluckyflats.com\/en\/artilleros-building\/\" \/>\n<meta property=\"og:site_name\" content=\"Lucky Flats\" \/>\n<meta property=\"article:modified_time\" content=\"2024-01-22T13:39:55+00:00\" \/>\n<meta property=\"og:image\" content=\"https:\/\/theluckyflats.com\/wp-content\/uploads\/2023\/12\/1b6e872d5730704-1.webp\" \/>\n\t<meta property=\"og:image:width\" content=\"1140\" \/>\n\t<meta property=\"og:image:height\" content=\"760\" \/>\n\t<meta property=\"og:image:type\" content=\"image\/webp\" \/>\n<meta name=\"twitter:card\" content=\"summary_large_image\" \/>\n<meta name=\"twitter:label1\" content=\"Estimated reading time\" \/>\n\t<meta name=\"twitter:data1\" content=\"1 minute\" \/>\n<script type=\"application\/ld+json\" class=\"yoast-schema-graph\">{\"@context\":\"https:\/\/schema.org\",\"@graph\":[{\"@type\":\"WebPage\",\"@id\":\"https:\/\/theluckyflats.com\/en\/artilleros-building\/\",\"url\":\"https:\/\/theluckyflats.com\/en\/artilleros-building\/\",\"name\":\"Artilleros Building - Lucky Flats\",\"isPartOf\":{\"@id\":\"https:\/\/theluckyflats.com\/fr\/#website\"},\"primaryImageOfPage\":{\"@id\":\"https:\/\/theluckyflats.com\/en\/artilleros-building\/#primaryimage\"},\"image\":{\"@id\":\"https:\/\/theluckyflats.com\/en\/artilleros-building\/#primaryimage\"},\"thumbnailUrl\":\"https:\/\/theluckyflats.com\/wp-content\/uploads\/2023\/12\/1b6e872d5730704-1.webp\",\"datePublished\":\"2023-11-28T12:20:15+00:00\",\"dateModified\":\"2024-01-22T13:39:55+00:00\",\"description\":\"Artilleros Building is located in the historic center of Alicante, at the top of Rambla M\u00e9ndez N\u00fa\u00f1ez. Book now!\",\"inLanguage\":\"en-GB\",\"potentialAction\":[{\"@type\":\"ReadAction\",\"target\":[\"https:\/\/theluckyflats.com\/en\/artilleros-building\/\"]}]},{\"@type\":\"ImageObject\",\"inLanguage\":\"en-GB\",\"@id\":\"https:\/\/theluckyflats.com\/en\/artilleros-building\/#primaryimage\",\"url\":\"https:\/\/theluckyflats.com\/wp-content\/uploads\/2023\/12\/1b6e872d5730704-1.webp\",\"contentUrl\":\"https:\/\/theluckyflats.com\/wp-content\/uploads\/2023\/12\/1b6e872d5730704-1.webp\",\"width\":1140,\"height\":760},{\"@type\":\"WebSite\",\"@id\":\"https:\/\/theluckyflats.com\/fr\/#website\",\"url\":\"https:\/\/theluckyflats.com\/fr\/\",\"name\":\"Lucky Flats\",\"description\":\"\",\"potentialAction\":[{\"@type\":\"SearchAction\",\"target\":{\"@type\":\"EntryPoint\",\"urlTemplate\":\"https:\/\/theluckyflats.com\/fr\/?s={search_term_string}\"},\"query-input\":{\"@type\":\"PropertyValueSpecification\",\"valueRequired\":true,\"valueName\":\"search_term_string\"}}],\"inLanguage\":\"en-GB\"}]}<\/script>\n<!-- \/ Yoast SEO plugin. -->","yoast_head_json":{"title":"Artilleros Building - Lucky Flats","description":"Artilleros Building is located in the historic center of Alicante, at the top of Rambla M\u00e9ndez N\u00fa\u00f1ez. Book now!","robots":{"index":"index","follow":"follow","max-snippet":"max-snippet:-1","max-image-preview":"max-image-preview:large","max-video-preview":"max-video-preview:-1"},"canonical":"https:\/\/theluckyflats.com\/en\/artilleros-building\/","og_locale":"en_GB","og_type":"article","og_title":"Artilleros Building - Lucky Flats","og_description":"Artilleros Building is located in the historic center of Alicante, at the top of Rambla M\u00e9ndez N\u00fa\u00f1ez. Book now!","og_url":"https:\/\/theluckyflats.com\/en\/artilleros-building\/","og_site_name":"Lucky Flats","article_modified_time":"2024-01-22T13:39:55+00:00","og_image":[{"width":1140,"height":760,"url":"https:\/\/theluckyflats.com\/wp-content\/uploads\/2023\/12\/1b6e872d5730704-1.webp","type":"image\/webp"}],"twitter_card":"summary_large_image","twitter_misc":{"Estimated reading time":"1 minute"},"schema":{"@context":"https:\/\/schema.org","@graph":[{"@type":"WebPage","@id":"https:\/\/theluckyflats.com\/en\/artilleros-building\/","url":"https:\/\/theluckyflats.com\/en\/artilleros-building\/","name":"Artilleros Building - Lucky Flats","isPartOf":{"@id":"https:\/\/theluckyflats.com\/fr\/#website"},"primaryImageOfPage":{"@id":"https:\/\/theluckyflats.com\/en\/artilleros-building\/#primaryimage"},"image":{"@id":"https:\/\/theluckyflats.com\/en\/artilleros-building\/#primaryimage"},"thumbnailUrl":"https:\/\/theluckyflats.com\/wp-content\/uploads\/2023\/12\/1b6e872d5730704-1.webp","datePublished":"2023-11-28T12:20:15+00:00","dateModified":"2024-01-22T13:39:55+00:00","description":"Artilleros Building is located in the historic center of Alicante, at the top of Rambla M\u00e9ndez N\u00fa\u00f1ez. Book now!","inLanguage":"en-GB","potentialAction":[{"@type":"ReadAction","target":["https:\/\/theluckyflats.com\/en\/artilleros-building\/"]}]},{"@type":"ImageObject","inLanguage":"en-GB","@id":"https:\/\/theluckyflats.com\/en\/artilleros-building\/#primaryimage","url":"https:\/\/theluckyflats.com\/wp-content\/uploads\/2023\/12\/1b6e872d5730704-1.webp","contentUrl":"https:\/\/theluckyflats.com\/wp-content\/uploads\/2023\/12\/1b6e872d5730704-1.webp","width":1140,"height":760},{"@type":"WebSite","@id":"https:\/\/theluckyflats.com\/fr\/#website","url":"https:\/\/theluckyflats.com\/fr\/","name":"Lucky Flats","description":"","potentialAction":[{"@type":"SearchAction","target":{"@type":"EntryPoint","urlTemplate":"https:\/\/theluckyflats.com\/fr\/?s={search_term_string}"},"query-input":{"@type":"PropertyValueSpecification","valueRequired":true,"valueName":"search_term_string"}}],"inLanguage":"en-GB"}]}},"uagb_featured_image_src":{"full":["https:\/\/theluckyflats.com\/wp-content\/uploads\/2023\/12\/1b6e872d5730704-1.webp",1140,760,false],"thumbnail":["https:\/\/theluckyflats.com\/wp-content\/uploads\/2023\/12\/1b6e872d5730704-1-150x150.webp",150,150,true],"medium":["https:\/\/theluckyflats.com\/wp-content\/uploads\/2023\/12\/1b6e872d5730704-1-300x200.webp",300,200,true],"medium_large":["https:\/\/theluckyflats.com\/wp-content\/uploads\/2023\/12\/1b6e872d5730704-1-768x512.webp",768,512,true],"large":["https:\/\/theluckyflats.com\/wp-content\/uploads\/2023\/12\/1b6e872d5730704-1-1024x683.webp",1024,683,true],"1536x1536":["https:\/\/theluckyflats.com\/wp-content\/uploads\/2023\/12\/1b6e872d5730704-1.webp",1140,760,false],"2048x2048":["https:\/\/theluckyflats.com\/wp-content\/uploads\/2023\/12\/1b6e872d5730704-1.webp",1140,760,false]},"uagb_author_info":{"display_name":"@oscar","author_link":"https:\/\/theluckyflats.com\/en\/author\/oscar\/"},"uagb_comment_info":0,"uagb_excerpt":"Leisure, culture and fun right in the center of Alicante The Lucky Flats &#8211; Artilleros Building is located in the historic center of Alicante, atop Rambla M\u00e9ndez N\u00fa\u00f1ez. Surrounded by nice terraces, pubs, restaurants, and shops, and just a five-minute walk from the beach, it is the perfect accommodation for a getaway to Alicante with&hellip;","_links":{"self":[{"href":"https:\/\/theluckyflats.com\/en\/wp-json\/wp\/v2\/pages\/1861","targetHints":{"allow":["GET"]}}],"collection":[{"href":"https:\/\/theluckyflats.com\/en\/wp-json\/wp\/v2\/pages"}],"about":[{"href":"https:\/\/theluckyflats.com\/en\/wp-json\/wp\/v2\/types\/page"}],"author":[{"embeddable":true,"href":"https:\/\/theluckyflats.com\/en\/wp-json\/wp\/v2\/users\/1"}],"replies":[{"embeddable":true,"href":"https:\/\/theluckyflats.com\/en\/wp-json\/wp\/v2\/comments?post=1861"}],"version-history":[{"count":4,"href":"https:\/\/theluckyflats.com\/en\/wp-json\/wp\/v2\/pages\/1861\/revisions"}],"predecessor-version":[{"id":2173,"href":"https:\/\/theluckyflats.com\/en\/wp-json\/wp\/v2\/pages\/1861\/revisions\/2173"}],"wp:featuredmedia":[{"embeddable":true,"href":"https:\/\/theluckyflats.com\/en\/wp-json\/wp\/v2\/media\/678"}],"wp:attachment":[{"href":"https:\/\/theluckyflats.com\/en\/wp-json\/wp\/v2\/media?parent=1861"}],"curies":[{"name":"wp","href":"https:\/\/api.w.org\/{rel}","templated":true}]}}