{"id":106,"date":"2023-11-09T12:46:54","date_gmt":"2023-11-09T11:46:54","guid":{"rendered":"https:\/\/theluckyflats.com\/pagina-ejemplo\/"},"modified":"2024-04-19T10:35:49","modified_gmt":"2024-04-19T08:35:49","slug":"contacto","status":"publish","type":"page","link":"https:\/\/theluckyflats.com\/fr\/contacto\/","title":{"rendered":"Contact"},"content":{"rendered":"\n<div class=\"wp-block-group light-wrapper has-c-text-color has-white-background-color has-text-color has-background has-link-color wp-elements-30df7ead0a57bfed4328fe4c4ae966cd is-layout-constrained wp-container-core-group-is-layout-43564dda wp-block-group-is-layout-constrained\" style=\"padding-top:60px;padding-right:15px;padding-bottom:60px;padding-left:15px\">\n<p class=\"has-text-align-center\">Contactez-nous via le formulaire de contact ci-dessous ou en appelant le num\u00e9ro <a href=\"tel:+34673654181\" target=\"_blank\" rel=\"noreferrer noopener\">673 654 181<\/a>, et nous vous aiderons pour toute question ou pr\u00e9occupation que vous pourriez avoir. Pour effectuer une r\u00e9servation, veuillez contacter notre service de r\u00e9servation en appelant le <a href=\"tel:+34965066076\" target=\"_blank\" rel=\"noreferrer noopener\">965 066 076<\/a>.<\/p>\n<\/div>\n\n\n\n<div class=\"wp-block-uagb-container uagb-block-387f3a51 alignfull uagb-is-root-container\"><div class=\"uagb-container-inner-blocks-wrap\">\n<div class=\"wp-block-uagb-container uagb-block-270adc96\">\n<nav class=\"contact-info-wrapper\">\n\n\t\t<a class=\"address\" href=\"https:\/\/maps.app.goo.gl\/5HdWQwei4F3SSCVZ8\"\n\t\ttarget=\"_blank\" rel=\"noopener noreferrer\">\n\t\t<svg width=\"26\" height=\"26\" viewBox=\"0 0 1024 1024\" xmlns=\"http:\/\/www.w3.org\/2000\/svg\">\n\t\t\t<g id=\"SVGRepo_bgCarrier\" stroke-width=\"0\"><\/g>\n\t\t\t<g id=\"SVGRepo_tracerCarrier\" stroke-linecap=\"round\" stroke-linejoin=\"round\"><\/g>\n\t\t\t<g id=\"SVGRepo_iconCarrier\">\n\t\t\t\t<path\n\t\t\t\t\td=\"M800 416a288 288 0 1 0-576 0c0 118.144 94.528 272.128 288 456.576C705.472 688.128 800 534.144 800 416zM512 960C277.312 746.688 160 565.312 160 416a352 352 0 0 1 704 0c0 149.312-117.312 330.688-352 544z\">\n\t\t\t\t<\/path>\n\t\t\t\t<path\n\t\t\t\t\td=\"M512 448a64 64 0 1 0 0-128 64 64 0 0 0 0 128zm0 64a128 128 0 1 1 0-256 128 128 0 0 1 0 256zm345.6 192L960 960H672v-64H352v64H64l102.4-256h691.2zm-68.928 0H235.328l-76.8 192h706.944l-76.8-192z\">\n\t\t\t\t<\/path>\n\t\t\t<\/g>\n\t\t<\/svg>\n\t\t<span>Calle Poeta Quintana, 44 03005 Alicante (Espagne)<\/span><\/a>\n\t\n\t\t<a class=\"email\" href=\"mailto:info_alc@theluckyflats.com\"\n\t\ttarget=\"_blank\">\n\t\t<svg class=\"\" width=\"20\" height=\"20\" viewBox=\"0 0 16 16\" fill=\"none\" xmlns=\"http:\/\/www.w3.org\/2000\/svg\"\n\t\t\taria-hidden=\"true\" focusable=\"false\">\n\t\t\t<path\n\t\t\t\td=\"M8 0L15.24 4.32C15.48 4.46667 15.6667 4.66667 15.8 4.92C15.9333 5.17333 16 5.44 16 5.72V14.4C16 14.84 15.8433 15.2167 15.53 15.53C15.2167 15.8433 14.84 16 14.4 16H1.6C1.16 16 0.783333 15.8433 0.47 15.53C0.156667 15.2167 0 14.84 0 14.4V5.72C0 5.44 0.0666667 5.17333 0.2 4.92C0.333333 4.66667 0.52 4.46667 0.76 4.32L8 0ZM8 9.32L14.24 5.6L8 1.88L1.76 5.6L8 9.32ZM8 11.2L1.6 7.36V14.4H14.4V7.36L8 11.2Z\" \/>\n\t\t<\/svg>\n\t\t<span\n\t\t\tclass=\"sr-only hidden\">Envoyer un e-mail<\/span>\n\t\t<span>info_alc@theluckyflats.com<\/span>\n\t<\/a>\n\t\n\t\t<a class=\"phone\"\n\t\thref=\"tel:+34965066076\"\n\t\ttarget=\"_blank\">\n\t\t<svg class=\"\" width=\"20\" height=\"20\" viewBox=\"0 0 16 16\" fill=\"none\" xmlns=\"http:\/\/www.w3.org\/2000\/svg\"\n\t\t\taria-hidden=\"true\" focusable=\"false\">\n\t\t\t<path\n\t\t\t\td=\"M15.0667 16C13.2148 16 11.3852 15.5963 9.57778 14.7889C7.77037 13.9815 6.12593 12.837 4.64444 11.3556C3.16296 9.87407 2.01852 8.22963 1.21111 6.42222C0.403704 4.61481 0 2.78519 0 0.933333C0 0.666667 0.0888889 0.444444 0.266667 0.266667C0.444444 0.0888889 0.666667 0 0.933333 0H4.53333C4.74074 0 4.92593 0.0703704 5.08889 0.211111C5.25185 0.351852 5.34815 0.518519 5.37778 0.711111L5.95556 3.82222C5.98519 4.05926 5.97778 4.25926 5.93333 4.42222C5.88889 4.58519 5.80741 4.72593 5.68889 4.84444L3.53333 7.02222C3.82963 7.57037 4.18148 8.1 4.58889 8.61111C4.9963 9.12222 5.44444 9.61481 5.93333 10.0889C6.39259 10.5481 6.87407 10.9741 7.37778 11.3667C7.88148 11.7593 8.41481 12.1185 8.97778 12.4444L11.0667 10.3556C11.2 10.2222 11.3741 10.1222 11.5889 10.0556C11.8037 9.98889 12.0148 9.97037 12.2222 10L15.2889 10.6222C15.4963 10.6815 15.6667 10.7889 15.8 10.9444C15.9333 11.1 16 11.2741 16 11.4667V15.0667C16 15.3333 15.9111 15.5556 15.7333 15.7333C15.5556 15.9111 15.3333 16 15.0667 16ZM2.68889 5.33333L4.15556 3.86667L3.77778 1.77778H1.8C1.87407 2.38519 1.97778 2.98519 2.11111 3.57778C2.24444 4.17037 2.43704 4.75556 2.68889 5.33333ZM10.6444 13.2889C11.2222 13.5407 11.8111 13.7407 12.4111 13.8889C13.0111 14.037 13.6148 14.1333 14.2222 14.1778V12.2222L12.1333 11.8L10.6444 13.2889Z\" \/>\n\t\t<\/svg>\n\t\t<span\n\t\t\tclass=\"sr-only hidden\">Appeler par t\u00e9l\u00e9phone<\/span>\n\t\t<span>+34 965 066 076<\/span>\n\t<\/a>\n\t\n<\/nav>\n\n<\/div>\n\n\n\n<div class=\"wp-block-uagb-container uagb-block-ee642457\">\n<div class=\"wp-block-uagb-advanced-heading uagb-block-45a80257\"><h2 class=\"uagb-heading-text\">FORMULAIRE DE CONTACT<\/h2><\/div>\n\n\n\n<div class=\"wp-block-contact-form-7-contact-form-selector light\">\n<div class=\"wpcf7 no-js\" id=\"wpcf7-f2038-o1\" lang=\"fr-FR\" dir=\"ltr\" data-wpcf7-id=\"2038\">\n<div class=\"screen-reader-response\"><p role=\"status\" aria-live=\"polite\" aria-atomic=\"true\"><\/p> <ul><\/ul><\/div>\n<form action=\"\/fr\/wp-json\/wp\/v2\/pages\/106#wpcf7-f2038-o1\" method=\"post\" class=\"wpcf7-form init mailchimp-ext-0.5.72\" aria-label=\"Formulaire de contact\" novalidate=\"novalidate\" data-status=\"init\">\n<div style=\"display: none;\">\n<input type=\"hidden\" name=\"_wpcf7\" value=\"2038\" \/>\n<input type=\"hidden\" name=\"_wpcf7_version\" value=\"6.0.6\" \/>\n<input type=\"hidden\" name=\"_wpcf7_locale\" value=\"fr_FR\" \/>\n<input type=\"hidden\" name=\"_wpcf7_unit_tag\" value=\"wpcf7-f2038-o1\" \/>\n<input type=\"hidden\" name=\"_wpcf7_container_post\" value=\"0\" \/>\n<input type=\"hidden\" name=\"_wpcf7_posted_data_hash\" value=\"\" \/>\n<input type=\"hidden\" name=\"_wpcf7_recaptcha_response\" value=\"\" \/>\n<\/div>\n<div class=\"form-wrapper contact light light-wrapper flex flex-wrap  mx-auto \">\n\t<div class=\"w-full row col\">\n\t\t<p><span class=\"wpcf7-form-control-wrap\" data-name=\"your-name\"><input size=\"40\" maxlength=\"400\" class=\"wpcf7-form-control wpcf7-text wpcf7-validates-as-required border px-4 py-2 w-full\" aria-required=\"true\" aria-invalid=\"false\" placeholder=\"Nom*\" value=\"\" type=\"text\" name=\"your-name\" \/><\/span>\n\t\t<\/p>\n\t<\/div>\n\t<div class=\"w-full row col\">\n\t\t<p><span class=\"wpcf7-form-control-wrap\" data-name=\"your-surnames\"><input size=\"40\" maxlength=\"400\" class=\"wpcf7-form-control wpcf7-text wpcf7-validates-as-required border px-4 py-2 w-full\" aria-required=\"true\" aria-invalid=\"false\" placeholder=\"Nom de famille\" value=\"\" type=\"text\" name=\"your-surnames\" \/><\/span>\n\t\t<\/p>\n\t<\/div>\n\t<div class=\"w-full row col\">\n\t\t<p><span class=\"wpcf7-form-control-wrap\" data-name=\"your-email\"><input size=\"40\" maxlength=\"400\" class=\"wpcf7-form-control wpcf7-email wpcf7-validates-as-required wpcf7-text wpcf7-validates-as-email border px-4 py-2 w-full\" aria-required=\"true\" aria-invalid=\"false\" placeholder=\"Email*\" value=\"\" type=\"email\" name=\"your-email\" \/><\/span>\n\t\t<\/p>\n\t<\/div>\n\t<div class=\"w-full row col\">\n\t\t<p><span class=\"wpcf7-form-control-wrap\" data-name=\"phone\"><input size=\"40\" maxlength=\"400\" class=\"wpcf7-form-control wpcf7-text border px-4 py-2 w-full\" aria-invalid=\"false\" placeholder=\"T\u00e9l\u00e9phone\" value=\"\" type=\"text\" name=\"phone\" \/><\/span>\n\t\t<\/p>\n\t<\/div>\n\t<div class=\"w-full row\">\n\t\t<p><span class=\"wpcf7-form-control-wrap\" data-name=\"your-message\"><textarea cols=\"40\" rows=\"4\" maxlength=\"2000\" class=\"wpcf7-form-control wpcf7-textarea wpcf7-validates-as-required border px-4 py-2 w-full\" aria-required=\"true\" aria-invalid=\"false\" placeholder=\"Message*\" name=\"your-message\"><\/textarea><\/span>\n\t\t<\/p>\n\t<\/div>\n\t<div class=\"w-full col row row-acceptance \">\n\t\t<p><label for=\"acceptance\"><span class=\"wpcf7-form-control-wrap\" data-name=\"your-acceptance\"><span class=\"wpcf7-form-control wpcf7-acceptance\"><span class=\"wpcf7-list-item\"><input type=\"checkbox\" name=\"your-acceptance\" value=\"1\" id=\"acceptance\" aria-invalid=\"false\" \/><\/span><\/span><\/span> <span class=\"text-medium\"> J'ai lu et j'accepte <a class=\"text-primary hover:text-primary\" href=\"\/politica-privacidad\" target=\"_blank\">la Politique de confidentialit\u00e9<\/a><\/span><\/label>\n\t\t<\/p>\n\t<\/div>\n\t<div class=\"w-full row col row-submit text-center\">\n\t\t<p><input class=\"wpcf7-form-control wpcf7-submit has-spinner bg-primary text-white w-full block\" type=\"submit\" value=\"Envoyer\" \/>\n\t\t<\/p>\n\t<\/div>\n\t<p><span id=\"wpcf7-69e7769f770ea-wrapper\" class=\"wpcf7-form-control-wrap senuelo-wrap\" style=\"display:none !important; visibility:hidden !important;\"><input id=\"senuelo\"  class=\"wpcf7-form-control wpcf7-text\" type=\"text\" name=\"senuelo\" value=\"\" size=\"40\" tabindex=\"-1\" autocomplete=\"new-password\" \/><\/span>\n\t<\/p>\n<\/div><p style=\"display: none !important;\" class=\"akismet-fields-container\" data-prefix=\"_wpcf7_ak_\"><label>&#916;<textarea name=\"_wpcf7_ak_hp_textarea\" cols=\"45\" rows=\"8\" maxlength=\"100\"><\/textarea><\/label><input type=\"hidden\" id=\"ak_js_1\" name=\"_wpcf7_ak_js\" value=\"50\"\/><script>document.getElementById( \"ak_js_1\" ).setAttribute( \"value\", ( new Date() ).getTime() );<\/script><\/p><div class=\"wpcf7-response-output\" aria-hidden=\"true\"><\/div><p style=\"display: none !important\"><span class=\"wpcf7-form-control-wrap referer-page\"><input type=\"hidden\" name=\"referer-page\" value=\"http:\/\/Direct%20Visit\" data-value=\"http:\/\/Direct%20Visit\" class=\"wpcf7-form-control wpcf7-text referer-page\" aria-invalid=\"false\"><\/span><\/p>\n<!-- Chimpmatic extension by Renzo Johnson -->\n<\/form>\n<\/div>\n<\/div>\n<\/div>\n<\/div><\/div>\n","protected":false},"excerpt":{"rendered":"<p>Contactez-nous via le formulaire de contact ci-dessous ou en appelant le num\u00e9ro 673 654 181, et nous vous aiderons pour toute question ou pr\u00e9occupation que vous pourriez avoir. Pour effectuer une r\u00e9servation, veuillez contacter notre service de r\u00e9servation en appelant le 965 066 076. FORMULAIRE DE CONTACT<\/p>\n","protected":false},"author":1,"featured_media":1141,"parent":0,"menu_order":0,"comment_status":"closed","ping_status":"closed","template":"","meta":{"_acf_changed":false,"inline_featured_image":false,"_uag_custom_page_level_css":"","footnotes":""},"class_list":["post-106","page","type-page","status-publish","has-post-thumbnail","hentry"],"acf":[],"yoast_head":"<!-- This site is optimized with the Yoast SEO plugin v25.0 - https:\/\/yoast.com\/wordpress\/plugins\/seo\/ -->\n<title>Contact - Lucky Flats<\/title>\n<meta name=\"description\" content=\"Nous sommes pr\u00eats \u00e0 vous aider \u00e0 planifier votre s\u00e9jour parfait \u00e0 Alicante, \u00e9crivez-nous et commencez votre voyage inoubliable !\" \/>\n<meta name=\"robots\" content=\"index, follow, max-snippet:-1, max-image-preview:large, max-video-preview:-1\" \/>\n<link rel=\"canonical\" href=\"https:\/\/theluckyflats.com\/fr\/contacto\/\" \/>\n<meta property=\"og:locale\" content=\"fr_FR\" \/>\n<meta property=\"og:type\" content=\"article\" \/>\n<meta property=\"og:title\" content=\"Contact - Lucky Flats\" \/>\n<meta property=\"og:description\" content=\"Nous sommes pr\u00eats \u00e0 vous aider \u00e0 planifier votre s\u00e9jour parfait \u00e0 Alicante, \u00e9crivez-nous et commencez votre voyage inoubliable !\" \/>\n<meta property=\"og:url\" content=\"https:\/\/theluckyflats.com\/fr\/contacto\/\" \/>\n<meta property=\"og:site_name\" content=\"Lucky Flats\" \/>\n<meta property=\"article:modified_time\" content=\"2024-04-19T08:35:49+00:00\" \/>\n<meta property=\"og:image\" content=\"https:\/\/theluckyflats.com\/wp-content\/uploads\/2023\/12\/contacto.min_.jpg\" \/>\n\t<meta property=\"og:image:width\" content=\"1920\" \/>\n\t<meta property=\"og:image:height\" content=\"1221\" \/>\n\t<meta property=\"og:image:type\" content=\"image\/jpeg\" \/>\n<meta name=\"twitter:card\" content=\"summary_large_image\" \/>\n<meta name=\"twitter:label1\" content=\"Dur\u00e9e de lecture estim\u00e9e\" \/>\n\t<meta name=\"twitter:data1\" content=\"1 minute\" \/>\n<script type=\"application\/ld+json\" class=\"yoast-schema-graph\">{\"@context\":\"https:\/\/schema.org\",\"@graph\":[{\"@type\":\"WebPage\",\"@id\":\"https:\/\/theluckyflats.com\/fr\/contacto\/\",\"url\":\"https:\/\/theluckyflats.com\/fr\/contacto\/\",\"name\":\"Contact - Lucky Flats\",\"isPartOf\":{\"@id\":\"https:\/\/theluckyflats.com\/fr\/#website\"},\"primaryImageOfPage\":{\"@id\":\"https:\/\/theluckyflats.com\/fr\/contacto\/#primaryimage\"},\"image\":{\"@id\":\"https:\/\/theluckyflats.com\/fr\/contacto\/#primaryimage\"},\"thumbnailUrl\":\"https:\/\/theluckyflats.com\/wp-content\/uploads\/2023\/12\/contacto.min_.jpg\",\"datePublished\":\"2023-11-09T11:46:54+00:00\",\"dateModified\":\"2024-04-19T08:35:49+00:00\",\"description\":\"Nous sommes pr\u00eats \u00e0 vous aider \u00e0 planifier votre s\u00e9jour parfait \u00e0 Alicante, \u00e9crivez-nous et commencez votre voyage inoubliable !\",\"inLanguage\":\"fr-FR\",\"potentialAction\":[{\"@type\":\"ReadAction\",\"target\":[\"https:\/\/theluckyflats.com\/fr\/contacto\/\"]}]},{\"@type\":\"ImageObject\",\"inLanguage\":\"fr-FR\",\"@id\":\"https:\/\/theluckyflats.com\/fr\/contacto\/#primaryimage\",\"url\":\"https:\/\/theluckyflats.com\/wp-content\/uploads\/2023\/12\/contacto.min_.jpg\",\"contentUrl\":\"https:\/\/theluckyflats.com\/wp-content\/uploads\/2023\/12\/contacto.min_.jpg\",\"width\":1920,\"height\":1221},{\"@type\":\"WebSite\",\"@id\":\"https:\/\/theluckyflats.com\/fr\/#website\",\"url\":\"https:\/\/theluckyflats.com\/fr\/\",\"name\":\"Lucky Flats\",\"description\":\"\",\"potentialAction\":[{\"@type\":\"SearchAction\",\"target\":{\"@type\":\"EntryPoint\",\"urlTemplate\":\"https:\/\/theluckyflats.com\/fr\/?s={search_term_string}\"},\"query-input\":{\"@type\":\"PropertyValueSpecification\",\"valueRequired\":true,\"valueName\":\"search_term_string\"}}],\"inLanguage\":\"fr-FR\"}]}<\/script>\n<!-- \/ Yoast SEO plugin. -->","yoast_head_json":{"title":"Contact - Lucky Flats","description":"Nous sommes pr\u00eats \u00e0 vous aider \u00e0 planifier votre s\u00e9jour parfait \u00e0 Alicante, \u00e9crivez-nous et commencez votre voyage inoubliable !","robots":{"index":"index","follow":"follow","max-snippet":"max-snippet:-1","max-image-preview":"max-image-preview:large","max-video-preview":"max-video-preview:-1"},"canonical":"https:\/\/theluckyflats.com\/fr\/contacto\/","og_locale":"fr_FR","og_type":"article","og_title":"Contact - Lucky Flats","og_description":"Nous sommes pr\u00eats \u00e0 vous aider \u00e0 planifier votre s\u00e9jour parfait \u00e0 Alicante, \u00e9crivez-nous et commencez votre voyage inoubliable !","og_url":"https:\/\/theluckyflats.com\/fr\/contacto\/","og_site_name":"Lucky Flats","article_modified_time":"2024-04-19T08:35:49+00:00","og_image":[{"width":1920,"height":1221,"url":"https:\/\/theluckyflats.com\/wp-content\/uploads\/2023\/12\/contacto.min_.jpg","type":"image\/jpeg"}],"twitter_card":"summary_large_image","twitter_misc":{"Dur\u00e9e de lecture estim\u00e9e":"1 minute"},"schema":{"@context":"https:\/\/schema.org","@graph":[{"@type":"WebPage","@id":"https:\/\/theluckyflats.com\/fr\/contacto\/","url":"https:\/\/theluckyflats.com\/fr\/contacto\/","name":"Contact - Lucky Flats","isPartOf":{"@id":"https:\/\/theluckyflats.com\/fr\/#website"},"primaryImageOfPage":{"@id":"https:\/\/theluckyflats.com\/fr\/contacto\/#primaryimage"},"image":{"@id":"https:\/\/theluckyflats.com\/fr\/contacto\/#primaryimage"},"thumbnailUrl":"https:\/\/theluckyflats.com\/wp-content\/uploads\/2023\/12\/contacto.min_.jpg","datePublished":"2023-11-09T11:46:54+00:00","dateModified":"2024-04-19T08:35:49+00:00","description":"Nous sommes pr\u00eats \u00e0 vous aider \u00e0 planifier votre s\u00e9jour parfait \u00e0 Alicante, \u00e9crivez-nous et commencez votre voyage inoubliable !","inLanguage":"fr-FR","potentialAction":[{"@type":"ReadAction","target":["https:\/\/theluckyflats.com\/fr\/contacto\/"]}]},{"@type":"ImageObject","inLanguage":"fr-FR","@id":"https:\/\/theluckyflats.com\/fr\/contacto\/#primaryimage","url":"https:\/\/theluckyflats.com\/wp-content\/uploads\/2023\/12\/contacto.min_.jpg","contentUrl":"https:\/\/theluckyflats.com\/wp-content\/uploads\/2023\/12\/contacto.min_.jpg","width":1920,"height":1221},{"@type":"WebSite","@id":"https:\/\/theluckyflats.com\/fr\/#website","url":"https:\/\/theluckyflats.com\/fr\/","name":"Lucky Flats","description":"","potentialAction":[{"@type":"SearchAction","target":{"@type":"EntryPoint","urlTemplate":"https:\/\/theluckyflats.com\/fr\/?s={search_term_string}"},"query-input":{"@type":"PropertyValueSpecification","valueRequired":true,"valueName":"search_term_string"}}],"inLanguage":"fr-FR"}]}},"uagb_featured_image_src":{"full":["https:\/\/theluckyflats.com\/wp-content\/uploads\/2023\/12\/contacto.min_.jpg",1920,1221,false],"thumbnail":["https:\/\/theluckyflats.com\/wp-content\/uploads\/2023\/12\/contacto.min_-150x150.jpg",150,150,true],"medium":["https:\/\/theluckyflats.com\/wp-content\/uploads\/2023\/12\/contacto.min_-300x191.jpg",300,191,true],"medium_large":["https:\/\/theluckyflats.com\/wp-content\/uploads\/2023\/12\/contacto.min_-768x488.jpg",768,488,true],"large":["https:\/\/theluckyflats.com\/wp-content\/uploads\/2023\/12\/contacto.min_-1024x651.jpg",1024,651,true],"1536x1536":["https:\/\/theluckyflats.com\/wp-content\/uploads\/2023\/12\/contacto.min_-1536x977.jpg",1536,977,true],"2048x2048":["https:\/\/theluckyflats.com\/wp-content\/uploads\/2023\/12\/contacto.min_.jpg",1920,1221,false]},"uagb_author_info":{"display_name":"@oscar","author_link":"https:\/\/theluckyflats.com\/fr\/author\/oscar\/"},"uagb_comment_info":0,"uagb_excerpt":"Contactez-nous via le formulaire de contact ci-dessous ou en appelant le num\u00e9ro 673 654 181, et nous vous aiderons pour toute question ou pr\u00e9occupation que vous pourriez avoir. Pour effectuer une r\u00e9servation, veuillez contacter notre service de r\u00e9servation en appelant le 965 066 076. FORMULAIRE DE CONTACT","_links":{"self":[{"href":"https:\/\/theluckyflats.com\/fr\/wp-json\/wp\/v2\/pages\/106","targetHints":{"allow":["GET"]}}],"collection":[{"href":"https:\/\/theluckyflats.com\/fr\/wp-json\/wp\/v2\/pages"}],"about":[{"href":"https:\/\/theluckyflats.com\/fr\/wp-json\/wp\/v2\/types\/page"}],"author":[{"embeddable":true,"href":"https:\/\/theluckyflats.com\/fr\/wp-json\/wp\/v2\/users\/1"}],"replies":[{"embeddable":true,"href":"https:\/\/theluckyflats.com\/fr\/wp-json\/wp\/v2\/comments?post=106"}],"version-history":[{"count":4,"href":"https:\/\/theluckyflats.com\/fr\/wp-json\/wp\/v2\/pages\/106\/revisions"}],"predecessor-version":[{"id":1907,"href":"https:\/\/theluckyflats.com\/fr\/wp-json\/wp\/v2\/pages\/106\/revisions\/1907"}],"wp:featuredmedia":[{"embeddable":true,"href":"https:\/\/theluckyflats.com\/fr\/wp-json\/wp\/v2\/media\/1141"}],"wp:attachment":[{"href":"https:\/\/theluckyflats.com\/fr\/wp-json\/wp\/v2\/media?parent=106"}],"curies":[{"name":"wp","href":"https:\/\/api.w.org\/{rel}","templated":true}]}}