{"id":1909,"date":"2023-12-19T18:24:12","date_gmt":"2023-12-19T17:24:12","guid":{"rendered":"https:\/\/theluckyflats.com\/apartamentos-independientes\/"},"modified":"2024-04-19T10:37:37","modified_gmt":"2024-04-19T08:37:37","slug":"grand-apartments","status":"publish","type":"page","link":"https:\/\/theluckyflats.com\/fr\/grand-apartments\/","title":{"rendered":"Grand Apartments"},"content":{"rendered":"\n<section class=\"wp-block-group has-c-text-color has-white-background-color has-text-color has-background has-link-color wp-elements-3380d943ea7256cbb897e6ae32231f8b is-layout-constrained wp-container-core-group-is-layout-43564dda wp-block-group-is-layout-constrained\" style=\"padding-top:60px;padding-right:15px;padding-bottom:60px;padding-left:15px\">\n<p class=\"has-text-align-center\"><em>Profitez d&rsquo;Alicante comme un vrai alicantin<\/em><\/p>\n\n\n\n<p class=\"has-text-align-center\">The Lucky Flats propose \u00e9galement des appartements touristiques ind\u00e9pendants dans diff\u00e9rents b\u00e2timents du centre d&rsquo;Alicante : Belando, Luceros, Pintor Sorolla et Liorna. Ils offrent la m\u00eame qualit\u00e9 et le m\u00eame service que les autres appartements de The Lucky Flats, mais \u00e9tant situ\u00e9s dans des immeubles priv\u00e9s, ils sont id\u00e9aux pour les voyageurs qui pr\u00e9f\u00e8rent vivre une exp\u00e9rience plus locale.<\/p>\n\n\n\n<p class=\"has-text-align-center\">Les appartements ind\u00e9pendants de The Lucky Flats sont enti\u00e8rement \u00e9quip\u00e9s, accueillants, spacieux et lumineux. Ils offrent une connexion Wi-Fi gratuite et un service t\u00e9l\u00e9phonique disponible 24 heures sur 24.<\/p>\n<\/section>\n\n\n\n\n<section class=\"content-wrapper | apartments-archive \">\n\n\t\t\t\n\t<article class=\"\">\n\t\t<div class=\"article-wrapper\">\n\t\t\t<a href=\"https:\/\/theluckyflats.com\/fr\/appartement\/belando-quintana-apt-3-dormitorios\/\">\n\t\t\t\t<figure>\n\t\t\t\t\t<img loading=\"lazy\" decoding=\"async\" width=\"1024\" height=\"683\" src=\"https:\/\/theluckyflats.com\/wp-content\/uploads\/2023\/12\/e2e32e8370c314c-1024x683.webp\" class=\"attachment-large size-large wp-post-image\" alt=\"\" srcset=\"https:\/\/theluckyflats.com\/wp-content\/uploads\/2023\/12\/e2e32e8370c314c-1024x683.webp 1024w, https:\/\/theluckyflats.com\/wp-content\/uploads\/2023\/12\/e2e32e8370c314c-300x200.webp 300w, https:\/\/theluckyflats.com\/wp-content\/uploads\/2023\/12\/e2e32e8370c314c-768x512.webp 768w, https:\/\/theluckyflats.com\/wp-content\/uploads\/2023\/12\/e2e32e8370c314c-1536x1024.webp 1536w, https:\/\/theluckyflats.com\/wp-content\/uploads\/2023\/12\/e2e32e8370c314c.webp 1600w\" sizes=\"auto, (max-width: 1024px) 100vw, 1024px\" \/>\t\t\t\t<\/figure>\n\t\t\t<\/a>\n\t\t\t<div class=\"content\">\n\t\t\t\t\n\t\t\t\t<a href=\"https:\/\/theluckyflats.com\/fr\/appartement\/belando-quintana-apt-3-dormitorios\/\">\n\t\t\t\t\t<h2>\n\t\t\t\t\t\t    <span\n        class=\"nunito small\">BELANDO QUINTANA<\/span>\n        APT 3 CHAMBRES    \n    \n    \t\t\t\t\t<\/h2>\n\t\t\t\t<\/a>\n\n\t\t\t\t<div class=\"\">\n\t\t\t\t\t<p>Appartement de trois chambres et deux salles de bains, spacieux et confortable. Il est d\u00e9cor\u00e9 dans un style frais et soign\u00e9 qui vous procurera une grande sensation de confort. De plus, il dispose d&rsquo;un petit balcon accueillant.<\/p>\n                    \n                                             \n                        <span><strong>Taille de l&rsquo;appartement :<\/strong> 115m\u00b2<\/span>\n                    \n\t\t\t\t\t<a class=\"link\" href=\"https:\/\/theluckyflats.com\/fr\/appartement\/belando-quintana-apt-3-dormitorios\/\">\n\t\t\t\t\t\t<span>Voir l&rsquo;appartement<\/span>\n\t\t\t\t\t\t<svg class=\"\" width=\"24\" height=\"9\" viewBox=\"0 0 24 9\" fill=\"none\"\n\t\t\t\t\t\t\txmlns=\"http:\/\/www.w3.org\/2000\/svg\">\n\t\t\t\t\t\t\t<path\n\t\t\t\t\t\t\t\td=\"M23.3536 4.85355C23.5488 4.65829 23.5488 4.34171 23.3536 4.14645L20.1716 0.964466C19.9763 0.769204 19.6597 0.769204 19.4645 0.964466C19.2692 1.15973 19.2692 1.47631 19.4645 1.67157L22.2929 4.5L19.4645 7.32843C19.2692 7.52369 19.2692 7.84027 19.4645 8.03553C19.6597 8.2308 19.9763 8.2308 20.1716 8.03553L23.3536 4.85355ZM0 5H23V4H0V5Z\" \/>\n\t\t\t\t\t\t<\/svg>\n\t\t\t\t\t<\/a>\n\t\t\t\t<\/div>\n\t\t\t<\/div>\n\t\t<\/div>\n\t<\/article>\n\n\t\t\t\n\t<article class=\"\">\n\t\t<div class=\"article-wrapper\">\n\t\t\t<a href=\"https:\/\/theluckyflats.com\/fr\/appartement\/liorna-apt-2-dormitorios\/\">\n\t\t\t\t<figure>\n\t\t\t\t\t<img loading=\"lazy\" decoding=\"async\" width=\"1024\" height=\"682\" src=\"https:\/\/theluckyflats.com\/wp-content\/uploads\/2023\/12\/21_2_11zon.webp\" class=\"attachment-large size-large wp-post-image\" alt=\"\" srcset=\"https:\/\/theluckyflats.com\/wp-content\/uploads\/2023\/12\/21_2_11zon.webp 1024w, https:\/\/theluckyflats.com\/wp-content\/uploads\/2023\/12\/21_2_11zon-300x200.webp 300w, https:\/\/theluckyflats.com\/wp-content\/uploads\/2023\/12\/21_2_11zon-768x512.webp 768w\" sizes=\"auto, (max-width: 1024px) 100vw, 1024px\" \/>\t\t\t\t<\/figure>\n\t\t\t<\/a>\n\t\t\t<div class=\"content\">\n\t\t\t\t\n\t\t\t\t<a href=\"https:\/\/theluckyflats.com\/fr\/appartement\/liorna-apt-2-dormitorios\/\">\n\t\t\t\t\t<h2>\n\t\t\t\t\t\t    <span\n        class=\"nunito small\">LIORNA<\/span>\n        APT. 2 CHAMBRES    \n    \n    \t\t\t\t\t<\/h2>\n\t\t\t\t<\/a>\n\n\t\t\t\t<div class=\"\">\n\t\t\t\t\t<p>L&rsquo;appartement Liorna est situ\u00e9 au c\u0153ur de la ville d&rsquo;Alicante, id\u00e9al pour les familles ou les amis. Il dispose de deux chambres, tr\u00e8s confortable, technologiquement efficace et d\u00e9cor\u00e9 dans des tons doux o\u00f9 les \u00e9l\u00e9ments naturels se fondent avec des meubles et des accessoires de design.<\/p>\n                    \n                                             \n                        <span><strong>Taille de l&rsquo;appartement :<\/strong> 120m\u00b2<\/span>\n                    \n\t\t\t\t\t<a class=\"link\" href=\"https:\/\/theluckyflats.com\/fr\/appartement\/liorna-apt-2-dormitorios\/\">\n\t\t\t\t\t\t<span>Voir l&rsquo;appartement<\/span>\n\t\t\t\t\t\t<svg class=\"\" width=\"24\" height=\"9\" viewBox=\"0 0 24 9\" fill=\"none\"\n\t\t\t\t\t\t\txmlns=\"http:\/\/www.w3.org\/2000\/svg\">\n\t\t\t\t\t\t\t<path\n\t\t\t\t\t\t\t\td=\"M23.3536 4.85355C23.5488 4.65829 23.5488 4.34171 23.3536 4.14645L20.1716 0.964466C19.9763 0.769204 19.6597 0.769204 19.4645 0.964466C19.2692 1.15973 19.2692 1.47631 19.4645 1.67157L22.2929 4.5L19.4645 7.32843C19.2692 7.52369 19.2692 7.84027 19.4645 8.03553C19.6597 8.2308 19.9763 8.2308 20.1716 8.03553L23.3536 4.85355ZM0 5H23V4H0V5Z\" \/>\n\t\t\t\t\t\t<\/svg>\n\t\t\t\t\t<\/a>\n\t\t\t\t<\/div>\n\t\t\t<\/div>\n\t\t<\/div>\n\t<\/article>\n\n\t\t\t\n\t<article class=\"\">\n\t\t<div class=\"article-wrapper\">\n\t\t\t<a href=\"https:\/\/theluckyflats.com\/fr\/appartement\/luceros-apt-3-dormitorios\/\">\n\t\t\t\t<figure>\n\t\t\t\t\t<img loading=\"lazy\" decoding=\"async\" width=\"1024\" height=\"683\" src=\"https:\/\/theluckyflats.com\/wp-content\/uploads\/2023\/12\/400362fc5ef9b91-1024x683.webp\" class=\"attachment-large size-large wp-post-image\" alt=\"\" srcset=\"https:\/\/theluckyflats.com\/wp-content\/uploads\/2023\/12\/400362fc5ef9b91-1024x683.webp 1024w, https:\/\/theluckyflats.com\/wp-content\/uploads\/2023\/12\/400362fc5ef9b91-300x200.webp 300w, https:\/\/theluckyflats.com\/wp-content\/uploads\/2023\/12\/400362fc5ef9b91-768x512.webp 768w, https:\/\/theluckyflats.com\/wp-content\/uploads\/2023\/12\/400362fc5ef9b91-1536x1024.webp 1536w, https:\/\/theluckyflats.com\/wp-content\/uploads\/2023\/12\/400362fc5ef9b91.webp 1600w\" sizes=\"auto, (max-width: 1024px) 100vw, 1024px\" \/>\t\t\t\t<\/figure>\n\t\t\t<\/a>\n\t\t\t<div class=\"content\">\n\t\t\t\t\n\t\t\t\t<a href=\"https:\/\/theluckyflats.com\/fr\/appartement\/luceros-apt-3-dormitorios\/\">\n\t\t\t\t\t<h2>\n\t\t\t\t\t\t    <span\n        class=\"nunito small\">LUCEROS <\/span>\n        APT. 3 CHAMBRES    \n    \n    \t\t\t\t\t<\/h2>\n\t\t\t\t<\/a>\n\n\t\t\t\t<div class=\"\">\n\t\t\t\t\t<p>Appartement de trois chambres, spacieux et lumineux. Sa d\u00e9coration est moderne et simple, avec une ligne contemporaine \u00e0 la fois d\u00e9licate.<\/p>\n                    \n                                             \n                        <span><strong>Taille de l&rsquo;appartement :<\/strong> 110m\u00b2<\/span>\n                    \n\t\t\t\t\t<a class=\"link\" href=\"https:\/\/theluckyflats.com\/fr\/appartement\/luceros-apt-3-dormitorios\/\">\n\t\t\t\t\t\t<span>Voir l&rsquo;appartement<\/span>\n\t\t\t\t\t\t<svg class=\"\" width=\"24\" height=\"9\" viewBox=\"0 0 24 9\" fill=\"none\"\n\t\t\t\t\t\t\txmlns=\"http:\/\/www.w3.org\/2000\/svg\">\n\t\t\t\t\t\t\t<path\n\t\t\t\t\t\t\t\td=\"M23.3536 4.85355C23.5488 4.65829 23.5488 4.34171 23.3536 4.14645L20.1716 0.964466C19.9763 0.769204 19.6597 0.769204 19.4645 0.964466C19.2692 1.15973 19.2692 1.47631 19.4645 1.67157L22.2929 4.5L19.4645 7.32843C19.2692 7.52369 19.2692 7.84027 19.4645 8.03553C19.6597 8.2308 19.9763 8.2308 20.1716 8.03553L23.3536 4.85355ZM0 5H23V4H0V5Z\" \/>\n\t\t\t\t\t\t<\/svg>\n\t\t\t\t\t<\/a>\n\t\t\t\t<\/div>\n\t\t\t<\/div>\n\t\t<\/div>\n\t<\/article>\n\n\t\t\t\n\t<article class=\"\">\n\t\t<div class=\"article-wrapper\">\n\t\t\t<a href=\"https:\/\/theluckyflats.com\/fr\/appartement\/pintor-sorolla-apt-3-dormitorios\/\">\n\t\t\t\t<figure>\n\t\t\t\t\t<img loading=\"lazy\" decoding=\"async\" width=\"1024\" height=\"683\" src=\"https:\/\/theluckyflats.com\/wp-content\/uploads\/2023\/12\/0fc57a3589dad0a-1024x683.webp\" class=\"attachment-large size-large wp-post-image\" alt=\"\" srcset=\"https:\/\/theluckyflats.com\/wp-content\/uploads\/2023\/12\/0fc57a3589dad0a-1024x683.webp 1024w, https:\/\/theluckyflats.com\/wp-content\/uploads\/2023\/12\/0fc57a3589dad0a-300x200.webp 300w, https:\/\/theluckyflats.com\/wp-content\/uploads\/2023\/12\/0fc57a3589dad0a-768x512.webp 768w, https:\/\/theluckyflats.com\/wp-content\/uploads\/2023\/12\/0fc57a3589dad0a-1536x1024.webp 1536w, https:\/\/theluckyflats.com\/wp-content\/uploads\/2023\/12\/0fc57a3589dad0a.webp 1600w\" sizes=\"auto, (max-width: 1024px) 100vw, 1024px\" \/>\t\t\t\t<\/figure>\n\t\t\t<\/a>\n\t\t\t<div class=\"content\">\n\t\t\t\t\n\t\t\t\t<a href=\"https:\/\/theluckyflats.com\/fr\/appartement\/pintor-sorolla-apt-3-dormitorios\/\">\n\t\t\t\t\t<h2>\n\t\t\t\t\t\t    <span\n        class=\"nunito small\">PINTOR SOROLLA<\/span>\n        APT. 3 CHAMBRES    \n    \n    \t\t\t\t\t<\/h2>\n\t\t\t\t<\/a>\n\n\t\t\t\t<div class=\"\">\n\t\t\t\t\t<p>Cet appartement de trois chambres est particuli\u00e8rement lumineux et accueillant. Spacieux et dot\u00e9 d&rsquo;une esth\u00e9tique fra\u00eeche et contemporaine, il met en avant la d\u00e9coration et le confort.<\/p>\n                    \n                                             \n                        <span><strong>Taille de l&rsquo;appartement :<\/strong> 135m\u00b2<\/span>\n                    \n\t\t\t\t\t<a class=\"link\" href=\"https:\/\/theluckyflats.com\/fr\/appartement\/pintor-sorolla-apt-3-dormitorios\/\">\n\t\t\t\t\t\t<span>Voir l&rsquo;appartement<\/span>\n\t\t\t\t\t\t<svg class=\"\" width=\"24\" height=\"9\" viewBox=\"0 0 24 9\" fill=\"none\"\n\t\t\t\t\t\t\txmlns=\"http:\/\/www.w3.org\/2000\/svg\">\n\t\t\t\t\t\t\t<path\n\t\t\t\t\t\t\t\td=\"M23.3536 4.85355C23.5488 4.65829 23.5488 4.34171 23.3536 4.14645L20.1716 0.964466C19.9763 0.769204 19.6597 0.769204 19.4645 0.964466C19.2692 1.15973 19.2692 1.47631 19.4645 1.67157L22.2929 4.5L19.4645 7.32843C19.2692 7.52369 19.2692 7.84027 19.4645 8.03553C19.6597 8.2308 19.9763 8.2308 20.1716 8.03553L23.3536 4.85355ZM0 5H23V4H0V5Z\" \/>\n\t\t\t\t\t\t<\/svg>\n\t\t\t\t\t<\/a>\n\t\t\t\t<\/div>\n\t\t\t<\/div>\n\t\t<\/div>\n\t<\/article>\n\n\t\t\n\n\n\n<\/section>\n\n\n","protected":false},"excerpt":{"rendered":"<p>Profitez d&rsquo;Alicante comme un vrai alicantin The Lucky Flats propose \u00e9galement des appartements touristiques ind\u00e9pendants dans diff\u00e9rents b\u00e2timents du centre d&rsquo;Alicante : Belando, Luceros, Pintor Sorolla et Liorna. Ils offrent la m\u00eame qualit\u00e9 et le m\u00eame service que les autres appartements de The Lucky Flats, mais \u00e9tant situ\u00e9s dans des immeubles priv\u00e9s, ils sont id\u00e9aux [&hellip;]<\/p>\n","protected":false},"author":1,"featured_media":377,"parent":0,"menu_order":0,"comment_status":"closed","ping_status":"closed","template":"","meta":{"_acf_changed":false,"inline_featured_image":false,"_uag_custom_page_level_css":"","footnotes":""},"class_list":["post-1909","page","type-page","status-publish","has-post-thumbnail","hentry"],"acf":[],"yoast_head":"<!-- This site is optimized with the Yoast SEO plugin v25.0 - https:\/\/yoast.com\/wordpress\/plugins\/seo\/ -->\n<title>Grand Apartments - Lucky Flats<\/title>\n<meta name=\"description\" content=\"Appartements ind\u00e9pendants et confortables au c\u0153ur d&#039;Alicante. Parfait pour un s\u00e9jour unique, r\u00e9servez votre escapade id\u00e9ale d\u00e8s maintenant !\" \/>\n<meta name=\"robots\" content=\"index, follow, max-snippet:-1, max-image-preview:large, max-video-preview:-1\" \/>\n<link rel=\"canonical\" href=\"https:\/\/theluckyflats.com\/fr\/grand-apartments\/\" \/>\n<meta property=\"og:locale\" content=\"fr_FR\" \/>\n<meta property=\"og:type\" content=\"article\" \/>\n<meta property=\"og:title\" content=\"Grand Apartments - Lucky Flats\" \/>\n<meta property=\"og:description\" content=\"Appartements ind\u00e9pendants et confortables au c\u0153ur d&#039;Alicante. Parfait pour un s\u00e9jour unique, r\u00e9servez votre escapade id\u00e9ale d\u00e8s maintenant !\" \/>\n<meta property=\"og:url\" content=\"https:\/\/theluckyflats.com\/fr\/grand-apartments\/\" \/>\n<meta property=\"og:site_name\" content=\"Lucky Flats\" \/>\n<meta property=\"article:modified_time\" content=\"2024-04-19T08:37:37+00:00\" \/>\n<meta property=\"og:image\" content=\"https:\/\/theluckyflats.com\/wp-content\/uploads\/2023\/12\/234c9b620a2397a.webp\" \/>\n\t<meta property=\"og:image:width\" content=\"1600\" \/>\n\t<meta property=\"og:image:height\" content=\"1067\" \/>\n\t<meta property=\"og:image:type\" content=\"image\/webp\" \/>\n<meta name=\"twitter:card\" content=\"summary_large_image\" \/>\n<meta name=\"twitter:label1\" content=\"Dur\u00e9e de lecture estim\u00e9e\" \/>\n\t<meta name=\"twitter:data1\" content=\"1 minute\" \/>\n<script type=\"application\/ld+json\" class=\"yoast-schema-graph\">{\"@context\":\"https:\/\/schema.org\",\"@graph\":[{\"@type\":\"WebPage\",\"@id\":\"https:\/\/theluckyflats.com\/fr\/grand-apartments\/\",\"url\":\"https:\/\/theluckyflats.com\/fr\/grand-apartments\/\",\"name\":\"Grand Apartments - Lucky Flats\",\"isPartOf\":{\"@id\":\"https:\/\/theluckyflats.com\/fr\/#website\"},\"primaryImageOfPage\":{\"@id\":\"https:\/\/theluckyflats.com\/fr\/grand-apartments\/#primaryimage\"},\"image\":{\"@id\":\"https:\/\/theluckyflats.com\/fr\/grand-apartments\/#primaryimage\"},\"thumbnailUrl\":\"https:\/\/theluckyflats.com\/wp-content\/uploads\/2023\/12\/234c9b620a2397a.webp\",\"datePublished\":\"2023-12-19T17:24:12+00:00\",\"dateModified\":\"2024-04-19T08:37:37+00:00\",\"description\":\"Appartements ind\u00e9pendants et confortables au c\u0153ur d'Alicante. Parfait pour un s\u00e9jour unique, r\u00e9servez votre escapade id\u00e9ale d\u00e8s maintenant !\",\"inLanguage\":\"fr-FR\",\"potentialAction\":[{\"@type\":\"ReadAction\",\"target\":[\"https:\/\/theluckyflats.com\/fr\/grand-apartments\/\"]}]},{\"@type\":\"ImageObject\",\"inLanguage\":\"fr-FR\",\"@id\":\"https:\/\/theluckyflats.com\/fr\/grand-apartments\/#primaryimage\",\"url\":\"https:\/\/theluckyflats.com\/wp-content\/uploads\/2023\/12\/234c9b620a2397a.webp\",\"contentUrl\":\"https:\/\/theluckyflats.com\/wp-content\/uploads\/2023\/12\/234c9b620a2397a.webp\",\"width\":1600,\"height\":1067},{\"@type\":\"WebSite\",\"@id\":\"https:\/\/theluckyflats.com\/fr\/#website\",\"url\":\"https:\/\/theluckyflats.com\/fr\/\",\"name\":\"Lucky Flats\",\"description\":\"\",\"potentialAction\":[{\"@type\":\"SearchAction\",\"target\":{\"@type\":\"EntryPoint\",\"urlTemplate\":\"https:\/\/theluckyflats.com\/fr\/?s={search_term_string}\"},\"query-input\":{\"@type\":\"PropertyValueSpecification\",\"valueRequired\":true,\"valueName\":\"search_term_string\"}}],\"inLanguage\":\"fr-FR\"}]}<\/script>\n<!-- \/ Yoast SEO plugin. -->","yoast_head_json":{"title":"Grand Apartments - Lucky Flats","description":"Appartements ind\u00e9pendants et confortables au c\u0153ur d'Alicante. Parfait pour un s\u00e9jour unique, r\u00e9servez votre escapade id\u00e9ale d\u00e8s maintenant !","robots":{"index":"index","follow":"follow","max-snippet":"max-snippet:-1","max-image-preview":"max-image-preview:large","max-video-preview":"max-video-preview:-1"},"canonical":"https:\/\/theluckyflats.com\/fr\/grand-apartments\/","og_locale":"fr_FR","og_type":"article","og_title":"Grand Apartments - Lucky Flats","og_description":"Appartements ind\u00e9pendants et confortables au c\u0153ur d'Alicante. Parfait pour un s\u00e9jour unique, r\u00e9servez votre escapade id\u00e9ale d\u00e8s maintenant !","og_url":"https:\/\/theluckyflats.com\/fr\/grand-apartments\/","og_site_name":"Lucky Flats","article_modified_time":"2024-04-19T08:37:37+00:00","og_image":[{"width":1600,"height":1067,"url":"https:\/\/theluckyflats.com\/wp-content\/uploads\/2023\/12\/234c9b620a2397a.webp","type":"image\/webp"}],"twitter_card":"summary_large_image","twitter_misc":{"Dur\u00e9e de lecture estim\u00e9e":"1 minute"},"schema":{"@context":"https:\/\/schema.org","@graph":[{"@type":"WebPage","@id":"https:\/\/theluckyflats.com\/fr\/grand-apartments\/","url":"https:\/\/theluckyflats.com\/fr\/grand-apartments\/","name":"Grand Apartments - Lucky Flats","isPartOf":{"@id":"https:\/\/theluckyflats.com\/fr\/#website"},"primaryImageOfPage":{"@id":"https:\/\/theluckyflats.com\/fr\/grand-apartments\/#primaryimage"},"image":{"@id":"https:\/\/theluckyflats.com\/fr\/grand-apartments\/#primaryimage"},"thumbnailUrl":"https:\/\/theluckyflats.com\/wp-content\/uploads\/2023\/12\/234c9b620a2397a.webp","datePublished":"2023-12-19T17:24:12+00:00","dateModified":"2024-04-19T08:37:37+00:00","description":"Appartements ind\u00e9pendants et confortables au c\u0153ur d'Alicante. Parfait pour un s\u00e9jour unique, r\u00e9servez votre escapade id\u00e9ale d\u00e8s maintenant !","inLanguage":"fr-FR","potentialAction":[{"@type":"ReadAction","target":["https:\/\/theluckyflats.com\/fr\/grand-apartments\/"]}]},{"@type":"ImageObject","inLanguage":"fr-FR","@id":"https:\/\/theluckyflats.com\/fr\/grand-apartments\/#primaryimage","url":"https:\/\/theluckyflats.com\/wp-content\/uploads\/2023\/12\/234c9b620a2397a.webp","contentUrl":"https:\/\/theluckyflats.com\/wp-content\/uploads\/2023\/12\/234c9b620a2397a.webp","width":1600,"height":1067},{"@type":"WebSite","@id":"https:\/\/theluckyflats.com\/fr\/#website","url":"https:\/\/theluckyflats.com\/fr\/","name":"Lucky Flats","description":"","potentialAction":[{"@type":"SearchAction","target":{"@type":"EntryPoint","urlTemplate":"https:\/\/theluckyflats.com\/fr\/?s={search_term_string}"},"query-input":{"@type":"PropertyValueSpecification","valueRequired":true,"valueName":"search_term_string"}}],"inLanguage":"fr-FR"}]}},"uagb_featured_image_src":{"full":["https:\/\/theluckyflats.com\/wp-content\/uploads\/2023\/12\/234c9b620a2397a.webp",1600,1067,false],"thumbnail":["https:\/\/theluckyflats.com\/wp-content\/uploads\/2023\/12\/234c9b620a2397a-150x150.webp",150,150,true],"medium":["https:\/\/theluckyflats.com\/wp-content\/uploads\/2023\/12\/234c9b620a2397a-300x200.webp",300,200,true],"medium_large":["https:\/\/theluckyflats.com\/wp-content\/uploads\/2023\/12\/234c9b620a2397a-768x512.webp",768,512,true],"large":["https:\/\/theluckyflats.com\/wp-content\/uploads\/2023\/12\/234c9b620a2397a-1024x683.webp",1024,683,true],"1536x1536":["https:\/\/theluckyflats.com\/wp-content\/uploads\/2023\/12\/234c9b620a2397a-1536x1024.webp",1536,1024,true],"2048x2048":["https:\/\/theluckyflats.com\/wp-content\/uploads\/2023\/12\/234c9b620a2397a.webp",1600,1067,false]},"uagb_author_info":{"display_name":"@oscar","author_link":"https:\/\/theluckyflats.com\/fr\/author\/oscar\/"},"uagb_comment_info":0,"uagb_excerpt":"Profitez d&rsquo;Alicante comme un vrai alicantin The Lucky Flats propose \u00e9galement des appartements touristiques ind\u00e9pendants dans diff\u00e9rents b\u00e2timents du centre d&rsquo;Alicante : Belando, Luceros, Pintor Sorolla et Liorna. Ils offrent la m\u00eame qualit\u00e9 et le m\u00eame service que les autres appartements de The Lucky Flats, mais \u00e9tant situ\u00e9s dans des immeubles priv\u00e9s, ils sont id\u00e9aux\u2026","_links":{"self":[{"href":"https:\/\/theluckyflats.com\/fr\/wp-json\/wp\/v2\/pages\/1909","targetHints":{"allow":["GET"]}}],"collection":[{"href":"https:\/\/theluckyflats.com\/fr\/wp-json\/wp\/v2\/pages"}],"about":[{"href":"https:\/\/theluckyflats.com\/fr\/wp-json\/wp\/v2\/types\/page"}],"author":[{"embeddable":true,"href":"https:\/\/theluckyflats.com\/fr\/wp-json\/wp\/v2\/users\/1"}],"replies":[{"embeddable":true,"href":"https:\/\/theluckyflats.com\/fr\/wp-json\/wp\/v2\/comments?post=1909"}],"version-history":[{"count":3,"href":"https:\/\/theluckyflats.com\/fr\/wp-json\/wp\/v2\/pages\/1909\/revisions"}],"predecessor-version":[{"id":2194,"href":"https:\/\/theluckyflats.com\/fr\/wp-json\/wp\/v2\/pages\/1909\/revisions\/2194"}],"wp:featuredmedia":[{"embeddable":true,"href":"https:\/\/theluckyflats.com\/fr\/wp-json\/wp\/v2\/media\/377"}],"wp:attachment":[{"href":"https:\/\/theluckyflats.com\/fr\/wp-json\/wp\/v2\/media?parent=1909"}],"curies":[{"name":"wp","href":"https:\/\/api.w.org\/{rel}","templated":true}]}}