{"id":1914,"date":"2023-11-24T13:52:45","date_gmt":"2023-11-24T12:52:45","guid":{"rendered":"https:\/\/theluckyflats.com\/be-lucky\/"},"modified":"2024-04-19T10:33:18","modified_gmt":"2024-04-19T08:33:18","slug":"be-lucky","status":"publish","type":"page","link":"https:\/\/theluckyflats.com\/fr\/be-lucky\/","title":{"rendered":"Be Lucky"},"content":{"rendered":"\n<div class=\"wp-block-group light-wrapper has-c-text-color has-white-background-color has-text-color has-background has-link-color wp-elements-f65f099d85a7a46585f8db990a31c6bc is-layout-constrained wp-container-core-group-is-layout-43564dda wp-block-group-is-layout-constrained\" style=\"padding-top:60px;padding-right:15px;padding-bottom:60px;padding-left:15px\">\n<div class=\"wp-block-uagb-image aligncenter uagb-block-75228762 wp-block-uagb-image--layout-default wp-block-uagb-image--effect-static wp-block-uagb-image--align-center\"><figure class=\"wp-block-uagb-image__figure\"><img decoding=\"async\" srcset=\"https:\/\/theluckyflats.com\/wp-content\/uploads\/2024\/01\/lf_be_lucky_sello_b.min_-300x300.jpg ,https:\/\/theluckyflats.com\/wp-content\/uploads\/2024\/01\/lf_be_lucky_sello_b.min_.jpg 780w, https:\/\/theluckyflats.com\/wp-content\/uploads\/2024\/01\/lf_be_lucky_sello_b.min_.jpg 360w\" sizes=\"auto, (max-width: 480px) 150px\" src=\"https:\/\/theluckyflats.com\/wp-content\/uploads\/2024\/01\/lf_be_lucky_sello_b.min_-300x300.jpg\" alt=\"\" class=\"uag-image-2306\" width=\"200\" height=\"200\" title=\"\" loading=\"lazy\"\/><\/figure><\/div>\n\n\n\n<p class=\"has-text-align-center\" style=\"font-size:clamp(1.039rem, 1.039rem + ((1vw - 0.2rem) * 0.606), 1.6rem);\"><strong>Vous avez de la chance!<\/strong><\/p>\n\n\n\n<p class=\"has-text-align-center\">Car Be Lucky est votre communaut\u00e9 de personnes chanceuses, de personnes heureuses, de personnes qui profitent de la chance d&rsquo;\u00eatre dans The Lucky Flats \u00e0 Alicante.<\/p>\n\n\n\n<p class=\"has-text-align-center\">C&rsquo;est pourquoi nous vous invitons \u00e0 rejoindre notre communaut\u00e9, afin que vous puissiez b\u00e9n\u00e9ficier d&rsquo;avantages exclusifs lorsque vous s\u00e9journez chez nous:<\/p>\n\n\n\n<div class=\"wp-block-uagb-container uagb-block-9c3593f9 alignfull uagb-is-root-container\"><div class=\"uagb-container-inner-blocks-wrap\">\n<div class=\"wp-block-uagb-image uagb-block-f4271d7a wp-block-uagb-image--layout-default wp-block-uagb-image--effect-static wp-block-uagb-image--align-none\"><figure class=\"wp-block-uagb-image__figure\"><img decoding=\"async\" srcset=\"https:\/\/theluckyflats.com\/wp-content\/uploads\/2024\/01\/LF_Be-Lucky_Sello_A.min_-300x300.jpg ,https:\/\/theluckyflats.com\/wp-content\/uploads\/2024\/01\/LF_Be-Lucky_Sello_A.min_.jpg 780w, https:\/\/theluckyflats.com\/wp-content\/uploads\/2024\/01\/LF_Be-Lucky_Sello_A.min_.jpg 360w\" sizes=\"auto, (max-width: 480px) 150px\" src=\"https:\/\/theluckyflats.com\/wp-content\/uploads\/2024\/01\/LF_Be-Lucky_Sello_A.min_-300x300.jpg\" alt=\"\" class=\"uag-image-2313\" width=\"280\" height=\"280\" title=\"\" loading=\"lazy\"\/><\/figure><\/div>\n\n\n\n<div class=\"wp-block-uagb-container uagb-block-a67d0018 default uagb-is-root-container\">\n<ul class=\"wp-block-list\">\n<li>Code promotionnel avec une r\u00e9duction suppl\u00e9mentaire de 5 % sur toutes vos r\u00e9servations.<\/li>\n\n\n\n<li>D\u00e9part tardif jusqu&rsquo;\u00e0 14 heures, sous r\u00e9serve de disponibilit\u00e9.<\/li>\n\n\n\n<li>Bouteille d&rsquo;eau gratuite dans l&rsquo;appartement<\/li>\n\n\n\n<li>Priorit\u00e9 pour \u00eatre inform\u00e9 avant tout le monde de nos offres et nouvelles.<\/li>\n\n\n\n<li>Conseils et planification de votre voyage \u00e0 Alicante : nous vous enverrons des suggestions personnalis\u00e9es pour rendre votre s\u00e9jour \u00e0 Alicante parfait.<\/li>\n<\/ul>\n<\/div>\n<\/div><\/div>\n\n\n\n<div style=\"height:10px\" aria-hidden=\"true\" class=\"wp-block-spacer\"><\/div>\n\n\n\n<p class=\"has-text-align-center\"><strong><strong><strong>Inscrivez-vous maintenant et commencez \u00e0 \u00eatre un Be Lucky !<\/strong><\/strong><\/strong><\/p>\n\n\n\n<div class=\"wp-block-uagb-buttons uagb-buttons__outer-wrap uagb-btn__medium-btn uagb-btn-tablet__default-btn uagb-btn-mobile__default-btn uagb-block-1a3ae277\"><div class=\"uagb-buttons__wrap uagb-buttons-layout-wrap\">\n<div class=\"wp-block-uagb-buttons-child uagb-buttons__outer-wrap uagb-block-14178a92 wp-block-button c-btn\"><div class=\"uagb-button__wrapper\"><a class=\"uagb-buttons-repeater wp-block-button__link\" href=\"#subscribe\" onclick=\"return true;\" rel=\"follow noopener\" target=\"_self\"><div class=\"uagb-button__link\">Abonnez-vous ici<\/div><span class=\"uagb-button__icon uagb-button__icon-position-after\"><svg xmlns=\"https:\/\/www.w3.org\/2000\/svg\" viewBox=\"0 0 320 512\"><path d=\"M9.375 329.4c12.51-12.51 32.76-12.49 45.25 0L128 402.8V32c0-17.69 14.31-32 32-32s32 14.31 32 32v370.8l73.38-73.38c12.5-12.5 32.75-12.5 45.25 0s12.5 32.75 0 45.25l-128 128c-12.5 12.5-32.75 12.5-45.25 0l-128-128C-3.125 362.1-3.125 341.9 9.375 329.4z\"><\/path><\/svg><\/span><\/a><\/div><\/div>\n<\/div><\/div>\n<\/div>\n\n\n\n<div class=\"wp-block-group light-wrapper has-c-text-color has-white-background-color has-text-color has-background has-link-color wp-elements-a291bffc27c02da770ffb00c75dd0fc4 is-layout-constrained wp-container-core-group-is-layout-43564dda wp-block-group-is-layout-constrained\" style=\"padding-top:60px;padding-right:15px;padding-bottom:60px;padding-left:15px\">\n<p class=\"has-text-align-center\">Vous avez de la chance !<\/p>\n\n\n\n<p class=\"has-text-align-center\">Rejoignez la communaut\u00e9 Be Lucky et b\u00e9n\u00e9ficiez d&rsquo;avantages exclusifs lors de la r\u00e9servation de votre appartement The Lucky Flats \u00e0 Alicante.<\/p>\n\n\n\n<p class=\"has-text-align-center\">Vous d\u00e9couvrirez avant tout le monde nos offres, recevrez des r\u00e9ductions sp\u00e9ciales sur toutes vos r\u00e9servations et nous vous enverrons des conseils personnalis\u00e9s pour planifier votre s\u00e9jour \u00e0 Alicante.<\/p>\n\n\n\n<p class=\"has-text-align-center\">Inscrivez-vous et recevez votre premier cadeau par e-mail !<\/p>\n\n\n\n<div class=\"wp-block-uagb-buttons uagb-buttons__outer-wrap uagb-btn__medium-btn uagb-btn-tablet__default-btn uagb-btn-mobile__default-btn uagb-block-eabc7cd3\"><div class=\"uagb-buttons__wrap uagb-buttons-layout-wrap\">\n<div class=\"wp-block-uagb-buttons-child uagb-buttons__outer-wrap uagb-block-95dbab1d wp-block-button c-btn\"><div class=\"uagb-button__wrapper\"><a class=\"uagb-buttons-repeater wp-block-button__link\" href=\"#subscribe\" onclick=\"return true;\" rel=\"follow noopener\" target=\"_self\"><div class=\"uagb-button__link\">Abonnez-vous ici<\/div><span class=\"uagb-button__icon uagb-button__icon-position-after\"><svg xmlns=\"https:\/\/www.w3.org\/2000\/svg\" viewBox=\"0 0 320 512\"><path d=\"M9.375 329.4c12.51-12.51 32.76-12.49 45.25 0L128 402.8V32c0-17.69 14.31-32 32-32s32 14.31 32 32v370.8l73.38-73.38c12.5-12.5 32.75-12.5 45.25 0s12.5 32.75 0 45.25l-128 128c-12.5 12.5-32.75 12.5-45.25 0l-128-128C-3.125 362.1-3.125 341.9 9.375 329.4z\"><\/path><\/svg><\/span><\/a><\/div><\/div>\n<\/div><\/div>\n<\/div>\n","protected":false},"excerpt":{"rendered":"<p>Vous avez de la chance! Car Be Lucky est votre communaut\u00e9 de personnes chanceuses, de personnes heureuses, de personnes qui profitent de la chance d&rsquo;\u00eatre dans The Lucky Flats \u00e0 Alicante. C&rsquo;est pourquoi nous vous invitons \u00e0 rejoindre notre communaut\u00e9, afin que vous puissiez b\u00e9n\u00e9ficier d&rsquo;avantages exclusifs lorsque vous s\u00e9journez chez nous: Inscrivez-vous maintenant et [&hellip;]<\/p>\n","protected":false},"author":1,"featured_media":2393,"parent":0,"menu_order":0,"comment_status":"closed","ping_status":"closed","template":"","meta":{"_acf_changed":false,"inline_featured_image":false,"_uag_custom_page_level_css":"","footnotes":""},"class_list":["post-1914","page","type-page","status-publish","has-post-thumbnail","hentry"],"acf":[],"yoast_head":"<!-- This site is optimized with the Yoast SEO plugin v25.0 - https:\/\/yoast.com\/wordpress\/plugins\/seo\/ -->\n<title>Be Lucky - Lucky Flats<\/title>\n<meta name=\"description\" content=\"Inscrivez-vous \u00e0 la newsletter de Lucky Flats et recevez un cadeau de bienvenue, ainsi que les meilleures offres pour votre s\u00e9jour \u00e0 Alicante.\" \/>\n<meta name=\"robots\" content=\"index, follow, max-snippet:-1, max-image-preview:large, max-video-preview:-1\" \/>\n<link rel=\"canonical\" href=\"https:\/\/theluckyflats.com\/fr\/be-lucky\/\" \/>\n<meta property=\"og:locale\" content=\"fr_FR\" \/>\n<meta property=\"og:type\" content=\"article\" \/>\n<meta property=\"og:title\" content=\"Be Lucky - Lucky Flats\" \/>\n<meta property=\"og:description\" content=\"Inscrivez-vous \u00e0 la newsletter de Lucky Flats et recevez un cadeau de bienvenue, ainsi que les meilleures offres pour votre s\u00e9jour \u00e0 Alicante.\" \/>\n<meta property=\"og:url\" content=\"https:\/\/theluckyflats.com\/fr\/be-lucky\/\" \/>\n<meta property=\"og:site_name\" content=\"Lucky Flats\" \/>\n<meta property=\"article:modified_time\" content=\"2024-04-19T08:33:18+00:00\" \/>\n<meta property=\"og:image\" content=\"https:\/\/theluckyflats.com\/wp-content\/uploads\/2024\/01\/LF_Be-Lucky_Banner_V1.min_-1.jpg\" \/>\n\t<meta property=\"og:image:width\" content=\"1920\" \/>\n\t<meta property=\"og:image:height\" content=\"700\" \/>\n\t<meta property=\"og:image:type\" content=\"image\/jpeg\" \/>\n<meta name=\"twitter:card\" content=\"summary_large_image\" \/>\n<meta name=\"twitter:label1\" content=\"Dur\u00e9e de lecture estim\u00e9e\" \/>\n\t<meta name=\"twitter:data1\" content=\"2 minutes\" \/>\n<script type=\"application\/ld+json\" class=\"yoast-schema-graph\">{\"@context\":\"https:\/\/schema.org\",\"@graph\":[{\"@type\":\"WebPage\",\"@id\":\"https:\/\/theluckyflats.com\/fr\/be-lucky\/\",\"url\":\"https:\/\/theluckyflats.com\/fr\/be-lucky\/\",\"name\":\"Be Lucky - Lucky Flats\",\"isPartOf\":{\"@id\":\"https:\/\/theluckyflats.com\/fr\/#website\"},\"primaryImageOfPage\":{\"@id\":\"https:\/\/theluckyflats.com\/fr\/be-lucky\/#primaryimage\"},\"image\":{\"@id\":\"https:\/\/theluckyflats.com\/fr\/be-lucky\/#primaryimage\"},\"thumbnailUrl\":\"https:\/\/theluckyflats.com\/wp-content\/uploads\/2024\/01\/LF_Be-Lucky_Banner_V1.min_-1.jpg\",\"datePublished\":\"2023-11-24T12:52:45+00:00\",\"dateModified\":\"2024-04-19T08:33:18+00:00\",\"description\":\"Inscrivez-vous \u00e0 la newsletter de Lucky Flats et recevez un cadeau de bienvenue, ainsi que les meilleures offres pour votre s\u00e9jour \u00e0 Alicante.\",\"inLanguage\":\"fr-FR\",\"potentialAction\":[{\"@type\":\"ReadAction\",\"target\":[\"https:\/\/theluckyflats.com\/fr\/be-lucky\/\"]}]},{\"@type\":\"ImageObject\",\"inLanguage\":\"fr-FR\",\"@id\":\"https:\/\/theluckyflats.com\/fr\/be-lucky\/#primaryimage\",\"url\":\"https:\/\/theluckyflats.com\/wp-content\/uploads\/2024\/01\/LF_Be-Lucky_Banner_V1.min_-1.jpg\",\"contentUrl\":\"https:\/\/theluckyflats.com\/wp-content\/uploads\/2024\/01\/LF_Be-Lucky_Banner_V1.min_-1.jpg\",\"width\":1920,\"height\":700},{\"@type\":\"WebSite\",\"@id\":\"https:\/\/theluckyflats.com\/fr\/#website\",\"url\":\"https:\/\/theluckyflats.com\/fr\/\",\"name\":\"Lucky Flats\",\"description\":\"\",\"potentialAction\":[{\"@type\":\"SearchAction\",\"target\":{\"@type\":\"EntryPoint\",\"urlTemplate\":\"https:\/\/theluckyflats.com\/fr\/?s={search_term_string}\"},\"query-input\":{\"@type\":\"PropertyValueSpecification\",\"valueRequired\":true,\"valueName\":\"search_term_string\"}}],\"inLanguage\":\"fr-FR\"}]}<\/script>\n<!-- \/ Yoast SEO plugin. -->","yoast_head_json":{"title":"Be Lucky - Lucky Flats","description":"Inscrivez-vous \u00e0 la newsletter de Lucky Flats et recevez un cadeau de bienvenue, ainsi que les meilleures offres pour votre s\u00e9jour \u00e0 Alicante.","robots":{"index":"index","follow":"follow","max-snippet":"max-snippet:-1","max-image-preview":"max-image-preview:large","max-video-preview":"max-video-preview:-1"},"canonical":"https:\/\/theluckyflats.com\/fr\/be-lucky\/","og_locale":"fr_FR","og_type":"article","og_title":"Be Lucky - Lucky Flats","og_description":"Inscrivez-vous \u00e0 la newsletter de Lucky Flats et recevez un cadeau de bienvenue, ainsi que les meilleures offres pour votre s\u00e9jour \u00e0 Alicante.","og_url":"https:\/\/theluckyflats.com\/fr\/be-lucky\/","og_site_name":"Lucky Flats","article_modified_time":"2024-04-19T08:33:18+00:00","og_image":[{"width":1920,"height":700,"url":"https:\/\/theluckyflats.com\/wp-content\/uploads\/2024\/01\/LF_Be-Lucky_Banner_V1.min_-1.jpg","type":"image\/jpeg"}],"twitter_card":"summary_large_image","twitter_misc":{"Dur\u00e9e de lecture estim\u00e9e":"2 minutes"},"schema":{"@context":"https:\/\/schema.org","@graph":[{"@type":"WebPage","@id":"https:\/\/theluckyflats.com\/fr\/be-lucky\/","url":"https:\/\/theluckyflats.com\/fr\/be-lucky\/","name":"Be Lucky - Lucky Flats","isPartOf":{"@id":"https:\/\/theluckyflats.com\/fr\/#website"},"primaryImageOfPage":{"@id":"https:\/\/theluckyflats.com\/fr\/be-lucky\/#primaryimage"},"image":{"@id":"https:\/\/theluckyflats.com\/fr\/be-lucky\/#primaryimage"},"thumbnailUrl":"https:\/\/theluckyflats.com\/wp-content\/uploads\/2024\/01\/LF_Be-Lucky_Banner_V1.min_-1.jpg","datePublished":"2023-11-24T12:52:45+00:00","dateModified":"2024-04-19T08:33:18+00:00","description":"Inscrivez-vous \u00e0 la newsletter de Lucky Flats et recevez un cadeau de bienvenue, ainsi que les meilleures offres pour votre s\u00e9jour \u00e0 Alicante.","inLanguage":"fr-FR","potentialAction":[{"@type":"ReadAction","target":["https:\/\/theluckyflats.com\/fr\/be-lucky\/"]}]},{"@type":"ImageObject","inLanguage":"fr-FR","@id":"https:\/\/theluckyflats.com\/fr\/be-lucky\/#primaryimage","url":"https:\/\/theluckyflats.com\/wp-content\/uploads\/2024\/01\/LF_Be-Lucky_Banner_V1.min_-1.jpg","contentUrl":"https:\/\/theluckyflats.com\/wp-content\/uploads\/2024\/01\/LF_Be-Lucky_Banner_V1.min_-1.jpg","width":1920,"height":700},{"@type":"WebSite","@id":"https:\/\/theluckyflats.com\/fr\/#website","url":"https:\/\/theluckyflats.com\/fr\/","name":"Lucky Flats","description":"","potentialAction":[{"@type":"SearchAction","target":{"@type":"EntryPoint","urlTemplate":"https:\/\/theluckyflats.com\/fr\/?s={search_term_string}"},"query-input":{"@type":"PropertyValueSpecification","valueRequired":true,"valueName":"search_term_string"}}],"inLanguage":"fr-FR"}]}},"uagb_featured_image_src":{"full":["https:\/\/theluckyflats.com\/wp-content\/uploads\/2024\/01\/LF_Be-Lucky_Banner_V1.min_-1.jpg",1920,700,false],"thumbnail":["https:\/\/theluckyflats.com\/wp-content\/uploads\/2024\/01\/LF_Be-Lucky_Banner_V1.min_-1-150x150.jpg",150,150,true],"medium":["https:\/\/theluckyflats.com\/wp-content\/uploads\/2024\/01\/LF_Be-Lucky_Banner_V1.min_-1-300x109.jpg",300,109,true],"medium_large":["https:\/\/theluckyflats.com\/wp-content\/uploads\/2024\/01\/LF_Be-Lucky_Banner_V1.min_-1-768x280.jpg",768,280,true],"large":["https:\/\/theluckyflats.com\/wp-content\/uploads\/2024\/01\/LF_Be-Lucky_Banner_V1.min_-1-1024x373.jpg",1024,373,true],"1536x1536":["https:\/\/theluckyflats.com\/wp-content\/uploads\/2024\/01\/LF_Be-Lucky_Banner_V1.min_-1-1536x560.jpg",1536,560,true],"2048x2048":["https:\/\/theluckyflats.com\/wp-content\/uploads\/2024\/01\/LF_Be-Lucky_Banner_V1.min_-1.jpg",1920,700,false]},"uagb_author_info":{"display_name":"@oscar","author_link":"https:\/\/theluckyflats.com\/fr\/author\/oscar\/"},"uagb_comment_info":0,"uagb_excerpt":"Vous avez de la chance! Car Be Lucky est votre communaut\u00e9 de personnes chanceuses, de personnes heureuses, de personnes qui profitent de la chance d&rsquo;\u00eatre dans The Lucky Flats \u00e0 Alicante. C&rsquo;est pourquoi nous vous invitons \u00e0 rejoindre notre communaut\u00e9, afin que vous puissiez b\u00e9n\u00e9ficier d&rsquo;avantages exclusifs lorsque vous s\u00e9journez chez nous: Inscrivez-vous maintenant et\u2026","_links":{"self":[{"href":"https:\/\/theluckyflats.com\/fr\/wp-json\/wp\/v2\/pages\/1914","targetHints":{"allow":["GET"]}}],"collection":[{"href":"https:\/\/theluckyflats.com\/fr\/wp-json\/wp\/v2\/pages"}],"about":[{"href":"https:\/\/theluckyflats.com\/fr\/wp-json\/wp\/v2\/types\/page"}],"author":[{"embeddable":true,"href":"https:\/\/theluckyflats.com\/fr\/wp-json\/wp\/v2\/users\/1"}],"replies":[{"embeddable":true,"href":"https:\/\/theluckyflats.com\/fr\/wp-json\/wp\/v2\/comments?post=1914"}],"version-history":[{"count":3,"href":"https:\/\/theluckyflats.com\/fr\/wp-json\/wp\/v2\/pages\/1914\/revisions"}],"predecessor-version":[{"id":2390,"href":"https:\/\/theluckyflats.com\/fr\/wp-json\/wp\/v2\/pages\/1914\/revisions\/2390"}],"wp:featuredmedia":[{"embeddable":true,"href":"https:\/\/theluckyflats.com\/fr\/wp-json\/wp\/v2\/media\/2393"}],"wp:attachment":[{"href":"https:\/\/theluckyflats.com\/fr\/wp-json\/wp\/v2\/media?parent=1914"}],"curies":[{"name":"wp","href":"https:\/\/api.w.org\/{rel}","templated":true}]}}