{"id":1928,"date":"2023-11-28T13:19:00","date_gmt":"2023-11-28T12:19:00","guid":{"rendered":"https:\/\/theluckyflats.com\/edificio-quintana\/"},"modified":"2024-04-19T10:30:27","modified_gmt":"2024-04-19T08:30:27","slug":"edificio-quintana","status":"publish","type":"page","link":"https:\/\/theluckyflats.com\/fr\/edificio-quintana\/","title":{"rendered":"B\u00e2timent Quintana"},"content":{"rendered":"\n<section class=\"wp-block-group has-c-text-color has-white-background-color has-text-color has-background has-link-color wp-elements-af6174fddd3f57dab65309838488547d is-layout-constrained wp-container-core-group-is-layout-43564dda wp-block-group-is-layout-constrained\" style=\"padding-top:60px;padding-right:15px;padding-bottom:60px;padding-left:15px\">\n<p class=\"has-text-align-center\"><em>Appartements spacieux et calmes en plein centre d&rsquo;Alicante<\/em><\/p>\n\n\n\n<p class=\"has-text-align-center\">Les appartements The Lucky Flats &#8211; Edificio Quintana se trouvent dans la c\u00e9l\u00e8bre rue Poeta Quintana, en plein c\u0153ur d&rsquo;Alicante. Leurs espaces sont lumineux, fonctionnels et modernes, et ils sont situ\u00e9s \u00e0 proximit\u00e9 des principaux points d&rsquo;int\u00e9r\u00eat d&rsquo;Alicante tels que le march\u00e9 central, le th\u00e9\u00e2tre principal, l&rsquo;avenue Maisonnave et la plage du Postiguet.<\/p>\n\n\n\n<p class=\"has-text-align-center\">Leur ampleur, leur confort et leur emplacement font de nos appartements \u00e0 Quintana l&rsquo;h\u00e9bergement id\u00e9al pour les familles et les groupes \u00e0 Alicante. De plus, ils se trouvent \u00e0 seulement quelques minutes des principales lignes de tramway, vous permettant de vous rendre facilement dans d&rsquo;autres zones c\u00f4ti\u00e8res d&rsquo;Alicante telles que la Playa de San Juan, Campello et Benidorm.<\/p>\n\n\n\n<p class=\"has-text-align-center\">Tous nos appartements en location \u00e0 Poeta Quintana offrent une connexion Wi-Fi gratuite, un service t\u00e9l\u00e9phonique disponible 24 heures sur 24 et une assistance en personne pendant la journ\u00e9e, une buanderie avec lave-linge et s\u00e8che-linge, des casiers et un parking gratuit (uniquement en r\u00e9servant via notre site web pour des s\u00e9jours de 7 nuits ou moins).<\/p>\n<\/section>\n\n\n\n\n<section class=\"content-wrapper | apartments-archive \">\n\n\t\t\t\n\t<article class=\"\">\n\t\t<div class=\"article-wrapper\">\n\t\t\t<a href=\"https:\/\/theluckyflats.com\/fr\/appartement\/poeta-quintana-apt-1-dormitorio\/\">\n\t\t\t\t<figure>\n\t\t\t\t\t<img loading=\"lazy\" decoding=\"async\" width=\"1024\" height=\"683\" src=\"https:\/\/theluckyflats.com\/wp-content\/uploads\/2023\/12\/dd571822282f388-1024x683.webp\" class=\"attachment-large size-large wp-post-image\" alt=\"\" srcset=\"https:\/\/theluckyflats.com\/wp-content\/uploads\/2023\/12\/dd571822282f388-1024x683.webp 1024w, https:\/\/theluckyflats.com\/wp-content\/uploads\/2023\/12\/dd571822282f388-300x200.webp 300w, https:\/\/theluckyflats.com\/wp-content\/uploads\/2023\/12\/dd571822282f388-768x512.webp 768w, https:\/\/theluckyflats.com\/wp-content\/uploads\/2023\/12\/dd571822282f388-1536x1024.webp 1536w, https:\/\/theluckyflats.com\/wp-content\/uploads\/2023\/12\/dd571822282f388.webp 1600w\" sizes=\"auto, (max-width: 1024px) 100vw, 1024px\" \/>\t\t\t\t<\/figure>\n\t\t\t<\/a>\n\t\t\t<div class=\"content\">\n\t\t\t\t\n\t\t\t\t<a href=\"https:\/\/theluckyflats.com\/fr\/appartement\/poeta-quintana-apt-1-dormitorio\/\">\n\t\t\t\t\t<h2>\n\t\t\t\t\t\t    <span\n        class=\"nunito small\">POETA QUINTANA<\/span>\n        APT. 1 CHAMBRE    \n    \n    \t\t\t\t\t<\/h2>\n\t\t\t\t<\/a>\n\n\t\t\t\t<div class=\"\">\n\t\t\t\t\t<p>Appartement d&rsquo;une chambre avec un lit double, spacieux et lumineux. Il est enti\u00e8rement \u00e9quip\u00e9 et dispose de tous les services propos\u00e9s par The Lucky Flats. D\u00e9cor\u00e9 dans un style frais et moderne. Il y a un canap\u00e9-lit dans le salon.<\/p>\n                    \n                                             \n                        <span><strong>Taille de l&rsquo;appartement :<\/strong> 38m\u00b2<\/span>\n                    \n\t\t\t\t\t<a class=\"link\" href=\"https:\/\/theluckyflats.com\/fr\/appartement\/poeta-quintana-apt-1-dormitorio\/\">\n\t\t\t\t\t\t<span>Voir l&rsquo;appartement<\/span>\n\t\t\t\t\t\t<svg class=\"\" width=\"24\" height=\"9\" viewBox=\"0 0 24 9\" fill=\"none\"\n\t\t\t\t\t\t\txmlns=\"http:\/\/www.w3.org\/2000\/svg\">\n\t\t\t\t\t\t\t<path\n\t\t\t\t\t\t\t\td=\"M23.3536 4.85355C23.5488 4.65829 23.5488 4.34171 23.3536 4.14645L20.1716 0.964466C19.9763 0.769204 19.6597 0.769204 19.4645 0.964466C19.2692 1.15973 19.2692 1.47631 19.4645 1.67157L22.2929 4.5L19.4645 7.32843C19.2692 7.52369 19.2692 7.84027 19.4645 8.03553C19.6597 8.2308 19.9763 8.2308 20.1716 8.03553L23.3536 4.85355ZM0 5H23V4H0V5Z\" \/>\n\t\t\t\t\t\t<\/svg>\n\t\t\t\t\t<\/a>\n\t\t\t\t<\/div>\n\t\t\t<\/div>\n\t\t<\/div>\n\t<\/article>\n\n\t\t\t\n\t<article class=\"\">\n\t\t<div class=\"article-wrapper\">\n\t\t\t<a href=\"https:\/\/theluckyflats.com\/fr\/appartement\/poeta-quintana-apt-2-dormitorios\/\">\n\t\t\t\t<figure>\n\t\t\t\t\t<img loading=\"lazy\" decoding=\"async\" width=\"1024\" height=\"683\" src=\"https:\/\/theluckyflats.com\/wp-content\/uploads\/2023\/12\/65aa50bace7bbde-1-1024x683.webp\" class=\"attachment-large size-large wp-post-image\" alt=\"\" srcset=\"https:\/\/theluckyflats.com\/wp-content\/uploads\/2023\/12\/65aa50bace7bbde-1-1024x683.webp 1024w, https:\/\/theluckyflats.com\/wp-content\/uploads\/2023\/12\/65aa50bace7bbde-1-300x200.webp 300w, https:\/\/theluckyflats.com\/wp-content\/uploads\/2023\/12\/65aa50bace7bbde-1-768x512.webp 768w, https:\/\/theluckyflats.com\/wp-content\/uploads\/2023\/12\/65aa50bace7bbde-1-1536x1024.webp 1536w, https:\/\/theluckyflats.com\/wp-content\/uploads\/2023\/12\/65aa50bace7bbde-1.webp 1600w\" sizes=\"auto, (max-width: 1024px) 100vw, 1024px\" \/>\t\t\t\t<\/figure>\n\t\t\t<\/a>\n\t\t\t<div class=\"content\">\n\t\t\t\t\n\t\t\t\t<a href=\"https:\/\/theluckyflats.com\/fr\/appartement\/poeta-quintana-apt-2-dormitorios\/\">\n\t\t\t\t\t<h2>\n\t\t\t\t\t\t    <span\n        class=\"nunito small\">POETA QUINTANA<\/span>\n        APT. 2 CHAMBRES    \n    \n    \t\t\t\t\t<\/h2>\n\t\t\t\t<\/a>\n\n\t\t\t\t<div class=\"\">\n\t\t\t\t\t<p>Cet appartement de deux chambres est moderne, confortable et insonoris\u00e9. De style fonctionnel et accueillant, il a \u00e9t\u00e9 con\u00e7u pour offrir les commodit\u00e9s n\u00e9cessaires pour assurer un s\u00e9jour parfait.<\/p>\n                    \n                                             \n                        <span><strong>Taille de l&rsquo;appartement :<\/strong> 56m\u00b2<\/span>\n                    \n\t\t\t\t\t<a class=\"link\" href=\"https:\/\/theluckyflats.com\/fr\/appartement\/poeta-quintana-apt-2-dormitorios\/\">\n\t\t\t\t\t\t<span>Voir l&rsquo;appartement<\/span>\n\t\t\t\t\t\t<svg class=\"\" width=\"24\" height=\"9\" viewBox=\"0 0 24 9\" fill=\"none\"\n\t\t\t\t\t\t\txmlns=\"http:\/\/www.w3.org\/2000\/svg\">\n\t\t\t\t\t\t\t<path\n\t\t\t\t\t\t\t\td=\"M23.3536 4.85355C23.5488 4.65829 23.5488 4.34171 23.3536 4.14645L20.1716 0.964466C19.9763 0.769204 19.6597 0.769204 19.4645 0.964466C19.2692 1.15973 19.2692 1.47631 19.4645 1.67157L22.2929 4.5L19.4645 7.32843C19.2692 7.52369 19.2692 7.84027 19.4645 8.03553C19.6597 8.2308 19.9763 8.2308 20.1716 8.03553L23.3536 4.85355ZM0 5H23V4H0V5Z\" \/>\n\t\t\t\t\t\t<\/svg>\n\t\t\t\t\t<\/a>\n\t\t\t\t<\/div>\n\t\t\t<\/div>\n\t\t<\/div>\n\t<\/article>\n\n\t\t\n\n\n\n<\/section>\n\n\n","protected":false},"excerpt":{"rendered":"<p>Appartements spacieux et calmes en plein centre d&rsquo;Alicante Les appartements The Lucky Flats &#8211; Edificio Quintana se trouvent dans la c\u00e9l\u00e8bre rue Poeta Quintana, en plein c\u0153ur d&rsquo;Alicante. Leurs espaces sont lumineux, fonctionnels et modernes, et ils sont situ\u00e9s \u00e0 proximit\u00e9 des principaux points d&rsquo;int\u00e9r\u00eat d&rsquo;Alicante tels que le march\u00e9 central, le th\u00e9\u00e2tre principal, l&rsquo;avenue [&hellip;]<\/p>\n","protected":false},"author":1,"featured_media":472,"parent":0,"menu_order":0,"comment_status":"closed","ping_status":"closed","template":"","meta":{"_acf_changed":false,"inline_featured_image":false,"_uag_custom_page_level_css":"","footnotes":""},"class_list":["post-1928","page","type-page","status-publish","has-post-thumbnail","hentry"],"acf":[],"yoast_head":"<!-- This site is optimized with the Yoast SEO plugin v25.0 - https:\/\/yoast.com\/wordpress\/plugins\/seo\/ -->\n<title>B\u00e2timent Quintana - Lucky Flats<\/title>\n<meta name=\"description\" content=\"B\u00e2timent Quintana est situ\u00e9 dans la rue Poeta Quintana, au c\u0153ur d&#039;Alicante. R\u00e9servez aujourd&#039;hui et d\u00e9couvrez la chance de d\u00e9couvrir Alicante\" \/>\n<meta name=\"robots\" content=\"index, follow, max-snippet:-1, max-image-preview:large, max-video-preview:-1\" \/>\n<link rel=\"canonical\" href=\"https:\/\/theluckyflats.com\/fr\/edificio-quintana\/\" \/>\n<meta property=\"og:locale\" content=\"fr_FR\" \/>\n<meta property=\"og:type\" content=\"article\" \/>\n<meta property=\"og:title\" content=\"B\u00e2timent Quintana - Lucky Flats\" \/>\n<meta property=\"og:description\" content=\"B\u00e2timent Quintana est situ\u00e9 dans la rue Poeta Quintana, au c\u0153ur d&#039;Alicante. R\u00e9servez aujourd&#039;hui et d\u00e9couvrez la chance de d\u00e9couvrir Alicante\" \/>\n<meta property=\"og:url\" content=\"https:\/\/theluckyflats.com\/fr\/edificio-quintana\/\" \/>\n<meta property=\"og:site_name\" content=\"Lucky Flats\" \/>\n<meta property=\"article:modified_time\" content=\"2024-04-19T08:30:27+00:00\" \/>\n<meta property=\"og:image\" content=\"https:\/\/theluckyflats.com\/wp-content\/uploads\/2023\/12\/4520d33dac5d387.webp\" \/>\n\t<meta property=\"og:image:width\" content=\"1600\" \/>\n\t<meta property=\"og:image:height\" content=\"1067\" \/>\n\t<meta property=\"og:image:type\" content=\"image\/webp\" \/>\n<meta name=\"twitter:card\" content=\"summary_large_image\" \/>\n<meta name=\"twitter:label1\" content=\"Dur\u00e9e de lecture estim\u00e9e\" \/>\n\t<meta name=\"twitter:data1\" content=\"1 minute\" \/>\n<script type=\"application\/ld+json\" class=\"yoast-schema-graph\">{\"@context\":\"https:\/\/schema.org\",\"@graph\":[{\"@type\":\"WebPage\",\"@id\":\"https:\/\/theluckyflats.com\/fr\/edificio-quintana\/\",\"url\":\"https:\/\/theluckyflats.com\/fr\/edificio-quintana\/\",\"name\":\"B\u00e2timent Quintana - Lucky Flats\",\"isPartOf\":{\"@id\":\"https:\/\/theluckyflats.com\/fr\/#website\"},\"primaryImageOfPage\":{\"@id\":\"https:\/\/theluckyflats.com\/fr\/edificio-quintana\/#primaryimage\"},\"image\":{\"@id\":\"https:\/\/theluckyflats.com\/fr\/edificio-quintana\/#primaryimage\"},\"thumbnailUrl\":\"https:\/\/theluckyflats.com\/wp-content\/uploads\/2023\/12\/4520d33dac5d387.webp\",\"datePublished\":\"2023-11-28T12:19:00+00:00\",\"dateModified\":\"2024-04-19T08:30:27+00:00\",\"description\":\"B\u00e2timent Quintana est situ\u00e9 dans la rue Poeta Quintana, au c\u0153ur d'Alicante. R\u00e9servez aujourd'hui et d\u00e9couvrez la chance de d\u00e9couvrir Alicante\",\"inLanguage\":\"fr-FR\",\"potentialAction\":[{\"@type\":\"ReadAction\",\"target\":[\"https:\/\/theluckyflats.com\/fr\/edificio-quintana\/\"]}]},{\"@type\":\"ImageObject\",\"inLanguage\":\"fr-FR\",\"@id\":\"https:\/\/theluckyflats.com\/fr\/edificio-quintana\/#primaryimage\",\"url\":\"https:\/\/theluckyflats.com\/wp-content\/uploads\/2023\/12\/4520d33dac5d387.webp\",\"contentUrl\":\"https:\/\/theluckyflats.com\/wp-content\/uploads\/2023\/12\/4520d33dac5d387.webp\",\"width\":1600,\"height\":1067},{\"@type\":\"WebSite\",\"@id\":\"https:\/\/theluckyflats.com\/fr\/#website\",\"url\":\"https:\/\/theluckyflats.com\/fr\/\",\"name\":\"Lucky Flats\",\"description\":\"\",\"potentialAction\":[{\"@type\":\"SearchAction\",\"target\":{\"@type\":\"EntryPoint\",\"urlTemplate\":\"https:\/\/theluckyflats.com\/fr\/?s={search_term_string}\"},\"query-input\":{\"@type\":\"PropertyValueSpecification\",\"valueRequired\":true,\"valueName\":\"search_term_string\"}}],\"inLanguage\":\"fr-FR\"}]}<\/script>\n<!-- \/ Yoast SEO plugin. -->","yoast_head_json":{"title":"B\u00e2timent Quintana - Lucky Flats","description":"B\u00e2timent Quintana est situ\u00e9 dans la rue Poeta Quintana, au c\u0153ur d'Alicante. R\u00e9servez aujourd'hui et d\u00e9couvrez la chance de d\u00e9couvrir Alicante","robots":{"index":"index","follow":"follow","max-snippet":"max-snippet:-1","max-image-preview":"max-image-preview:large","max-video-preview":"max-video-preview:-1"},"canonical":"https:\/\/theluckyflats.com\/fr\/edificio-quintana\/","og_locale":"fr_FR","og_type":"article","og_title":"B\u00e2timent Quintana - Lucky Flats","og_description":"B\u00e2timent Quintana est situ\u00e9 dans la rue Poeta Quintana, au c\u0153ur d'Alicante. R\u00e9servez aujourd'hui et d\u00e9couvrez la chance de d\u00e9couvrir Alicante","og_url":"https:\/\/theluckyflats.com\/fr\/edificio-quintana\/","og_site_name":"Lucky Flats","article_modified_time":"2024-04-19T08:30:27+00:00","og_image":[{"width":1600,"height":1067,"url":"https:\/\/theluckyflats.com\/wp-content\/uploads\/2023\/12\/4520d33dac5d387.webp","type":"image\/webp"}],"twitter_card":"summary_large_image","twitter_misc":{"Dur\u00e9e de lecture estim\u00e9e":"1 minute"},"schema":{"@context":"https:\/\/schema.org","@graph":[{"@type":"WebPage","@id":"https:\/\/theluckyflats.com\/fr\/edificio-quintana\/","url":"https:\/\/theluckyflats.com\/fr\/edificio-quintana\/","name":"B\u00e2timent Quintana - Lucky Flats","isPartOf":{"@id":"https:\/\/theluckyflats.com\/fr\/#website"},"primaryImageOfPage":{"@id":"https:\/\/theluckyflats.com\/fr\/edificio-quintana\/#primaryimage"},"image":{"@id":"https:\/\/theluckyflats.com\/fr\/edificio-quintana\/#primaryimage"},"thumbnailUrl":"https:\/\/theluckyflats.com\/wp-content\/uploads\/2023\/12\/4520d33dac5d387.webp","datePublished":"2023-11-28T12:19:00+00:00","dateModified":"2024-04-19T08:30:27+00:00","description":"B\u00e2timent Quintana est situ\u00e9 dans la rue Poeta Quintana, au c\u0153ur d'Alicante. R\u00e9servez aujourd'hui et d\u00e9couvrez la chance de d\u00e9couvrir Alicante","inLanguage":"fr-FR","potentialAction":[{"@type":"ReadAction","target":["https:\/\/theluckyflats.com\/fr\/edificio-quintana\/"]}]},{"@type":"ImageObject","inLanguage":"fr-FR","@id":"https:\/\/theluckyflats.com\/fr\/edificio-quintana\/#primaryimage","url":"https:\/\/theluckyflats.com\/wp-content\/uploads\/2023\/12\/4520d33dac5d387.webp","contentUrl":"https:\/\/theluckyflats.com\/wp-content\/uploads\/2023\/12\/4520d33dac5d387.webp","width":1600,"height":1067},{"@type":"WebSite","@id":"https:\/\/theluckyflats.com\/fr\/#website","url":"https:\/\/theluckyflats.com\/fr\/","name":"Lucky Flats","description":"","potentialAction":[{"@type":"SearchAction","target":{"@type":"EntryPoint","urlTemplate":"https:\/\/theluckyflats.com\/fr\/?s={search_term_string}"},"query-input":{"@type":"PropertyValueSpecification","valueRequired":true,"valueName":"search_term_string"}}],"inLanguage":"fr-FR"}]}},"uagb_featured_image_src":{"full":["https:\/\/theluckyflats.com\/wp-content\/uploads\/2023\/12\/4520d33dac5d387.webp",1600,1067,false],"thumbnail":["https:\/\/theluckyflats.com\/wp-content\/uploads\/2023\/12\/4520d33dac5d387-150x150.webp",150,150,true],"medium":["https:\/\/theluckyflats.com\/wp-content\/uploads\/2023\/12\/4520d33dac5d387-300x200.webp",300,200,true],"medium_large":["https:\/\/theluckyflats.com\/wp-content\/uploads\/2023\/12\/4520d33dac5d387-768x512.webp",768,512,true],"large":["https:\/\/theluckyflats.com\/wp-content\/uploads\/2023\/12\/4520d33dac5d387-1024x683.webp",1024,683,true],"1536x1536":["https:\/\/theluckyflats.com\/wp-content\/uploads\/2023\/12\/4520d33dac5d387-1536x1024.webp",1536,1024,true],"2048x2048":["https:\/\/theluckyflats.com\/wp-content\/uploads\/2023\/12\/4520d33dac5d387.webp",1600,1067,false]},"uagb_author_info":{"display_name":"@oscar","author_link":"https:\/\/theluckyflats.com\/fr\/author\/oscar\/"},"uagb_comment_info":0,"uagb_excerpt":"Appartements spacieux et calmes en plein centre d&rsquo;Alicante Les appartements The Lucky Flats &#8211; Edificio Quintana se trouvent dans la c\u00e9l\u00e8bre rue Poeta Quintana, en plein c\u0153ur d&rsquo;Alicante. Leurs espaces sont lumineux, fonctionnels et modernes, et ils sont situ\u00e9s \u00e0 proximit\u00e9 des principaux points d&rsquo;int\u00e9r\u00eat d&rsquo;Alicante tels que le march\u00e9 central, le th\u00e9\u00e2tre principal, l&rsquo;avenue\u2026","_links":{"self":[{"href":"https:\/\/theluckyflats.com\/fr\/wp-json\/wp\/v2\/pages\/1928","targetHints":{"allow":["GET"]}}],"collection":[{"href":"https:\/\/theluckyflats.com\/fr\/wp-json\/wp\/v2\/pages"}],"about":[{"href":"https:\/\/theluckyflats.com\/fr\/wp-json\/wp\/v2\/types\/page"}],"author":[{"embeddable":true,"href":"https:\/\/theluckyflats.com\/fr\/wp-json\/wp\/v2\/users\/1"}],"replies":[{"embeddable":true,"href":"https:\/\/theluckyflats.com\/fr\/wp-json\/wp\/v2\/comments?post=1928"}],"version-history":[{"count":3,"href":"https:\/\/theluckyflats.com\/fr\/wp-json\/wp\/v2\/pages\/1928\/revisions"}],"predecessor-version":[{"id":2202,"href":"https:\/\/theluckyflats.com\/fr\/wp-json\/wp\/v2\/pages\/1928\/revisions\/2202"}],"wp:featuredmedia":[{"embeddable":true,"href":"https:\/\/theluckyflats.com\/fr\/wp-json\/wp\/v2\/media\/472"}],"wp:attachment":[{"href":"https:\/\/theluckyflats.com\/fr\/wp-json\/wp\/v2\/media?parent=1928"}],"curies":[{"name":"wp","href":"https:\/\/api.w.org\/{rel}","templated":true}]}}