{"id":1933,"date":"2023-12-20T07:39:59","date_gmt":"2023-12-20T06:39:59","guid":{"rendered":"https:\/\/theluckyflats.com\/edificio-suites\/"},"modified":"2024-04-19T10:32:09","modified_gmt":"2024-04-19T08:32:09","slug":"edificio-suites","status":"publish","type":"page","link":"https:\/\/theluckyflats.com\/fr\/edificio-suites\/","title":{"rendered":"B\u00e2timent Suites"},"content":{"rendered":"\n<section class=\"wp-block-group has-c-text-color has-white-background-color has-text-color has-background has-link-color wp-elements-55a45505be0764d22fe72413be0f6f34 is-layout-constrained wp-container-core-group-is-layout-43564dda wp-block-group-is-layout-constrained\" style=\"padding-top:60px;padding-right:15px;padding-bottom:60px;padding-left:15px\">\n<p class=\"has-text-align-center\">Espaces de design et de confort au centre d&rsquo;Alicante<\/p>\n\n\n\n<p class=\"has-text-align-center\">Nos appartements The Lucky Flats &#8211; B\u00e2timents Suites sont con\u00e7us pour offrir le plus haut niveau de confort et de bien-\u00eatre \u00e0 nos invit\u00e9s. La spaciosit\u00e9 de leurs espaces, leur luminosit\u00e9 et leur \u00e9l\u00e9gante d\u00e9coration font de nos Suites l&rsquo;h\u00e9bergement id\u00e9al pour les familles et les groupes cherchant \u00e0 profiter d&rsquo;un s\u00e9jour paisible et styl\u00e9 \u00e0 Alicante.<\/p>\n\n\n\n<p class=\"has-text-align-center\">Les Suites de The Lucky Flats sont situ\u00e9es au centre d&rsquo;Alicante, \u00e0 deux pas de la rue Quintana de plus en plus populaire, o\u00f9 vous trouverez de nombreux restaurants locaux et des boutiques traditionnelles. De plus, vous pourrez vous rendre \u00e0 pied \u00e0 des lieux d&rsquo;int\u00e9r\u00eat tels que le march\u00e9 central, le th\u00e9\u00e2tre principal et la plage du Postiguet.<\/p>\n\n\n\n<p class=\"has-text-align-center\">Tous nos appartements Suites offrent une connexion Wi-Fi gratuite, un service t\u00e9l\u00e9phonique disponible 24 heures sur 24 et une assistance en personne pendant la journ\u00e9e, une buanderie avec lave-linge et s\u00e8che-linge, des casiers et un parking gratuit (uniquement en r\u00e9servant via notre site web).<\/p>\n<\/section>\n\n\n\n\n<section class=\"content-wrapper | apartments-archive \">\n\n\t\t\t\n\t<article class=\"\">\n\t\t<div class=\"article-wrapper\">\n\t\t\t<a href=\"https:\/\/theluckyflats.com\/fr\/appartement\/poeta-quintana-suites\/\">\n\t\t\t\t<figure>\n\t\t\t\t\t<img loading=\"lazy\" decoding=\"async\" width=\"1024\" height=\"682\" src=\"https:\/\/theluckyflats.com\/wp-content\/uploads\/2023\/12\/ff883412d4209ca-1024x682.webp\" class=\"attachment-large size-large wp-post-image\" alt=\"\" srcset=\"https:\/\/theluckyflats.com\/wp-content\/uploads\/2023\/12\/ff883412d4209ca-1024x682.webp 1024w, https:\/\/theluckyflats.com\/wp-content\/uploads\/2023\/12\/ff883412d4209ca-300x200.webp 300w, https:\/\/theluckyflats.com\/wp-content\/uploads\/2023\/12\/ff883412d4209ca-768x512.webp 768w, https:\/\/theluckyflats.com\/wp-content\/uploads\/2023\/12\/ff883412d4209ca-1536x1023.webp 1536w, https:\/\/theluckyflats.com\/wp-content\/uploads\/2023\/12\/ff883412d4209ca.webp 1600w\" sizes=\"auto, (max-width: 1024px) 100vw, 1024px\" \/>\t\t\t\t<\/figure>\n\t\t\t<\/a>\n\t\t\t<div class=\"content\">\n\t\t\t\t\n\t\t\t\t<a href=\"https:\/\/theluckyflats.com\/fr\/appartement\/poeta-quintana-suites\/\">\n\t\t\t\t\t<h2>\n\t\t\t\t\t\t    <span\n        class=\"nunito small\">POETA QUINTANA<\/span>\n        SUITES    \n    \n    \t\t\t\t\t<\/h2>\n\t\t\t\t<\/a>\n\n\t\t\t\t<div class=\"\">\n\t\t\t\t\t<p>Notre suite a \u00e9t\u00e9 con\u00e7ue pour les clients recherchant un niveau de confort sup\u00e9rieur. D\u00e9cor\u00e9 de mani\u00e8re moderne, \u00e9l\u00e9gante et d\u00e9taill\u00e9e, son environnement est cr\u00e9\u00e9 pour renforcer votre sensation de repos et de plaisir. Elle dispose de deux chambres et d&rsquo;un canap\u00e9-lit pour deux personnes dans le salon, ainsi que de deux salles de bains pour plus de commodit\u00e9.<\/p>\n                    \n                                             \n                        <span><strong>Taille de l&rsquo;appartement :<\/strong> 60m\u00b2<\/span>\n                    \n\t\t\t\t\t<a class=\"link\" href=\"https:\/\/theluckyflats.com\/fr\/appartement\/poeta-quintana-suites\/\">\n\t\t\t\t\t\t<span>Voir l&rsquo;appartement<\/span>\n\t\t\t\t\t\t<svg class=\"\" width=\"24\" height=\"9\" viewBox=\"0 0 24 9\" fill=\"none\"\n\t\t\t\t\t\t\txmlns=\"http:\/\/www.w3.org\/2000\/svg\">\n\t\t\t\t\t\t\t<path\n\t\t\t\t\t\t\t\td=\"M23.3536 4.85355C23.5488 4.65829 23.5488 4.34171 23.3536 4.14645L20.1716 0.964466C19.9763 0.769204 19.6597 0.769204 19.4645 0.964466C19.2692 1.15973 19.2692 1.47631 19.4645 1.67157L22.2929 4.5L19.4645 7.32843C19.2692 7.52369 19.2692 7.84027 19.4645 8.03553C19.6597 8.2308 19.9763 8.2308 20.1716 8.03553L23.3536 4.85355ZM0 5H23V4H0V5Z\" \/>\n\t\t\t\t\t\t<\/svg>\n\t\t\t\t\t<\/a>\n\t\t\t\t<\/div>\n\t\t\t<\/div>\n\t\t<\/div>\n\t<\/article>\n\n\t\t\n\n\n\n<\/section>\n\n\n","protected":false},"excerpt":{"rendered":"<p>Espaces de design et de confort au centre d&rsquo;Alicante Nos appartements The Lucky Flats &#8211; B\u00e2timents Suites sont con\u00e7us pour offrir le plus haut niveau de confort et de bien-\u00eatre \u00e0 nos invit\u00e9s. La spaciosit\u00e9 de leurs espaces, leur luminosit\u00e9 et leur \u00e9l\u00e9gante d\u00e9coration font de nos Suites l&rsquo;h\u00e9bergement id\u00e9al pour les familles et les [&hellip;]<\/p>\n","protected":false},"author":1,"featured_media":573,"parent":0,"menu_order":0,"comment_status":"closed","ping_status":"closed","template":"","meta":{"_acf_changed":false,"inline_featured_image":false,"_uag_custom_page_level_css":"","footnotes":""},"class_list":["post-1933","page","type-page","status-publish","has-post-thumbnail","hentry"],"acf":[],"yoast_head":"<!-- This site is optimized with the Yoast SEO plugin v25.0 - https:\/\/yoast.com\/wordpress\/plugins\/seo\/ -->\n<title>B\u00e2timent Suites - Lucky Flats<\/title>\n<meta name=\"description\" content=\"B\u00e2timent Suites sont con\u00e7ues pour offrir le plus haut niveau de confort et de bien-\u00eatre \u00e0 nos h\u00f4tes - r\u00e9servez d\u00e8s maintenant !\" \/>\n<meta name=\"robots\" content=\"index, follow, max-snippet:-1, max-image-preview:large, max-video-preview:-1\" \/>\n<link rel=\"canonical\" href=\"https:\/\/theluckyflats.com\/fr\/edificio-suites\/\" \/>\n<meta property=\"og:locale\" content=\"fr_FR\" \/>\n<meta property=\"og:type\" content=\"article\" \/>\n<meta property=\"og:title\" content=\"B\u00e2timent Suites - Lucky Flats\" \/>\n<meta property=\"og:description\" content=\"B\u00e2timent Suites sont con\u00e7ues pour offrir le plus haut niveau de confort et de bien-\u00eatre \u00e0 nos h\u00f4tes - r\u00e9servez d\u00e8s maintenant !\" \/>\n<meta property=\"og:url\" content=\"https:\/\/theluckyflats.com\/fr\/edificio-suites\/\" \/>\n<meta property=\"og:site_name\" content=\"Lucky Flats\" \/>\n<meta property=\"article:modified_time\" content=\"2024-04-19T08:32:09+00:00\" \/>\n<meta property=\"og:image\" content=\"https:\/\/theluckyflats.com\/wp-content\/uploads\/2023\/12\/ff883412d4209ca.webp\" \/>\n\t<meta property=\"og:image:width\" content=\"1600\" \/>\n\t<meta property=\"og:image:height\" content=\"1066\" \/>\n\t<meta property=\"og:image:type\" content=\"image\/webp\" \/>\n<meta name=\"twitter:card\" content=\"summary_large_image\" \/>\n<meta name=\"twitter:label1\" content=\"Dur\u00e9e de lecture estim\u00e9e\" \/>\n\t<meta name=\"twitter:data1\" content=\"1 minute\" \/>\n<script type=\"application\/ld+json\" class=\"yoast-schema-graph\">{\"@context\":\"https:\/\/schema.org\",\"@graph\":[{\"@type\":\"WebPage\",\"@id\":\"https:\/\/theluckyflats.com\/fr\/edificio-suites\/\",\"url\":\"https:\/\/theluckyflats.com\/fr\/edificio-suites\/\",\"name\":\"B\u00e2timent Suites - Lucky Flats\",\"isPartOf\":{\"@id\":\"https:\/\/theluckyflats.com\/fr\/#website\"},\"primaryImageOfPage\":{\"@id\":\"https:\/\/theluckyflats.com\/fr\/edificio-suites\/#primaryimage\"},\"image\":{\"@id\":\"https:\/\/theluckyflats.com\/fr\/edificio-suites\/#primaryimage\"},\"thumbnailUrl\":\"https:\/\/theluckyflats.com\/wp-content\/uploads\/2023\/12\/ff883412d4209ca.webp\",\"datePublished\":\"2023-12-20T06:39:59+00:00\",\"dateModified\":\"2024-04-19T08:32:09+00:00\",\"description\":\"B\u00e2timent Suites sont con\u00e7ues pour offrir le plus haut niveau de confort et de bien-\u00eatre \u00e0 nos h\u00f4tes - r\u00e9servez d\u00e8s maintenant !\",\"inLanguage\":\"fr-FR\",\"potentialAction\":[{\"@type\":\"ReadAction\",\"target\":[\"https:\/\/theluckyflats.com\/fr\/edificio-suites\/\"]}]},{\"@type\":\"ImageObject\",\"inLanguage\":\"fr-FR\",\"@id\":\"https:\/\/theluckyflats.com\/fr\/edificio-suites\/#primaryimage\",\"url\":\"https:\/\/theluckyflats.com\/wp-content\/uploads\/2023\/12\/ff883412d4209ca.webp\",\"contentUrl\":\"https:\/\/theluckyflats.com\/wp-content\/uploads\/2023\/12\/ff883412d4209ca.webp\",\"width\":1600,\"height\":1066},{\"@type\":\"WebSite\",\"@id\":\"https:\/\/theluckyflats.com\/fr\/#website\",\"url\":\"https:\/\/theluckyflats.com\/fr\/\",\"name\":\"Lucky Flats\",\"description\":\"\",\"potentialAction\":[{\"@type\":\"SearchAction\",\"target\":{\"@type\":\"EntryPoint\",\"urlTemplate\":\"https:\/\/theluckyflats.com\/fr\/?s={search_term_string}\"},\"query-input\":{\"@type\":\"PropertyValueSpecification\",\"valueRequired\":true,\"valueName\":\"search_term_string\"}}],\"inLanguage\":\"fr-FR\"}]}<\/script>\n<!-- \/ Yoast SEO plugin. -->","yoast_head_json":{"title":"B\u00e2timent Suites - Lucky Flats","description":"B\u00e2timent Suites sont con\u00e7ues pour offrir le plus haut niveau de confort et de bien-\u00eatre \u00e0 nos h\u00f4tes - r\u00e9servez d\u00e8s maintenant !","robots":{"index":"index","follow":"follow","max-snippet":"max-snippet:-1","max-image-preview":"max-image-preview:large","max-video-preview":"max-video-preview:-1"},"canonical":"https:\/\/theluckyflats.com\/fr\/edificio-suites\/","og_locale":"fr_FR","og_type":"article","og_title":"B\u00e2timent Suites - Lucky Flats","og_description":"B\u00e2timent Suites sont con\u00e7ues pour offrir le plus haut niveau de confort et de bien-\u00eatre \u00e0 nos h\u00f4tes - r\u00e9servez d\u00e8s maintenant !","og_url":"https:\/\/theluckyflats.com\/fr\/edificio-suites\/","og_site_name":"Lucky Flats","article_modified_time":"2024-04-19T08:32:09+00:00","og_image":[{"width":1600,"height":1066,"url":"https:\/\/theluckyflats.com\/wp-content\/uploads\/2023\/12\/ff883412d4209ca.webp","type":"image\/webp"}],"twitter_card":"summary_large_image","twitter_misc":{"Dur\u00e9e de lecture estim\u00e9e":"1 minute"},"schema":{"@context":"https:\/\/schema.org","@graph":[{"@type":"WebPage","@id":"https:\/\/theluckyflats.com\/fr\/edificio-suites\/","url":"https:\/\/theluckyflats.com\/fr\/edificio-suites\/","name":"B\u00e2timent Suites - Lucky Flats","isPartOf":{"@id":"https:\/\/theluckyflats.com\/fr\/#website"},"primaryImageOfPage":{"@id":"https:\/\/theluckyflats.com\/fr\/edificio-suites\/#primaryimage"},"image":{"@id":"https:\/\/theluckyflats.com\/fr\/edificio-suites\/#primaryimage"},"thumbnailUrl":"https:\/\/theluckyflats.com\/wp-content\/uploads\/2023\/12\/ff883412d4209ca.webp","datePublished":"2023-12-20T06:39:59+00:00","dateModified":"2024-04-19T08:32:09+00:00","description":"B\u00e2timent Suites sont con\u00e7ues pour offrir le plus haut niveau de confort et de bien-\u00eatre \u00e0 nos h\u00f4tes - r\u00e9servez d\u00e8s maintenant !","inLanguage":"fr-FR","potentialAction":[{"@type":"ReadAction","target":["https:\/\/theluckyflats.com\/fr\/edificio-suites\/"]}]},{"@type":"ImageObject","inLanguage":"fr-FR","@id":"https:\/\/theluckyflats.com\/fr\/edificio-suites\/#primaryimage","url":"https:\/\/theluckyflats.com\/wp-content\/uploads\/2023\/12\/ff883412d4209ca.webp","contentUrl":"https:\/\/theluckyflats.com\/wp-content\/uploads\/2023\/12\/ff883412d4209ca.webp","width":1600,"height":1066},{"@type":"WebSite","@id":"https:\/\/theluckyflats.com\/fr\/#website","url":"https:\/\/theluckyflats.com\/fr\/","name":"Lucky Flats","description":"","potentialAction":[{"@type":"SearchAction","target":{"@type":"EntryPoint","urlTemplate":"https:\/\/theluckyflats.com\/fr\/?s={search_term_string}"},"query-input":{"@type":"PropertyValueSpecification","valueRequired":true,"valueName":"search_term_string"}}],"inLanguage":"fr-FR"}]}},"uagb_featured_image_src":{"full":["https:\/\/theluckyflats.com\/wp-content\/uploads\/2023\/12\/ff883412d4209ca.webp",1600,1066,false],"thumbnail":["https:\/\/theluckyflats.com\/wp-content\/uploads\/2023\/12\/ff883412d4209ca-150x150.webp",150,150,true],"medium":["https:\/\/theluckyflats.com\/wp-content\/uploads\/2023\/12\/ff883412d4209ca-300x200.webp",300,200,true],"medium_large":["https:\/\/theluckyflats.com\/wp-content\/uploads\/2023\/12\/ff883412d4209ca-768x512.webp",768,512,true],"large":["https:\/\/theluckyflats.com\/wp-content\/uploads\/2023\/12\/ff883412d4209ca-1024x682.webp",1024,682,true],"1536x1536":["https:\/\/theluckyflats.com\/wp-content\/uploads\/2023\/12\/ff883412d4209ca-1536x1023.webp",1536,1023,true],"2048x2048":["https:\/\/theluckyflats.com\/wp-content\/uploads\/2023\/12\/ff883412d4209ca.webp",1600,1066,false]},"uagb_author_info":{"display_name":"@oscar","author_link":"https:\/\/theluckyflats.com\/fr\/author\/oscar\/"},"uagb_comment_info":0,"uagb_excerpt":"Espaces de design et de confort au centre d&rsquo;Alicante Nos appartements The Lucky Flats &#8211; B\u00e2timents Suites sont con\u00e7us pour offrir le plus haut niveau de confort et de bien-\u00eatre \u00e0 nos invit\u00e9s. La spaciosit\u00e9 de leurs espaces, leur luminosit\u00e9 et leur \u00e9l\u00e9gante d\u00e9coration font de nos Suites l&rsquo;h\u00e9bergement id\u00e9al pour les familles et les\u2026","_links":{"self":[{"href":"https:\/\/theluckyflats.com\/fr\/wp-json\/wp\/v2\/pages\/1933","targetHints":{"allow":["GET"]}}],"collection":[{"href":"https:\/\/theluckyflats.com\/fr\/wp-json\/wp\/v2\/pages"}],"about":[{"href":"https:\/\/theluckyflats.com\/fr\/wp-json\/wp\/v2\/types\/page"}],"author":[{"embeddable":true,"href":"https:\/\/theluckyflats.com\/fr\/wp-json\/wp\/v2\/users\/1"}],"replies":[{"embeddable":true,"href":"https:\/\/theluckyflats.com\/fr\/wp-json\/wp\/v2\/comments?post=1933"}],"version-history":[{"count":4,"href":"https:\/\/theluckyflats.com\/fr\/wp-json\/wp\/v2\/pages\/1933\/revisions"}],"predecessor-version":[{"id":1938,"href":"https:\/\/theluckyflats.com\/fr\/wp-json\/wp\/v2\/pages\/1933\/revisions\/1938"}],"wp:featuredmedia":[{"embeddable":true,"href":"https:\/\/theluckyflats.com\/fr\/wp-json\/wp\/v2\/media\/573"}],"wp:attachment":[{"href":"https:\/\/theluckyflats.com\/fr\/wp-json\/wp\/v2\/media?parent=1933"}],"curies":[{"name":"wp","href":"https:\/\/api.w.org\/{rel}","templated":true}]}}