{"id":1940,"date":"2023-11-24T13:53:54","date_gmt":"2023-11-24T12:53:54","guid":{"rendered":"https:\/\/theluckyflats.com\/nosotros\/"},"modified":"2024-04-19T10:21:55","modified_gmt":"2024-04-19T08:21:55","slug":"nosotros","status":"publish","type":"page","link":"https:\/\/theluckyflats.com\/fr\/nosotros\/","title":{"rendered":"\u00c0 propos de nous"},"content":{"rendered":"\n<div class=\"wp-block-group has-c-text-color has-white-background-color has-text-color has-background has-link-color wp-elements-4104170227aaf342efe7099f96295452 is-layout-constrained wp-container-core-group-is-layout-43564dda wp-block-group-is-layout-constrained\" style=\"padding-top:60px;padding-right:15px;padding-bottom:60px;padding-left:15px\">\n<p class=\"has-text-align-center\">Les Lucky Flats voient le jour par une journ\u00e9e ensoleill\u00e9e de l&rsquo;ann\u00e9e 2015, dans la rue Poeta Quintana \u00e0 Alicante, dans le but d&rsquo;offrir aux voyageurs une alternative au s\u00e9jour classique dans les h\u00f4tels traditionnels.<\/p>\n\n\n\n<p class=\"has-text-align-center\">Nos premiers appartements \u00e0 Quintana sont devenus le \u00ab\u00a0chez-soi\u00a0\u00bb alicantin de nombreux invit\u00e9s qui, tout comme nous, se sentaient heureux et reconnaissants de passer quelques jours dans la terreta, profitant de notre histoire, de nos plages, de notre gastronomie et de notre soleil infatigable.<\/p>\n\n\n\n<p class=\"has-text-align-center\">Nous nous sentions tellement chanceux en voyant tant de visages heureux que nous avons fait grandir notre flotte pour compter aujourd&rsquo;hui 30 appartements r\u00e9partis dans diff\u00e9rents immeubles du centre d&rsquo;Alicante. De cette mani\u00e8re, nous pouvons r\u00e9pondre aux besoins de chacun des invit\u00e9s qui nous rendent visite : familles, amis, couples, groupes, \u00e9coles\u2026 Chaque appartement de The Lucky Flats a son invit\u00e9 id\u00e9al !<\/p>\n<\/div>\n\n\n\n<div class=\"wp-block-uagb-container uagb-block-c098f4cb alignfull uagb-is-root-container\"><div class=\"uagb-container-inner-blocks-wrap\">\n<div class=\"wp-block-uagb-container fadeinright uagb-block-df528352 default uagb-is-root-container\">\n<div class=\"wp-block-uagb-container uagb-block-30aa00f3\"><\/div>\n\n\n\n<div class=\"wp-block-uagb-container uagb-block-3eff7caa\">\n<p class=\"has-c-text-color has-text-color has-link-color wp-elements-e7a0e5288bc76c7e11d1bc6cd2b0cf63\">En The Lucky Flats, nous voulons que nos invit\u00e9s se sentent comme chez eux, profitent d&rsquo;un s\u00e9jour agr\u00e9able dans des espaces lumineux, spacieux, accueillants et enti\u00e8rement \u00e9quip\u00e9s, ressentant la proximit\u00e9 de notre \u00e9quipe et \u00e0 proximit\u00e9 des nombreuses activit\u00e9s et sites d&rsquo;int\u00e9r\u00eat que la ville d&rsquo;Alicante propose tout au long de l&rsquo;ann\u00e9e.<\/p>\n\n\n\n<p><strong><em>Nous nous sentons tellement chanceux de vous avoir ici !<\/em><\/strong><\/p>\n\n\n\n<div class=\"wp-block-uagb-buttons uagb-buttons__outer-wrap uagb-btn__small-btn uagb-btn-tablet__default-btn uagb-btn-mobile__default-btn uagb-block-83746165\"><div class=\"uagb-buttons__wrap uagb-buttons-layout-wrap\">\n<div class=\"wp-block-uagb-buttons-child uagb-buttons__outer-wrap uagb-block-5bebb866 wp-block-button\"><div class=\"uagb-button__wrapper\"><a class=\"uagb-buttons-repeater wp-block-button__link\" href=\"\/fr\/edificio-quintana\/\" onclick=\"return true;\" rel=\"follow noopener\" target=\"_self\"><div class=\"uagb-button__link\">B\u00e2timent Quintana<\/div><span class=\"uagb-button__icon uagb-button__icon-position-after\"><svg xmlns=\"https:\/\/www.w3.org\/2000\/svg\" viewBox=\"0 0 448 512\"><path d=\"M438.6 278.6l-160 160C272.4 444.9 264.2 448 256 448s-16.38-3.125-22.62-9.375c-12.5-12.5-12.5-32.75 0-45.25L338.8 288H32C14.33 288 .0016 273.7 .0016 256S14.33 224 32 224h306.8l-105.4-105.4c-12.5-12.5-12.5-32.75 0-45.25s32.75-12.5 45.25 0l160 160C451.1 245.9 451.1 266.1 438.6 278.6z\"><\/path><\/svg><\/span><\/a><\/div><\/div>\n\n\n\n<div class=\"wp-block-uagb-buttons-child uagb-buttons__outer-wrap uagb-block-5c1f4b30 wp-block-button\"><div class=\"uagb-button__wrapper\"><a class=\"uagb-buttons-repeater wp-block-button__link\" href=\"\/fr\/edificio-artilleros\/\" onclick=\"return true;\" rel=\"follow noopener\" target=\"_self\"><div class=\"uagb-button__link\">B\u00e2timent des Artilleurs<\/div><span class=\"uagb-button__icon uagb-button__icon-position-after\"><svg xmlns=\"https:\/\/www.w3.org\/2000\/svg\" viewBox=\"0 0 448 512\"><path d=\"M438.6 278.6l-160 160C272.4 444.9 264.2 448 256 448s-16.38-3.125-22.62-9.375c-12.5-12.5-12.5-32.75 0-45.25L338.8 288H32C14.33 288 .0016 273.7 .0016 256S14.33 224 32 224h306.8l-105.4-105.4c-12.5-12.5-12.5-32.75 0-45.25s32.75-12.5 45.25 0l160 160C451.1 245.9 451.1 266.1 438.6 278.6z\"><\/path><\/svg><\/span><\/a><\/div><\/div>\n<\/div><\/div>\n\n\n\n<div class=\"wp-block-uagb-buttons uagb-buttons__outer-wrap uagb-btn__small-btn uagb-btn-tablet__default-btn uagb-btn-mobile__default-btn uagb-block-09ae2aca\"><div class=\"uagb-buttons__wrap uagb-buttons-layout-wrap\">\n<div class=\"wp-block-uagb-buttons-child uagb-buttons__outer-wrap uagb-block-426081ed wp-block-button\"><div class=\"uagb-button__wrapper\"><a class=\"uagb-buttons-repeater wp-block-button__link\" href=\"\/fr\/edificio-suites\/\" onclick=\"return true;\" rel=\"follow noopener\" target=\"_self\"><div class=\"uagb-button__link\">B\u00e2timent Suites<\/div><span class=\"uagb-button__icon uagb-button__icon-position-after\"><svg xmlns=\"https:\/\/www.w3.org\/2000\/svg\" viewBox=\"0 0 448 512\"><path d=\"M438.6 278.6l-160 160C272.4 444.9 264.2 448 256 448s-16.38-3.125-22.62-9.375c-12.5-12.5-12.5-32.75 0-45.25L338.8 288H32C14.33 288 .0016 273.7 .0016 256S14.33 224 32 224h306.8l-105.4-105.4c-12.5-12.5-12.5-32.75 0-45.25s32.75-12.5 45.25 0l160 160C451.1 245.9 451.1 266.1 438.6 278.6z\"><\/path><\/svg><\/span><\/a><\/div><\/div>\n\n\n\n<div class=\"wp-block-uagb-buttons-child uagb-buttons__outer-wrap uagb-block-d99f4628 wp-block-button\"><div class=\"uagb-button__wrapper\"><a class=\"uagb-buttons-repeater wp-block-button__link\" href=\"https:\/\/theluckyflats.com\/fr\/grand-apartments\/\" onclick=\"return true;\" rel=\"follow noopener\" target=\"_self\"><div class=\"uagb-button__link\">Grand Apartments<\/div><span class=\"uagb-button__icon uagb-button__icon-position-after\"><svg xmlns=\"https:\/\/www.w3.org\/2000\/svg\" viewBox=\"0 0 448 512\"><path d=\"M438.6 278.6l-160 160C272.4 444.9 264.2 448 256 448s-16.38-3.125-22.62-9.375c-12.5-12.5-12.5-32.75 0-45.25L338.8 288H32C14.33 288 .0016 273.7 .0016 256S14.33 224 32 224h306.8l-105.4-105.4c-12.5-12.5-12.5-32.75 0-45.25s32.75-12.5 45.25 0l160 160C451.1 245.9 451.1 266.1 438.6 278.6z\"><\/path><\/svg><\/span><\/a><\/div><\/div>\n<\/div><\/div>\n<\/div>\n<\/div>\n<\/div><\/div>\n","protected":false},"excerpt":{"rendered":"<p>Les Lucky Flats voient le jour par une journ\u00e9e ensoleill\u00e9e de l&rsquo;ann\u00e9e 2015, dans la rue Poeta Quintana \u00e0 Alicante, dans le but d&rsquo;offrir aux voyageurs une alternative au s\u00e9jour classique dans les h\u00f4tels traditionnels. Nos premiers appartements \u00e0 Quintana sont devenus le \u00ab\u00a0chez-soi\u00a0\u00bb alicantin de nombreux invit\u00e9s qui, tout comme nous, se sentaient heureux [&hellip;]<\/p>\n","protected":false},"author":1,"featured_media":1054,"parent":0,"menu_order":0,"comment_status":"closed","ping_status":"closed","template":"","meta":{"_acf_changed":false,"inline_featured_image":false,"_uag_custom_page_level_css":"","footnotes":""},"class_list":["post-1940","page","type-page","status-publish","has-post-thumbnail","hentry"],"acf":[],"yoast_head":"<!-- This site is optimized with the Yoast SEO plugin v25.0 - https:\/\/yoast.com\/wordpress\/plugins\/seo\/ -->\n<title>\u00c0 propos de nous - Lucky Flats<\/title>\n<meta name=\"description\" content=\"The Lucky Flats est n\u00e9 un jour ensoleill\u00e9 de 2015 dans le but d&#039;offrir une alternative au s\u00e9jour classique dans les h\u00f4tels traditionnels.\" \/>\n<meta name=\"robots\" content=\"index, follow, max-snippet:-1, max-image-preview:large, max-video-preview:-1\" \/>\n<link rel=\"canonical\" href=\"https:\/\/theluckyflats.com\/fr\/nosotros\/\" \/>\n<meta property=\"og:locale\" content=\"fr_FR\" \/>\n<meta property=\"og:type\" content=\"article\" \/>\n<meta property=\"og:title\" content=\"\u00c0 propos de nous - Lucky Flats\" \/>\n<meta property=\"og:description\" content=\"The Lucky Flats est n\u00e9 un jour ensoleill\u00e9 de 2015 dans le but d&#039;offrir une alternative au s\u00e9jour classique dans les h\u00f4tels traditionnels.\" \/>\n<meta property=\"og:url\" content=\"https:\/\/theluckyflats.com\/fr\/nosotros\/\" \/>\n<meta property=\"og:site_name\" content=\"Lucky Flats\" \/>\n<meta property=\"article:modified_time\" content=\"2024-04-19T08:21:55+00:00\" \/>\n<meta property=\"og:image\" content=\"https:\/\/theluckyflats.com\/wp-content\/uploads\/2023\/12\/bg.min_.jpg\" \/>\n\t<meta property=\"og:image:width\" content=\"1820\" \/>\n\t<meta property=\"og:image:height\" content=\"1000\" \/>\n\t<meta property=\"og:image:type\" content=\"image\/jpeg\" \/>\n<meta name=\"twitter:card\" content=\"summary_large_image\" \/>\n<meta name=\"twitter:label1\" content=\"Dur\u00e9e de lecture estim\u00e9e\" \/>\n\t<meta name=\"twitter:data1\" content=\"2 minutes\" \/>\n<script type=\"application\/ld+json\" class=\"yoast-schema-graph\">{\"@context\":\"https:\/\/schema.org\",\"@graph\":[{\"@type\":\"WebPage\",\"@id\":\"https:\/\/theluckyflats.com\/fr\/nosotros\/\",\"url\":\"https:\/\/theluckyflats.com\/fr\/nosotros\/\",\"name\":\"\u00c0 propos de nous - Lucky Flats\",\"isPartOf\":{\"@id\":\"https:\/\/theluckyflats.com\/fr\/#website\"},\"primaryImageOfPage\":{\"@id\":\"https:\/\/theluckyflats.com\/fr\/nosotros\/#primaryimage\"},\"image\":{\"@id\":\"https:\/\/theluckyflats.com\/fr\/nosotros\/#primaryimage\"},\"thumbnailUrl\":\"https:\/\/theluckyflats.com\/wp-content\/uploads\/2023\/12\/bg.min_.jpg\",\"datePublished\":\"2023-11-24T12:53:54+00:00\",\"dateModified\":\"2024-04-19T08:21:55+00:00\",\"description\":\"The Lucky Flats est n\u00e9 un jour ensoleill\u00e9 de 2015 dans le but d'offrir une alternative au s\u00e9jour classique dans les h\u00f4tels traditionnels.\",\"inLanguage\":\"fr-FR\",\"potentialAction\":[{\"@type\":\"ReadAction\",\"target\":[\"https:\/\/theluckyflats.com\/fr\/nosotros\/\"]}]},{\"@type\":\"ImageObject\",\"inLanguage\":\"fr-FR\",\"@id\":\"https:\/\/theluckyflats.com\/fr\/nosotros\/#primaryimage\",\"url\":\"https:\/\/theluckyflats.com\/wp-content\/uploads\/2023\/12\/bg.min_.jpg\",\"contentUrl\":\"https:\/\/theluckyflats.com\/wp-content\/uploads\/2023\/12\/bg.min_.jpg\",\"width\":1820,\"height\":1000},{\"@type\":\"WebSite\",\"@id\":\"https:\/\/theluckyflats.com\/fr\/#website\",\"url\":\"https:\/\/theluckyflats.com\/fr\/\",\"name\":\"Lucky Flats\",\"description\":\"\",\"potentialAction\":[{\"@type\":\"SearchAction\",\"target\":{\"@type\":\"EntryPoint\",\"urlTemplate\":\"https:\/\/theluckyflats.com\/fr\/?s={search_term_string}\"},\"query-input\":{\"@type\":\"PropertyValueSpecification\",\"valueRequired\":true,\"valueName\":\"search_term_string\"}}],\"inLanguage\":\"fr-FR\"}]}<\/script>\n<!-- \/ Yoast SEO plugin. -->","yoast_head_json":{"title":"\u00c0 propos de nous - Lucky Flats","description":"The Lucky Flats est n\u00e9 un jour ensoleill\u00e9 de 2015 dans le but d'offrir une alternative au s\u00e9jour classique dans les h\u00f4tels traditionnels.","robots":{"index":"index","follow":"follow","max-snippet":"max-snippet:-1","max-image-preview":"max-image-preview:large","max-video-preview":"max-video-preview:-1"},"canonical":"https:\/\/theluckyflats.com\/fr\/nosotros\/","og_locale":"fr_FR","og_type":"article","og_title":"\u00c0 propos de nous - Lucky Flats","og_description":"The Lucky Flats est n\u00e9 un jour ensoleill\u00e9 de 2015 dans le but d'offrir une alternative au s\u00e9jour classique dans les h\u00f4tels traditionnels.","og_url":"https:\/\/theluckyflats.com\/fr\/nosotros\/","og_site_name":"Lucky Flats","article_modified_time":"2024-04-19T08:21:55+00:00","og_image":[{"width":1820,"height":1000,"url":"https:\/\/theluckyflats.com\/wp-content\/uploads\/2023\/12\/bg.min_.jpg","type":"image\/jpeg"}],"twitter_card":"summary_large_image","twitter_misc":{"Dur\u00e9e de lecture estim\u00e9e":"2 minutes"},"schema":{"@context":"https:\/\/schema.org","@graph":[{"@type":"WebPage","@id":"https:\/\/theluckyflats.com\/fr\/nosotros\/","url":"https:\/\/theluckyflats.com\/fr\/nosotros\/","name":"\u00c0 propos de nous - Lucky Flats","isPartOf":{"@id":"https:\/\/theluckyflats.com\/fr\/#website"},"primaryImageOfPage":{"@id":"https:\/\/theluckyflats.com\/fr\/nosotros\/#primaryimage"},"image":{"@id":"https:\/\/theluckyflats.com\/fr\/nosotros\/#primaryimage"},"thumbnailUrl":"https:\/\/theluckyflats.com\/wp-content\/uploads\/2023\/12\/bg.min_.jpg","datePublished":"2023-11-24T12:53:54+00:00","dateModified":"2024-04-19T08:21:55+00:00","description":"The Lucky Flats est n\u00e9 un jour ensoleill\u00e9 de 2015 dans le but d'offrir une alternative au s\u00e9jour classique dans les h\u00f4tels traditionnels.","inLanguage":"fr-FR","potentialAction":[{"@type":"ReadAction","target":["https:\/\/theluckyflats.com\/fr\/nosotros\/"]}]},{"@type":"ImageObject","inLanguage":"fr-FR","@id":"https:\/\/theluckyflats.com\/fr\/nosotros\/#primaryimage","url":"https:\/\/theluckyflats.com\/wp-content\/uploads\/2023\/12\/bg.min_.jpg","contentUrl":"https:\/\/theluckyflats.com\/wp-content\/uploads\/2023\/12\/bg.min_.jpg","width":1820,"height":1000},{"@type":"WebSite","@id":"https:\/\/theluckyflats.com\/fr\/#website","url":"https:\/\/theluckyflats.com\/fr\/","name":"Lucky Flats","description":"","potentialAction":[{"@type":"SearchAction","target":{"@type":"EntryPoint","urlTemplate":"https:\/\/theluckyflats.com\/fr\/?s={search_term_string}"},"query-input":{"@type":"PropertyValueSpecification","valueRequired":true,"valueName":"search_term_string"}}],"inLanguage":"fr-FR"}]}},"uagb_featured_image_src":{"full":["https:\/\/theluckyflats.com\/wp-content\/uploads\/2023\/12\/bg.min_.jpg",1820,1000,false],"thumbnail":["https:\/\/theluckyflats.com\/wp-content\/uploads\/2023\/12\/bg.min_-150x150.jpg",150,150,true],"medium":["https:\/\/theluckyflats.com\/wp-content\/uploads\/2023\/12\/bg.min_-300x165.jpg",300,165,true],"medium_large":["https:\/\/theluckyflats.com\/wp-content\/uploads\/2023\/12\/bg.min_-768x422.jpg",768,422,true],"large":["https:\/\/theluckyflats.com\/wp-content\/uploads\/2023\/12\/bg.min_-1024x563.jpg",1024,563,true],"1536x1536":["https:\/\/theluckyflats.com\/wp-content\/uploads\/2023\/12\/bg.min_-1536x844.jpg",1536,844,true],"2048x2048":["https:\/\/theluckyflats.com\/wp-content\/uploads\/2023\/12\/bg.min_.jpg",1820,1000,false]},"uagb_author_info":{"display_name":"@oscar","author_link":"https:\/\/theluckyflats.com\/fr\/author\/oscar\/"},"uagb_comment_info":0,"uagb_excerpt":"Les Lucky Flats voient le jour par une journ\u00e9e ensoleill\u00e9e de l&rsquo;ann\u00e9e 2015, dans la rue Poeta Quintana \u00e0 Alicante, dans le but d&rsquo;offrir aux voyageurs une alternative au s\u00e9jour classique dans les h\u00f4tels traditionnels. Nos premiers appartements \u00e0 Quintana sont devenus le \u00ab\u00a0chez-soi\u00a0\u00bb alicantin de nombreux invit\u00e9s qui, tout comme nous, se sentaient heureux\u2026","_links":{"self":[{"href":"https:\/\/theluckyflats.com\/fr\/wp-json\/wp\/v2\/pages\/1940","targetHints":{"allow":["GET"]}}],"collection":[{"href":"https:\/\/theluckyflats.com\/fr\/wp-json\/wp\/v2\/pages"}],"about":[{"href":"https:\/\/theluckyflats.com\/fr\/wp-json\/wp\/v2\/types\/page"}],"author":[{"embeddable":true,"href":"https:\/\/theluckyflats.com\/fr\/wp-json\/wp\/v2\/users\/1"}],"replies":[{"embeddable":true,"href":"https:\/\/theluckyflats.com\/fr\/wp-json\/wp\/v2\/comments?post=1940"}],"version-history":[{"count":4,"href":"https:\/\/theluckyflats.com\/fr\/wp-json\/wp\/v2\/pages\/1940\/revisions"}],"predecessor-version":[{"id":2258,"href":"https:\/\/theluckyflats.com\/fr\/wp-json\/wp\/v2\/pages\/1940\/revisions\/2258"}],"wp:featuredmedia":[{"embeddable":true,"href":"https:\/\/theluckyflats.com\/fr\/wp-json\/wp\/v2\/media\/1054"}],"wp:attachment":[{"href":"https:\/\/theluckyflats.com\/fr\/wp-json\/wp\/v2\/media?parent=1940"}],"curies":[{"name":"wp","href":"https:\/\/api.w.org\/{rel}","templated":true}]}}