{"id":1946,"date":"2023-11-24T13:29:31","date_gmt":"2023-11-24T12:29:31","guid":{"rendered":"https:\/\/theluckyflats.com\/ofertas\/"},"modified":"2024-04-19T10:40:29","modified_gmt":"2024-04-19T08:40:29","slug":"ofertas","status":"publish","type":"page","link":"https:\/\/theluckyflats.com\/fr\/ofertas\/","title":{"rendered":"Offres"},"content":{"rendered":"\n<section class=\"wp-block-group has-c-text-color has-white-background-color has-text-color has-background has-link-color wp-elements-b2aa533546c0ae02af16b41fc8963735 is-layout-constrained wp-container-core-group-is-layout-43564dda wp-block-group-is-layout-constrained\" style=\"padding-top:60px;padding-right:15px;padding-bottom:60px;padding-left:15px\">\n<p class=\"has-text-align-center\">Aujourd&rsquo;hui est ton jour de chance !<\/p>\n\n\n\n<p class=\"has-text-align-center\">Car si tu r\u00e9serves ton appartement \u00e0 Alicante sur le site web de The Lucky Flats, tu b\u00e9n\u00e9ficieras des meilleures offres, r\u00e9ductions et conditions.<\/p>\n\n\n\n<p class=\"has-text-align-center\">Jette un coup d&rsquo;\u0153il ci-dessous \u00e0 nos offres en cours :<\/p>\n<\/section>\n\n\n\n<section class=\"wp-block-uagb-container offers uagb-block-ba7c5df7 alignfull uagb-is-root-container\"><div class=\"uagb-container-inner-blocks-wrap\">\n<div class=\"wp-block-uagb-container fadeinright uagb-block-df528352 default uagb-is-root-container\">\n<div class=\"wp-block-uagb-container uagb-block-30aa00f3\"><\/div>\n\n\n\n<div class=\"wp-block-uagb-container uagb-block-3eff7caa\">\n<h2 class=\"wp-block-heading has-text-align-left has-primary-color has-text-color has-link-color has-regular-font-size wp-elements-a6c8d005c48a55c53fce1c23ca6918e1\" style=\"margin-top:10px;margin-bottom:20px\">REMISE EXCLUSIVE DE 10% SUR LE SITE WEB<\/h2>\n\n\n\n<p class=\"has-c-text-color has-text-color has-link-color has-medium-font-size wp-elements-b48a3b4e090c23950bb50b3c3ef5d9d4\">Profitez de votre escapade \u00e0 Alicante au meilleur prix. R\u00e9servez via notre site web et b\u00e9n\u00e9ficiez des meilleures conditions et avantages.<\/p>\n<\/div>\n<\/div>\n\n\n\n<div class=\"wp-block-uagb-container fadeinright uagb-block-ef5c2006 default uagb-is-root-container\">\n<div class=\"wp-block-uagb-container uagb-block-7f96cc99\"><\/div>\n\n\n\n<div class=\"wp-block-uagb-container read-more uagb-block-1d476e99\">\n<div class=\"wp-block-group has-c-text-color has-text-color has-link-color wp-elements-c9118b200915378e7fd503d662eb28ce is-layout-constrained wp-block-group-is-layout-constrained\">\n<h2 class=\"wp-block-heading has-text-align-left has-primary-color has-text-color has-link-color has-regular-font-size wp-elements-5050db83f820069b561a0150c87e9744\" style=\"margin-top:10px;margin-bottom:20px\">STATIONNEMENT GRATUIT \u00c0 ALICANTE<\/h2>\n\n\n\n<p>Uniquement si vous r\u00e9servez nos appartements Quintana (1 ou 2 chambres) ou nos suites sur le site web de The Lucky Flats, vous pourrez garer votre voiture gratuitement au centre d&rsquo;Alicante ! Il vous suffit de nous envoyer un e-mail lors de votre r\u00e9servation en demandant votre place, et tout sera pr\u00eat \u00e0 votre arriv\u00e9e.<\/p>\n\n\n\n<p class=\"has-c-text-color has-text-color has-link-color has-medium-font-size wp-elements-5dcca9fbaf9277c46b9042d671cae70b\">Le parking est situ\u00e9 \u00e0 50 m\u00e8tres de nos b\u00e2timents Quintana et Suites, aucune commodit\u00e9 n&rsquo;est plus grande !<\/p>\n<\/div>\n<\/div>\n<\/div>\n\n\n\n<div class=\"wp-block-uagb-container fadeinright uagb-block-8c217975 default uagb-is-root-container\">\n<div class=\"wp-block-uagb-container uagb-block-a451310c\"><\/div>\n\n\n\n<div class=\"wp-block-uagb-container uagb-block-b02e4ac8\">\n<h2 class=\"wp-block-heading has-text-align-left has-primary-color has-text-color has-link-color has-regular-font-size wp-elements-8625e29e045d3e32d64116a2ee4a229d\" style=\"margin-top:10px;margin-bottom:20px\">R\u00c9DUCTION EN VOUS ABONNANT \u00c0 LA NEWSLETTER<\/h2>\n\n\n\n<p class=\"has-c-text-color has-text-color has-link-color has-medium-font-size wp-elements-f21ddd1a2ab25df2291f16ddc7ff8ac9\">Obtenez une remise suppl\u00e9mentaire de 5 % en vous abonnant \u00e0 notre newsletter !<\/p>\n<\/div>\n<\/div>\n<\/div><\/section>\n","protected":false},"excerpt":{"rendered":"<p>Aujourd&rsquo;hui est ton jour de chance ! Car si tu r\u00e9serves ton appartement \u00e0 Alicante sur le site web de The Lucky Flats, tu b\u00e9n\u00e9ficieras des meilleures offres, r\u00e9ductions et conditions. Jette un coup d&rsquo;\u0153il ci-dessous \u00e0 nos offres en cours : REMISE EXCLUSIVE DE 10% SUR LE SITE WEB Profitez de votre escapade \u00e0 [&hellip;]<\/p>\n","protected":false},"author":1,"featured_media":1538,"parent":0,"menu_order":0,"comment_status":"closed","ping_status":"closed","template":"","meta":{"_acf_changed":false,"inline_featured_image":false,"_uag_custom_page_level_css":"","footnotes":""},"class_list":["post-1946","page","type-page","status-publish","has-post-thumbnail","hentry"],"acf":[],"yoast_head":"<!-- This site is optimized with the Yoast SEO plugin v25.0 - https:\/\/yoast.com\/wordpress\/plugins\/seo\/ -->\n<title>Offres - Lucky Flats<\/title>\n<meta name=\"description\" content=\"Vous avez de la chance ! En effet, si vous r\u00e9servez votre appartement \u00e0 Alicante sur le site web de The Lucky Flats, vous b\u00e9n\u00e9ficierez des meilleures offres et r\u00e9ductions.\" \/>\n<meta name=\"robots\" content=\"index, follow, max-snippet:-1, max-image-preview:large, max-video-preview:-1\" \/>\n<link rel=\"canonical\" href=\"https:\/\/theluckyflats.com\/fr\/ofertas\/\" \/>\n<meta property=\"og:locale\" content=\"fr_FR\" \/>\n<meta property=\"og:type\" content=\"article\" \/>\n<meta property=\"og:title\" content=\"Offres - Lucky Flats\" \/>\n<meta property=\"og:description\" content=\"Vous avez de la chance ! En effet, si vous r\u00e9servez votre appartement \u00e0 Alicante sur le site web de The Lucky Flats, vous b\u00e9n\u00e9ficierez des meilleures offres et r\u00e9ductions.\" \/>\n<meta property=\"og:url\" content=\"https:\/\/theluckyflats.com\/fr\/ofertas\/\" \/>\n<meta property=\"og:site_name\" content=\"Lucky Flats\" \/>\n<meta property=\"article:modified_time\" content=\"2024-04-19T08:40:29+00:00\" \/>\n<meta property=\"og:image\" content=\"https:\/\/theluckyflats.com\/wp-content\/uploads\/2023\/12\/ofertas.jpg\" \/>\n\t<meta property=\"og:image:width\" content=\"1800\" \/>\n\t<meta property=\"og:image:height\" content=\"909\" \/>\n\t<meta property=\"og:image:type\" content=\"image\/jpeg\" \/>\n<meta name=\"twitter:card\" content=\"summary_large_image\" \/>\n<meta name=\"twitter:label1\" content=\"Dur\u00e9e de lecture estim\u00e9e\" \/>\n\t<meta name=\"twitter:data1\" content=\"1 minute\" \/>\n<script type=\"application\/ld+json\" class=\"yoast-schema-graph\">{\"@context\":\"https:\/\/schema.org\",\"@graph\":[{\"@type\":\"WebPage\",\"@id\":\"https:\/\/theluckyflats.com\/fr\/ofertas\/\",\"url\":\"https:\/\/theluckyflats.com\/fr\/ofertas\/\",\"name\":\"Offres - Lucky Flats\",\"isPartOf\":{\"@id\":\"https:\/\/theluckyflats.com\/fr\/#website\"},\"primaryImageOfPage\":{\"@id\":\"https:\/\/theluckyflats.com\/fr\/ofertas\/#primaryimage\"},\"image\":{\"@id\":\"https:\/\/theluckyflats.com\/fr\/ofertas\/#primaryimage\"},\"thumbnailUrl\":\"https:\/\/theluckyflats.com\/wp-content\/uploads\/2023\/12\/ofertas.jpg\",\"datePublished\":\"2023-11-24T12:29:31+00:00\",\"dateModified\":\"2024-04-19T08:40:29+00:00\",\"description\":\"Vous avez de la chance ! En effet, si vous r\u00e9servez votre appartement \u00e0 Alicante sur le site web de The Lucky Flats, vous b\u00e9n\u00e9ficierez des meilleures offres et r\u00e9ductions.\",\"inLanguage\":\"fr-FR\",\"potentialAction\":[{\"@type\":\"ReadAction\",\"target\":[\"https:\/\/theluckyflats.com\/fr\/ofertas\/\"]}]},{\"@type\":\"ImageObject\",\"inLanguage\":\"fr-FR\",\"@id\":\"https:\/\/theluckyflats.com\/fr\/ofertas\/#primaryimage\",\"url\":\"https:\/\/theluckyflats.com\/wp-content\/uploads\/2023\/12\/ofertas.jpg\",\"contentUrl\":\"https:\/\/theluckyflats.com\/wp-content\/uploads\/2023\/12\/ofertas.jpg\",\"width\":1800,\"height\":909},{\"@type\":\"WebSite\",\"@id\":\"https:\/\/theluckyflats.com\/fr\/#website\",\"url\":\"https:\/\/theluckyflats.com\/fr\/\",\"name\":\"Lucky Flats\",\"description\":\"\",\"potentialAction\":[{\"@type\":\"SearchAction\",\"target\":{\"@type\":\"EntryPoint\",\"urlTemplate\":\"https:\/\/theluckyflats.com\/fr\/?s={search_term_string}\"},\"query-input\":{\"@type\":\"PropertyValueSpecification\",\"valueRequired\":true,\"valueName\":\"search_term_string\"}}],\"inLanguage\":\"fr-FR\"}]}<\/script>\n<!-- \/ Yoast SEO plugin. -->","yoast_head_json":{"title":"Offres - Lucky Flats","description":"Vous avez de la chance ! En effet, si vous r\u00e9servez votre appartement \u00e0 Alicante sur le site web de The Lucky Flats, vous b\u00e9n\u00e9ficierez des meilleures offres et r\u00e9ductions.","robots":{"index":"index","follow":"follow","max-snippet":"max-snippet:-1","max-image-preview":"max-image-preview:large","max-video-preview":"max-video-preview:-1"},"canonical":"https:\/\/theluckyflats.com\/fr\/ofertas\/","og_locale":"fr_FR","og_type":"article","og_title":"Offres - Lucky Flats","og_description":"Vous avez de la chance ! En effet, si vous r\u00e9servez votre appartement \u00e0 Alicante sur le site web de The Lucky Flats, vous b\u00e9n\u00e9ficierez des meilleures offres et r\u00e9ductions.","og_url":"https:\/\/theluckyflats.com\/fr\/ofertas\/","og_site_name":"Lucky Flats","article_modified_time":"2024-04-19T08:40:29+00:00","og_image":[{"width":1800,"height":909,"url":"https:\/\/theluckyflats.com\/wp-content\/uploads\/2023\/12\/ofertas.jpg","type":"image\/jpeg"}],"twitter_card":"summary_large_image","twitter_misc":{"Dur\u00e9e de lecture estim\u00e9e":"1 minute"},"schema":{"@context":"https:\/\/schema.org","@graph":[{"@type":"WebPage","@id":"https:\/\/theluckyflats.com\/fr\/ofertas\/","url":"https:\/\/theluckyflats.com\/fr\/ofertas\/","name":"Offres - Lucky Flats","isPartOf":{"@id":"https:\/\/theluckyflats.com\/fr\/#website"},"primaryImageOfPage":{"@id":"https:\/\/theluckyflats.com\/fr\/ofertas\/#primaryimage"},"image":{"@id":"https:\/\/theluckyflats.com\/fr\/ofertas\/#primaryimage"},"thumbnailUrl":"https:\/\/theluckyflats.com\/wp-content\/uploads\/2023\/12\/ofertas.jpg","datePublished":"2023-11-24T12:29:31+00:00","dateModified":"2024-04-19T08:40:29+00:00","description":"Vous avez de la chance ! En effet, si vous r\u00e9servez votre appartement \u00e0 Alicante sur le site web de The Lucky Flats, vous b\u00e9n\u00e9ficierez des meilleures offres et r\u00e9ductions.","inLanguage":"fr-FR","potentialAction":[{"@type":"ReadAction","target":["https:\/\/theluckyflats.com\/fr\/ofertas\/"]}]},{"@type":"ImageObject","inLanguage":"fr-FR","@id":"https:\/\/theluckyflats.com\/fr\/ofertas\/#primaryimage","url":"https:\/\/theluckyflats.com\/wp-content\/uploads\/2023\/12\/ofertas.jpg","contentUrl":"https:\/\/theluckyflats.com\/wp-content\/uploads\/2023\/12\/ofertas.jpg","width":1800,"height":909},{"@type":"WebSite","@id":"https:\/\/theluckyflats.com\/fr\/#website","url":"https:\/\/theluckyflats.com\/fr\/","name":"Lucky Flats","description":"","potentialAction":[{"@type":"SearchAction","target":{"@type":"EntryPoint","urlTemplate":"https:\/\/theluckyflats.com\/fr\/?s={search_term_string}"},"query-input":{"@type":"PropertyValueSpecification","valueRequired":true,"valueName":"search_term_string"}}],"inLanguage":"fr-FR"}]}},"uagb_featured_image_src":{"full":["https:\/\/theluckyflats.com\/wp-content\/uploads\/2023\/12\/ofertas.jpg",1800,909,false],"thumbnail":["https:\/\/theluckyflats.com\/wp-content\/uploads\/2023\/12\/ofertas-150x150.jpg",150,150,true],"medium":["https:\/\/theluckyflats.com\/wp-content\/uploads\/2023\/12\/ofertas-300x152.jpg",300,152,true],"medium_large":["https:\/\/theluckyflats.com\/wp-content\/uploads\/2023\/12\/ofertas-768x388.jpg",768,388,true],"large":["https:\/\/theluckyflats.com\/wp-content\/uploads\/2023\/12\/ofertas-1024x517.jpg",1024,517,true],"1536x1536":["https:\/\/theluckyflats.com\/wp-content\/uploads\/2023\/12\/ofertas-1536x776.jpg",1536,776,true],"2048x2048":["https:\/\/theluckyflats.com\/wp-content\/uploads\/2023\/12\/ofertas.jpg",1800,909,false]},"uagb_author_info":{"display_name":"@oscar","author_link":"https:\/\/theluckyflats.com\/fr\/author\/oscar\/"},"uagb_comment_info":0,"uagb_excerpt":"Aujourd&rsquo;hui est ton jour de chance ! Car si tu r\u00e9serves ton appartement \u00e0 Alicante sur le site web de The Lucky Flats, tu b\u00e9n\u00e9ficieras des meilleures offres, r\u00e9ductions et conditions. Jette un coup d&rsquo;\u0153il ci-dessous \u00e0 nos offres en cours : REMISE EXCLUSIVE DE 10% SUR LE SITE WEB Profitez de votre escapade \u00e0\u2026","_links":{"self":[{"href":"https:\/\/theluckyflats.com\/fr\/wp-json\/wp\/v2\/pages\/1946","targetHints":{"allow":["GET"]}}],"collection":[{"href":"https:\/\/theluckyflats.com\/fr\/wp-json\/wp\/v2\/pages"}],"about":[{"href":"https:\/\/theluckyflats.com\/fr\/wp-json\/wp\/v2\/types\/page"}],"author":[{"embeddable":true,"href":"https:\/\/theluckyflats.com\/fr\/wp-json\/wp\/v2\/users\/1"}],"replies":[{"embeddable":true,"href":"https:\/\/theluckyflats.com\/fr\/wp-json\/wp\/v2\/comments?post=1946"}],"version-history":[{"count":5,"href":"https:\/\/theluckyflats.com\/fr\/wp-json\/wp\/v2\/pages\/1946\/revisions"}],"predecessor-version":[{"id":2485,"href":"https:\/\/theluckyflats.com\/fr\/wp-json\/wp\/v2\/pages\/1946\/revisions\/2485"}],"wp:featuredmedia":[{"embeddable":true,"href":"https:\/\/theluckyflats.com\/fr\/wp-json\/wp\/v2\/media\/1538"}],"wp:attachment":[{"href":"https:\/\/theluckyflats.com\/fr\/wp-json\/wp\/v2\/media?parent=1946"}],"curies":[{"name":"wp","href":"https:\/\/api.w.org\/{rel}","templated":true}]}}