{"id":1951,"date":"2023-12-20T17:08:30","date_gmt":"2023-12-20T16:08:30","guid":{"rendered":"https:\/\/theluckyflats.com\/servicios\/"},"modified":"2024-04-19T10:41:57","modified_gmt":"2024-04-19T08:41:57","slug":"servicios","status":"publish","type":"page","link":"https:\/\/theluckyflats.com\/fr\/servicios\/","title":{"rendered":"Services"},"content":{"rendered":"\n<section class=\"wp-block-group has-c-text-color has-white-background-color has-text-color has-background has-link-color wp-elements-15751113500d87bcc0d6e39936dea4d8 is-layout-constrained wp-container-core-group-is-layout-43564dda wp-block-group-is-layout-constrained\" style=\"padding-top:60px;padding-right:15px;padding-bottom:60px;padding-left:15px\">\n<p class=\"has-text-align-center\">Le <strong>Lucky Flats<\/strong> offre des services imbattables pour rendre votre s\u00e9jour inoubliable. Vous disposerez du <strong>Wifi gratuit<\/strong> dans tous les appartements et dans les parties communes, d&rsquo;un <strong>service t\u00e9l\u00e9phonique 24h\/24<\/strong>, d&rsquo;un <strong>enregistrement 24h\/24<\/strong>, d&rsquo;une <strong>blanchisserie gratuite<\/strong>, d&rsquo;un <strong>parking gratuit<\/strong> pour les r\u00e9servations de <strong>moins de 7 nuits<\/strong>, d&rsquo;une <strong>attention personnalis\u00e9e<\/strong> et de bien d&rsquo;autres choses encore, pour rendre vos vacances \u00e0 Alicante uniques.<\/p>\n\n\n\n<div class=\"wp-block-uagb-image aligncenter uagb-block-3fb8d850 wp-block-uagb-image--layout-default wp-block-uagb-image--effect-static wp-block-uagb-image--align-center\"><figure class=\"wp-block-uagb-image__figure\"><img decoding=\"async\" srcset=\"https:\/\/theluckyflats.com\/wp-content\/uploads\/2024\/01\/free-wifi_5.svg ,https:\/\/theluckyflats.com\/wp-content\/uploads\/2024\/01\/free-wifi_5.svg 780w, https:\/\/theluckyflats.com\/wp-content\/uploads\/2024\/01\/free-wifi_5.svg 360w\" sizes=\"auto, (max-width: 480px) 150px\" src=\"https:\/\/theluckyflats.com\/wp-content\/uploads\/2024\/01\/free-wifi_5.svg\" alt=\"\" class=\"uag-image-2292\" width=\"85\" height=\"85\" title=\"\" loading=\"lazy\"\/><\/figure><\/div>\n<\/section>\n\n\n\n<section class=\"wp-block-uagb-container services fadeintop uagb-block-ba7c5df7 alignfull uagb-is-root-container\"><div class=\"uagb-container-inner-blocks-wrap\">\n<article id=\"atencion-telefonica\" class=\"wp-block-uagb-container uagb-block-57b968c7\">\n<div class=\"wp-block-uagb-container uagb-block-3b60462a\">\n<div class=\"wp-block-uagb-icon-list uagb-block-d673fa7d\"><div class=\"uagb-icon-list__wrap\">\n<div class=\"wp-block-uagb-icon-list-child uagb-block-45df0960\"><span class=\"uagb-icon-list__source-wrap\"><img decoding=\"async\" class=\"uagb-icon-list__source-image\" src=\"https:\/\/theluckyflats.com\/wp-content\/uploads\/2024\/01\/atencion_telefonica.svg\" width=\"55\" height=\"56\" loading=\"lazy\" alt=\"\"\/><\/span><span class=\"uagb-icon-list__label\"><strong>Service t\u00e9l\u00e9phonique 24 heures sur 24<\/strong><\/span><\/div>\n<\/div><\/div>\n<\/div>\n\n\n\n<hr class=\"wp-block-separator has-text-color has-light-gray-color has-alpha-channel-opacity has-light-gray-background-color has-background\"\/>\n\n\n\n<p class=\"has-text-align-left has-c-text-color has-text-color has-link-color has-medium-font-size wp-elements-c612172b5a599ac9e4285b02544905c2\">\u00bfUn impr\u00e9vu ou une urgence est survenu et tu as besoin de parler \u00e0 quelqu&rsquo;un de notre \u00e9quipe ? Ne t&rsquo;inqui\u00e8te pas ! The Lucky Flats propose un service t\u00e9l\u00e9phonique 24 heures sur 24. Tu peux \u00e9galement nous parler en personne en te rendant \u00e0 la r\u00e9ception de The Lucky Flats &#8211; Edificio Quintana, o\u00f9 nous accueillons nos clients pendant la journ\u00e9e (les horaires d&rsquo;ouverture varient selon la saison).<\/p>\n<\/article>\n\n\n\n<article id=\"checkin-temprano\" class=\"wp-block-uagb-container uagb-block-fc23b6a8\">\n<div class=\"wp-block-uagb-container uagb-block-c6e1e0db\">\n<div class=\"wp-block-uagb-icon-list uagb-block-fb8510a4\"><div class=\"uagb-icon-list__wrap\">\n<div class=\"wp-block-uagb-icon-list-child uagb-block-24bd84ea\"><span class=\"uagb-icon-list__source-wrap\"><img decoding=\"async\" class=\"uagb-icon-list__source-image\" src=\"https:\/\/theluckyflats.com\/wp-content\/uploads\/2024\/01\/checkin_checkout.svg\" width=\"55\" height=\"67\" loading=\"lazy\" alt=\"\"\/><\/span><span class=\"uagb-icon-list__label\"><strong><strong><strong>Enregistrement anticip\u00e9<\/strong><\/strong><\/strong> <strong>et D\u00e9part tardif<\/strong><\/span><\/div>\n<\/div><\/div>\n<\/div>\n\n\n\n<hr class=\"wp-block-separator has-text-color has-light-gray-color has-alpha-channel-opacity has-light-gray-background-color has-background\"\/>\n\n\n\n<p class=\"has-text-align-left has-c-text-color has-text-color has-link-color has-medium-font-size wp-elements-312c5e716eb4dbc97c9444d74c3b3515\">Tu quittes la ville en fin d&rsquo;apr\u00e8s-midi et aimerais profiter de ton appartement pendant la journ\u00e9e ? Consulte-nous et nous t&rsquo;expliquerons les options ! Chez The Lucky Flats, nous offrons (sous r\u00e9serve de disponibilit\u00e9) un service de d\u00e9part tardif et d&rsquo;arriv\u00e9e anticip\u00e9e \u00e0 nos clients afin qu&rsquo;ils puissent profiter de leur appartement le plus longtemps possible<\/p>\n<\/article>\n\n\n\n<article id=\"parking\" class=\"wp-block-uagb-container uagb-block-4ba11d7b\">\n<div class=\"wp-block-uagb-container uagb-block-ad82ba18\">\n<div class=\"wp-block-uagb-icon-list uagb-block-02437ada\"><div class=\"uagb-icon-list__wrap\">\n<div class=\"wp-block-uagb-icon-list-child uagb-block-87e12a18\"><span class=\"uagb-icon-list__source-wrap\"><img decoding=\"async\" class=\"uagb-icon-list__source-image\" src=\"https:\/\/theluckyflats.com\/wp-content\/uploads\/2024\/01\/parking.svg\" width=\"55\" height=\"55\" loading=\"lazy\" alt=\"\"\/><\/span><span class=\"uagb-icon-list__label\"><strong><strong><strong><strong>Stationnement gratuit<\/strong><\/strong><\/strong><\/strong><\/span><\/div>\n<\/div><\/div>\n<\/div>\n\n\n\n<hr class=\"wp-block-separator has-text-color has-light-gray-color has-alpha-channel-opacity has-light-gray-background-color has-background\"\/>\n\n\n\n<p class=\"has-text-align-left has-c-text-color has-text-color has-link-color has-medium-font-size wp-elements-c1009a76dd5d84f185051eb4e1341dc5\">Si vous r\u00e9servez nos appartements Quintana (1 ou 2 chambres) ou nos appartements Suites sur le site web de The Lucky Flats, tous deux pour 7 nuits ou moins, vous pourrez garer votre voiture gratuitement au centre d&rsquo;Alicante ! Le parking est situ\u00e9 \u00e0 50 m\u00e8tres de nos b\u00e2timents Quintana et Suites, dans le centre-ville. Pour des r\u00e9servations de plus de 7 nuits, le parking a un co\u00fbt suppl\u00e9mentaire<\/p>\n<\/article>\n<\/div><\/section>\n\n\n\n<section class=\"wp-block-uagb-container services fadeintop uagb-block-d40682f0 alignfull uagb-is-root-container\"><div class=\"uagb-container-inner-blocks-wrap\">\n<article id=\"checkin-24\" class=\"wp-block-uagb-container uagb-block-b059aff6\">\n<div class=\"wp-block-uagb-container uagb-block-2d26d099\">\n<div class=\"wp-block-uagb-icon-list uagb-block-9225593d\"><div class=\"uagb-icon-list__wrap\">\n<div class=\"wp-block-uagb-icon-list-child uagb-block-1f3ba7c2\"><span class=\"uagb-icon-list__source-wrap\"><img decoding=\"async\" class=\"uagb-icon-list__source-image\" src=\"https:\/\/theluckyflats.com\/wp-content\/uploads\/2024\/01\/checkin_24.svg\" width=\"55\" height=\"44\" loading=\"lazy\" alt=\"\"\/><\/span><span class=\"uagb-icon-list__label\"><strong><strong><strong><strong><strong>Enregistrement 24 heures<\/strong><\/strong><\/strong><\/strong><\/strong><\/span><\/div>\n<\/div><\/div>\n<\/div>\n\n\n\n<hr class=\"wp-block-separator has-text-color has-white-color has-alpha-channel-opacity has-white-background-color has-background\"\/>\n\n\n\n<p class=\"has-text-align-left has-c-text-color has-text-color has-link-color has-medium-font-size wp-elements-39a3a1c0fd4dcec84dcd6d603473d37d\">Arrives-tu \u00e0 Alicante par un vol de nuit ? Aucun probl\u00e8me ! Notre \u00e9quipe t&rsquo;enverra les instructions d\u00e9taill\u00e9es sur la fa\u00e7on d&rsquo;acc\u00e9der \u00e0 ton appartement, peu importe l&rsquo;heure. De plus, en cas de probl\u00e8me, tu peux nous contacter en appelant notre ligne d&rsquo;assistance disponible 24 heures sur 24.<\/p>\n<\/article>\n\n\n\n<article id=\"wifi\" class=\"wp-block-uagb-container uagb-block-8056cc2f\">\n<div class=\"wp-block-uagb-container uagb-block-257aaf70\">\n<div class=\"wp-block-uagb-icon-list uagb-block-cf83d693\"><div class=\"uagb-icon-list__wrap\">\n<div class=\"wp-block-uagb-icon-list-child uagb-block-4a6e5a4a\"><span class=\"uagb-icon-list__source-wrap\"><img decoding=\"async\" class=\"uagb-icon-list__source-image\" src=\"https:\/\/theluckyflats.com\/wp-content\/uploads\/2024\/01\/lavanderia.svg\" width=\"55\" height=\"55\" loading=\"lazy\" alt=\"\"\/><\/span><span class=\"uagb-icon-list__label\"><strong><strong><strong><strong><strong><strong><strong><strong>BLANCHISSERIE GRATUITE<\/strong><\/strong><\/strong><\/strong><\/strong><\/strong><\/strong><\/strong><\/span><\/div>\n<\/div><\/div>\n<\/div>\n\n\n\n<hr class=\"wp-block-separator has-text-color has-white-color has-alpha-channel-opacity has-white-background-color has-background\"\/>\n\n\n\n<p class=\"has-c-text-color has-text-color has-link-color wp-elements-41ffdad65a1a9d0520db157488932e49\">\u00c0 la r\u00e9ception de l&rsquo;immeuble Quintana, vous trouverez le service de blanchisserie, qui est enti\u00e8rement gratuit et comprend 2 machines \u00e0 laver et 2 machines \u00e0 s\u00e9cher, avec des d\u00e9tergents et des adoucissants, afin que vous puissiez les utiliser pendant votre s\u00e9jour chez nous.<\/p>\n\n\n\n<p class=\"has-c-text-color has-text-color has-link-color wp-elements-4266ca4ac5cf8c71e5b706ed0ddd20c5\">Ce service est \u00e0 la disposition de tous nos h\u00f4tes.<\/p>\n<\/article>\n\n\n\n<article id=\"atencion-personalizada\" class=\"wp-block-uagb-container uagb-block-6bfc9244\">\n<div class=\"wp-block-uagb-container uagb-block-d827d33a\">\n<div class=\"wp-block-uagb-icon-list uagb-block-bab0bcae\"><div class=\"uagb-icon-list__wrap\">\n<div class=\"wp-block-uagb-icon-list-child uagb-block-07c63993\"><span class=\"uagb-icon-list__source-wrap\"><img decoding=\"async\" class=\"uagb-icon-list__source-image\" src=\"https:\/\/theluckyflats.com\/wp-content\/uploads\/2024\/01\/atencion_personalizada.svg\" width=\"55\" height=\"46\" loading=\"lazy\" alt=\"\"\/><\/span><span class=\"uagb-icon-list__label\"><strong><strong><strong><strong><strong><strong><strong><strong><strong><strong>Attention personnalis\u00e9e<\/strong><\/strong><\/strong><\/strong><\/strong><\/strong><\/strong><\/strong><\/strong><\/strong><\/span><\/div>\n<\/div><\/div>\n<\/div>\n\n\n\n<hr class=\"wp-block-separator has-text-color has-white-color has-alpha-channel-opacity has-white-background-color has-background\"\/>\n\n\n\n<p class=\"has-text-align-left has-c-text-color has-text-color has-link-color has-medium-font-size wp-elements-03424c95763073370fd57708592cd27c\">Notre \u00e9quipe est toujours disponible et pr\u00eate \u00e0 rendre votre s\u00e9jour \u00e0 The Lucky Flats aussi agr\u00e9able que d&rsquo;\u00eatre chez vous. Vous pouvez contacter Virginia et Paloma par t\u00e9l\u00e9phone ou en vous rendant \u00e0 la charmante et accueillante r\u00e9ception situ\u00e9e dans notre b\u00e2timent Quintana, o\u00f9 elles seront la plupart du temps.<\/p>\n<\/article>\n<\/div><\/section>\n\n\n\n<section class=\"wp-block-uagb-container services fadeintop uagb-block-701b159a alignfull uagb-is-root-container\"><div class=\"uagb-container-inner-blocks-wrap\">\n<article id=\"duchas\" class=\"wp-block-uagb-container uagb-block-968af7f1\">\n<div class=\"wp-block-uagb-container uagb-block-3f6c286a\">\n<div class=\"wp-block-uagb-icon-list uagb-block-d6165b2e\"><div class=\"uagb-icon-list__wrap\">\n<div class=\"wp-block-uagb-icon-list-child uagb-block-a61d1206\"><span class=\"uagb-icon-list__source-wrap\"><img decoding=\"async\" class=\"uagb-icon-list__source-image\" src=\"https:\/\/theluckyflats.com\/wp-content\/uploads\/2024\/01\/duchas.svg\" width=\"55\" height=\"55\" loading=\"lazy\" alt=\"\"\/><\/span><span class=\"uagb-icon-list__label\"><strong><strong><strong><strong><strong><strong><strong><strong>Douches<\/strong><\/strong><\/strong><\/strong><\/strong><\/strong><\/strong><\/strong><\/span><\/div>\n<\/div><\/div>\n<\/div>\n\n\n\n<hr class=\"wp-block-separator has-text-color has-light-gray-color has-alpha-channel-opacity has-light-gray-background-color has-background\"\/>\n\n\n\n<p class=\"has-text-align-left has-c-text-color has-text-color has-link-color has-medium-font-size wp-elements-958bee6b815cb1c0a53dd3d71998cda7\">Veux-tu profiter de ta derni\u00e8re journ\u00e9e \u00e0 la plage avant de rentrer chez toi ? Chez The Lucky Flats, nous voulons que ce soit le cas ! C&rsquo;est pourquoi nous avons des douches \u00e0 la r\u00e9ception de notre b\u00e2timent Quintana afin que tu puisses te d\u00e9barrasser du sel et du sable de la plage avant de partir<\/p>\n<\/article>\n\n\n\n<article id=\"taquillas\" class=\"wp-block-uagb-container uagb-block-90bc9eec\">\n<div class=\"wp-block-uagb-container uagb-block-5e811c4d\">\n<div class=\"wp-block-uagb-icon-list uagb-block-3d3b097f\"><div class=\"uagb-icon-list__wrap\">\n<div class=\"wp-block-uagb-icon-list-child uagb-block-398bd0ad\"><span class=\"uagb-icon-list__source-wrap\"><img decoding=\"async\" class=\"uagb-icon-list__source-image\" src=\"https:\/\/theluckyflats.com\/wp-content\/uploads\/2024\/01\/taquillas.svg\" width=\"55\" height=\"57\" loading=\"lazy\" alt=\"\"\/><\/span><span class=\"uagb-icon-list__label\"><strong><strong><strong><strong><strong><strong><strong><strong><strong><strong><strong>casiers<\/strong><\/strong><\/strong><\/strong><\/strong><\/strong><\/strong><\/strong><\/strong><\/strong><\/strong><\/span><\/div>\n<\/div><\/div>\n<\/div>\n\n\n\n<hr class=\"wp-block-separator has-text-color has-light-gray-color has-alpha-channel-opacity has-light-gray-background-color has-background\"\/>\n\n\n\n<p class=\"has-text-align-left has-c-text-color has-text-color has-link-color has-medium-font-size wp-elements-4cccb647115ed4bdc99dc30a24395ac1\">Laissez votre sac \u00e0 dos ou vos bagages dans nos casiers et profitez d&rsquo;une journ\u00e9e de tourisme \u00e0 Alicante sans soucis. Ils sont situ\u00e9s dans notre b\u00e2timent Quintana et sont gratuits pour tous nos clients.<\/p>\n<\/article>\n\n\n\n<article id=\"family\" class=\"wp-block-uagb-container uagb-block-14d8d41d\">\n<div class=\"wp-block-uagb-container uagb-block-54d9b53c\">\n<div class=\"wp-block-uagb-icon-list uagb-block-0aa4358a\"><div class=\"uagb-icon-list__wrap\">\n<div class=\"wp-block-uagb-icon-list-child uagb-block-64660a14\"><span class=\"uagb-icon-list__source-wrap\"><img decoding=\"async\" class=\"uagb-icon-list__source-image\" src=\"https:\/\/theluckyflats.com\/wp-content\/uploads\/2024\/01\/family_friendly.svg\" width=\"55\" height=\"55\" loading=\"lazy\" alt=\"\"\/><\/span><span class=\"uagb-icon-list__label\"><strong><strong><strong><strong><strong><strong><strong><strong><strong><strong><strong><strong><strong>Family Friendly<\/strong><\/strong><\/strong><\/strong><\/strong><\/strong><\/strong><\/strong><\/strong><\/strong><\/strong><\/strong><\/strong><\/span><\/div>\n<\/div><\/div>\n<\/div>\n\n\n\n<hr class=\"wp-block-separator has-text-color has-light-gray-color has-alpha-channel-opacity has-light-gray-background-color has-background\"\/>\n\n\n\n<p class=\"has-text-align-left has-c-text-color has-text-color has-link-color has-medium-font-size wp-elements-34876b50836b5f082b0ca2f9430597e2\">En The Lucky Flats, nous adorons accueillir les familles avec des enfants ! Et surtout, nous adorons que les familles qui nous rendent visite profitent de leur s\u00e9jour. C&rsquo;est pourquoi nous mettons tout en \u0153uvre pour que les tout-petits se sentent comme \u00e0 la maison : chaises hautes, lits b\u00e9b\u00e9, table \u00e0 langer \u00e0 la r\u00e9ception et fen\u00eatres insonoris\u00e9es.<\/p>\n\n\n\n<p class=\"has-c-text-color has-text-color has-link-color has-medium-font-size wp-elements-ce6d061bd990a8d71c62f6fb81de5923\">Pour des s\u00e9jours en famille avec de jeunes enfants, nous recommandons particuli\u00e8rement nos appartements dans les b\u00e2timents Quintana et Suites.<\/p>\n<\/article>\n<\/div><\/section>\n","protected":false},"excerpt":{"rendered":"<p>Le Lucky Flats offre des services imbattables pour rendre votre s\u00e9jour inoubliable. Vous disposerez du Wifi gratuit dans tous les appartements et dans les parties communes, d&rsquo;un service t\u00e9l\u00e9phonique 24h\/24, d&rsquo;un enregistrement 24h\/24, d&rsquo;une blanchisserie gratuite, d&rsquo;un parking gratuit pour les r\u00e9servations de moins de 7 nuits, d&rsquo;une attention personnalis\u00e9e et de bien d&rsquo;autres choses [&hellip;]<\/p>\n","protected":false},"author":1,"featured_media":2186,"parent":0,"menu_order":0,"comment_status":"closed","ping_status":"closed","template":"","meta":{"_acf_changed":false,"inline_featured_image":false,"_uag_custom_page_level_css":"","footnotes":""},"class_list":["post-1951","page","type-page","status-publish","has-post-thumbnail","hentry"],"acf":[],"yoast_head":"<!-- This site is optimized with the Yoast SEO plugin v25.0 - https:\/\/yoast.com\/wordpress\/plugins\/seo\/ -->\n<title>Services - Lucky Flats<\/title>\n<meta name=\"description\" content=\"D\u00e9couvrez les services exclusifs de Lucky Flats : confort, commodit\u00e9 et style vous attendent dans nos appartements \u00e0 Alicante.\" \/>\n<meta name=\"robots\" content=\"index, follow, max-snippet:-1, max-image-preview:large, max-video-preview:-1\" \/>\n<link rel=\"canonical\" href=\"https:\/\/theluckyflats.com\/fr\/servicios\/\" \/>\n<meta property=\"og:locale\" content=\"fr_FR\" \/>\n<meta property=\"og:type\" content=\"article\" \/>\n<meta property=\"og:title\" content=\"Services - Lucky Flats\" \/>\n<meta property=\"og:description\" content=\"D\u00e9couvrez les services exclusifs de Lucky Flats : confort, commodit\u00e9 et style vous attendent dans nos appartements \u00e0 Alicante.\" \/>\n<meta property=\"og:url\" content=\"https:\/\/theluckyflats.com\/fr\/servicios\/\" \/>\n<meta property=\"og:site_name\" content=\"Lucky Flats\" \/>\n<meta property=\"article:modified_time\" content=\"2024-04-19T08:41:57+00:00\" \/>\n<meta property=\"og:image\" content=\"https:\/\/theluckyflats.com\/wp-content\/uploads\/2024\/01\/servicios.min_.jpg\" \/>\n\t<meta property=\"og:image:width\" content=\"1920\" \/>\n\t<meta property=\"og:image:height\" content=\"1280\" \/>\n\t<meta property=\"og:image:type\" content=\"image\/jpeg\" \/>\n<meta name=\"twitter:card\" content=\"summary_large_image\" \/>\n<meta name=\"twitter:label1\" content=\"Dur\u00e9e de lecture estim\u00e9e\" \/>\n\t<meta name=\"twitter:data1\" content=\"5 minutes\" \/>\n<script type=\"application\/ld+json\" class=\"yoast-schema-graph\">{\"@context\":\"https:\/\/schema.org\",\"@graph\":[{\"@type\":\"WebPage\",\"@id\":\"https:\/\/theluckyflats.com\/fr\/servicios\/\",\"url\":\"https:\/\/theluckyflats.com\/fr\/servicios\/\",\"name\":\"Services - Lucky Flats\",\"isPartOf\":{\"@id\":\"https:\/\/theluckyflats.com\/fr\/#website\"},\"primaryImageOfPage\":{\"@id\":\"https:\/\/theluckyflats.com\/fr\/servicios\/#primaryimage\"},\"image\":{\"@id\":\"https:\/\/theluckyflats.com\/fr\/servicios\/#primaryimage\"},\"thumbnailUrl\":\"https:\/\/theluckyflats.com\/wp-content\/uploads\/2024\/01\/servicios.min_.jpg\",\"datePublished\":\"2023-12-20T16:08:30+00:00\",\"dateModified\":\"2024-04-19T08:41:57+00:00\",\"description\":\"D\u00e9couvrez les services exclusifs de Lucky Flats : confort, commodit\u00e9 et style vous attendent dans nos appartements \u00e0 Alicante.\",\"inLanguage\":\"fr-FR\",\"potentialAction\":[{\"@type\":\"ReadAction\",\"target\":[\"https:\/\/theluckyflats.com\/fr\/servicios\/\"]}]},{\"@type\":\"ImageObject\",\"inLanguage\":\"fr-FR\",\"@id\":\"https:\/\/theluckyflats.com\/fr\/servicios\/#primaryimage\",\"url\":\"https:\/\/theluckyflats.com\/wp-content\/uploads\/2024\/01\/servicios.min_.jpg\",\"contentUrl\":\"https:\/\/theluckyflats.com\/wp-content\/uploads\/2024\/01\/servicios.min_.jpg\",\"width\":1920,\"height\":1280},{\"@type\":\"WebSite\",\"@id\":\"https:\/\/theluckyflats.com\/fr\/#website\",\"url\":\"https:\/\/theluckyflats.com\/fr\/\",\"name\":\"Lucky Flats\",\"description\":\"\",\"potentialAction\":[{\"@type\":\"SearchAction\",\"target\":{\"@type\":\"EntryPoint\",\"urlTemplate\":\"https:\/\/theluckyflats.com\/fr\/?s={search_term_string}\"},\"query-input\":{\"@type\":\"PropertyValueSpecification\",\"valueRequired\":true,\"valueName\":\"search_term_string\"}}],\"inLanguage\":\"fr-FR\"}]}<\/script>\n<!-- \/ Yoast SEO plugin. -->","yoast_head_json":{"title":"Services - Lucky Flats","description":"D\u00e9couvrez les services exclusifs de Lucky Flats : confort, commodit\u00e9 et style vous attendent dans nos appartements \u00e0 Alicante.","robots":{"index":"index","follow":"follow","max-snippet":"max-snippet:-1","max-image-preview":"max-image-preview:large","max-video-preview":"max-video-preview:-1"},"canonical":"https:\/\/theluckyflats.com\/fr\/servicios\/","og_locale":"fr_FR","og_type":"article","og_title":"Services - Lucky Flats","og_description":"D\u00e9couvrez les services exclusifs de Lucky Flats : confort, commodit\u00e9 et style vous attendent dans nos appartements \u00e0 Alicante.","og_url":"https:\/\/theluckyflats.com\/fr\/servicios\/","og_site_name":"Lucky Flats","article_modified_time":"2024-04-19T08:41:57+00:00","og_image":[{"width":1920,"height":1280,"url":"https:\/\/theluckyflats.com\/wp-content\/uploads\/2024\/01\/servicios.min_.jpg","type":"image\/jpeg"}],"twitter_card":"summary_large_image","twitter_misc":{"Dur\u00e9e de lecture estim\u00e9e":"5 minutes"},"schema":{"@context":"https:\/\/schema.org","@graph":[{"@type":"WebPage","@id":"https:\/\/theluckyflats.com\/fr\/servicios\/","url":"https:\/\/theluckyflats.com\/fr\/servicios\/","name":"Services - Lucky Flats","isPartOf":{"@id":"https:\/\/theluckyflats.com\/fr\/#website"},"primaryImageOfPage":{"@id":"https:\/\/theluckyflats.com\/fr\/servicios\/#primaryimage"},"image":{"@id":"https:\/\/theluckyflats.com\/fr\/servicios\/#primaryimage"},"thumbnailUrl":"https:\/\/theluckyflats.com\/wp-content\/uploads\/2024\/01\/servicios.min_.jpg","datePublished":"2023-12-20T16:08:30+00:00","dateModified":"2024-04-19T08:41:57+00:00","description":"D\u00e9couvrez les services exclusifs de Lucky Flats : confort, commodit\u00e9 et style vous attendent dans nos appartements \u00e0 Alicante.","inLanguage":"fr-FR","potentialAction":[{"@type":"ReadAction","target":["https:\/\/theluckyflats.com\/fr\/servicios\/"]}]},{"@type":"ImageObject","inLanguage":"fr-FR","@id":"https:\/\/theluckyflats.com\/fr\/servicios\/#primaryimage","url":"https:\/\/theluckyflats.com\/wp-content\/uploads\/2024\/01\/servicios.min_.jpg","contentUrl":"https:\/\/theluckyflats.com\/wp-content\/uploads\/2024\/01\/servicios.min_.jpg","width":1920,"height":1280},{"@type":"WebSite","@id":"https:\/\/theluckyflats.com\/fr\/#website","url":"https:\/\/theluckyflats.com\/fr\/","name":"Lucky Flats","description":"","potentialAction":[{"@type":"SearchAction","target":{"@type":"EntryPoint","urlTemplate":"https:\/\/theluckyflats.com\/fr\/?s={search_term_string}"},"query-input":{"@type":"PropertyValueSpecification","valueRequired":true,"valueName":"search_term_string"}}],"inLanguage":"fr-FR"}]}},"uagb_featured_image_src":{"full":["https:\/\/theluckyflats.com\/wp-content\/uploads\/2024\/01\/servicios.min_.jpg",1920,1280,false],"thumbnail":["https:\/\/theluckyflats.com\/wp-content\/uploads\/2024\/01\/servicios.min_-150x150.jpg",150,150,true],"medium":["https:\/\/theluckyflats.com\/wp-content\/uploads\/2024\/01\/servicios.min_-300x200.jpg",300,200,true],"medium_large":["https:\/\/theluckyflats.com\/wp-content\/uploads\/2024\/01\/servicios.min_-768x512.jpg",768,512,true],"large":["https:\/\/theluckyflats.com\/wp-content\/uploads\/2024\/01\/servicios.min_-1024x683.jpg",1024,683,true],"1536x1536":["https:\/\/theluckyflats.com\/wp-content\/uploads\/2024\/01\/servicios.min_-1536x1024.jpg",1536,1024,true],"2048x2048":["https:\/\/theluckyflats.com\/wp-content\/uploads\/2024\/01\/servicios.min_.jpg",1920,1280,false]},"uagb_author_info":{"display_name":"@oscar","author_link":"https:\/\/theluckyflats.com\/fr\/author\/oscar\/"},"uagb_comment_info":0,"uagb_excerpt":"Le Lucky Flats offre des services imbattables pour rendre votre s\u00e9jour inoubliable. Vous disposerez du Wifi gratuit dans tous les appartements et dans les parties communes, d&rsquo;un service t\u00e9l\u00e9phonique 24h\/24, d&rsquo;un enregistrement 24h\/24, d&rsquo;une blanchisserie gratuite, d&rsquo;un parking gratuit pour les r\u00e9servations de moins de 7 nuits, d&rsquo;une attention personnalis\u00e9e et de bien d&rsquo;autres choses\u2026","_links":{"self":[{"href":"https:\/\/theluckyflats.com\/fr\/wp-json\/wp\/v2\/pages\/1951","targetHints":{"allow":["GET"]}}],"collection":[{"href":"https:\/\/theluckyflats.com\/fr\/wp-json\/wp\/v2\/pages"}],"about":[{"href":"https:\/\/theluckyflats.com\/fr\/wp-json\/wp\/v2\/types\/page"}],"author":[{"embeddable":true,"href":"https:\/\/theluckyflats.com\/fr\/wp-json\/wp\/v2\/users\/1"}],"replies":[{"embeddable":true,"href":"https:\/\/theluckyflats.com\/fr\/wp-json\/wp\/v2\/comments?post=1951"}],"version-history":[{"count":5,"href":"https:\/\/theluckyflats.com\/fr\/wp-json\/wp\/v2\/pages\/1951\/revisions"}],"predecessor-version":[{"id":2297,"href":"https:\/\/theluckyflats.com\/fr\/wp-json\/wp\/v2\/pages\/1951\/revisions\/2297"}],"wp:featuredmedia":[{"embeddable":true,"href":"https:\/\/theluckyflats.com\/fr\/wp-json\/wp\/v2\/media\/2186"}],"wp:attachment":[{"href":"https:\/\/theluckyflats.com\/fr\/wp-json\/wp\/v2\/media?parent=1951"}],"curies":[{"name":"wp","href":"https:\/\/api.w.org\/{rel}","templated":true}]}}