{"id":1960,"date":"2023-11-09T12:46:54","date_gmt":"2023-11-09T11:46:54","guid":{"rendered":"https:\/\/theluckyflats.com\/politica-privacidad\/"},"modified":"2024-05-27T12:11:00","modified_gmt":"2024-05-27T10:11:00","slug":"politique-de-confidentialite","status":"publish","type":"page","link":"https:\/\/theluckyflats.com\/fr\/politique-de-confidentialite\/","title":{"rendered":"Politique de confidentialit\u00e9"},"content":{"rendered":"\n<div class=\"wp-block-group legal is-layout-constrained wp-container-core-group-is-layout-306d6ce3 wp-block-group-is-layout-constrained\" style=\"margin-top:0px;margin-bottom:0px;padding-top:0px;padding-right:15px;padding-bottom:0px;padding-left:15px\">\n<p>En vertu de ce qui est pr\u00e9vu par le R\u00e8glement (UE) 2016\/679 du Parlement europ\u00e9en et du Conseil du 27 avril 2016 relatif \u00e0 la protection des personnes physiques \u00e0 l&rsquo;\u00e9gard du traitement des donn\u00e9es \u00e0 caract\u00e8re personnel et \u00e0 la libre circulation de ces donn\u00e9es, abrogeant la directive 95\/46\/CE (R\u00e8glement g\u00e9n\u00e9ral sur la protection des donn\u00e9es), nous vous informons que les donn\u00e9es que vous nous fournissez seront trait\u00e9es par le titulaire du pr\u00e9sent site web aux fins suivantes :<\/p>\n\n\n\n<p><strong>Rubrique \u00ab\u00a0Service client \/ Contact\u00a0\u00bb<\/strong> : Les donn\u00e9es que vous nous fournissez seront trait\u00e9es dans le but de r\u00e9pondre \u00e0 vos questions ou demandes et de vous fournir les services que vous avez demand\u00e9s.<\/p>\n\n\n\n<p><strong>\u00ab\u00a0Inscription \u00e0 la newsletter\u00a0\u00bb<\/strong> : Nous vous informons que les donn\u00e9es que vous nous fournissez seront trait\u00e9es dans le but de g\u00e9rer l&rsquo;envoi d&rsquo;informations commerciales par courrier ordinaire, e-mail, SMS ou fax concernant nos appartements.<\/p>\n\n\n\n<p><strong>\u00ab\u00a0R\u00e9servations\u00a0\u00bb<\/strong> : Les donn\u00e9es personnelles fournies dans cette rubrique seront trait\u00e9es dans le but de g\u00e9rer les r\u00e9servations que vous avez demand\u00e9es. Dans tous les cas, les donn\u00e9es fournies pourront \u00eatre trait\u00e9es dans le but d&rsquo;\u00e9tablir des statistiques internes pour am\u00e9liorer nos services. Les donn\u00e9es personnelles fournies ne seront conserv\u00e9es que pendant la dur\u00e9e de notre relation commerciale et seront bloqu\u00e9es une fois celle-ci termin\u00e9e, conform\u00e9ment aux d\u00e9lais fix\u00e9s par les prescriptions l\u00e9gales, mises \u00e0 la disposition exclusive des tribunaux pour d&rsquo;\u00e9ventuelles r\u00e9clamations, apr\u00e8s quoi ces donn\u00e9es seront supprim\u00e9es. La base l\u00e9gale pour le traitement de vos donn\u00e9es est le respect des obligations contractuelles que vous avez accept\u00e9es en demandant nos services. Nous vous informons que les donn\u00e9es personnelles fournies pourront \u00eatre trait\u00e9es dans le but de vous envoyer des communications informatives et autres (offres, \u00e9v\u00e9nements, f\u00e9licitations), pour lesquelles vous devrez cocher la case pr\u00e9vue \u00e0 cet effet. Les donn\u00e9es fournies seront conserv\u00e9es \u00e0 cette fin tant que vous ne demanderez pas la cessation des envois publicitaires. Vous aurez le droit de retirer votre consentement \u00e0 tout moment. Le retrait du consentement n&rsquo;affectera pas la lic\u00e9it\u00e9 du traitement fond\u00e9 sur le consentement ant\u00e9rieur \u00e0 son retrait. Vous pouvez exercer \u00e0 tout moment vos droits d&rsquo;acc\u00e8s, de rectification, de suppression, d&rsquo;opposition, de limitation du traitement en vous adressant \u00e0 l&rsquo;adresse e-mail suivante : info_alc@theluckyflats.com ou \u00e0 l&rsquo;adresse postale suivante : The Lucky Flats Quintana, domicili\u00e9 Calle Poeta Quintana, 44, 03004 Alicante, Espagne.<\/p>\n\n\n\n<p>Suite \u00e0 votre demande, nous vous enverrons un formulaire pour l&rsquo;exercice du droit demand\u00e9, que vous devrez remplir et nous renvoyer accompagn\u00e9 d&rsquo;une copie de votre carte d&rsquo;identit\u00e9 ou passeport. Une fois cette documentation re\u00e7ue, nous traiterons l&rsquo;exercice de vos droits dans les d\u00e9lais l\u00e9galement \u00e9tablis et en cas de non-satisfaction dans l&rsquo;exercice de vos droits, vous pourrez d\u00e9poser une r\u00e9clamation aupr\u00e8s de l&rsquo;Autorit\u00e9 de contr\u00f4le, l&rsquo;Agence espagnole de protection des donn\u00e9es : www.agdp.es.<\/p>\n\n\n\n<h2 class=\"wp-block-heading has-primary-color has-text-color has-link-color wp-elements-90d5c36e738d9f7c7fa146cdee2c280f\"><strong>2. Cookies<\/strong><\/h2>\n\n\n\n<p>Consulter la politique d&rsquo;utilisation des cookies<\/p>\n\n\n\n<h2 class=\"wp-block-heading has-primary-color has-text-color has-link-color wp-elements-a65f60ca7ea5de816731a7719b0258e3\"><strong>3. Enregistrement des visiteurs<\/strong><\/h2>\n\n\n\n<p>\u00c0 chaque acc\u00e8s au serveur de The Lucky Flats Quintana, l&rsquo;adresse IP \u00e0 partir de laquelle l&rsquo;utilisateur navigue sera collect\u00e9e et enregistr\u00e9e, ainsi que les pages visit\u00e9es de The Lucky Flats Quintana. Ces donn\u00e9es seront stock\u00e9es dans un fichier LOG \u00e0 des fins statistiques et pour d\u00e9terminer le nombre de pages vues.<\/p>\n\n\n\n<h2 class=\"wp-block-heading has-primary-color has-text-color has-link-color wp-elements-bc6a905e3234fb170d715a0f3f389bec\"><strong>4. Hyperliens<\/strong><\/h2>\n\n\n\n<p>Le portail www.theluckyflats.com permet l&rsquo;acc\u00e8s \u00e0 d&rsquo;autres sites web g\u00e9r\u00e9s et contr\u00f4l\u00e9s par des tiers via diff\u00e9rents liens pour faciliter la recherche d&rsquo;informations, de contenus et de services sur Internet par les utilisateurs, sans que cela puisse \u00eatre consid\u00e9r\u00e9 en aucun cas comme une recommandation ou une invitation \u00e0 les visiter. La cr\u00e9ation d&rsquo;un hyperlien depuis une page web d&rsquo;un autre portail Internet vers l&rsquo;une des pages du portail paratytech.com doit \u00eatre soumise aux conditions suivantes :<\/p>\n\n\n\n<ul class=\"wp-block-list\">\n<li>Tout hyperlien vers le portail www.theluckyflats.com sera \u00e9tabli vers sa page d&rsquo;accueil ou les pages principales des sections qu&rsquo;il contient ;<\/li>\n\n\n\n<li>La reproduction, en aucun cas, des services ou contenus du portail The Lucky Flats Quintana n&rsquo;est pas autoris\u00e9e ;<\/li>\n\n\n\n<li>La page web sur laquelle l&rsquo;hyperlien est \u00e9tabli ne contiendra pas d&rsquo;informations ou de contenus illicites, contraires \u00e0 la morale, aux bonnes m\u0153urs ou \u00e0 l&rsquo;ordre public, ni ne fournira de contenus contraires \u00e0 tout droit de tiers ;<\/li>\n\n\n\n<li>Aucune d\u00e9claration fausse, inexacte ou incorrecte sur les pages du portail paratytech.com, ni sur les services ou contenus de celui-ci, ne sera incluse ;<\/li>\n\n\n\n<li>Aucun deep-link, lien IMG ou image, ni frames avec les pages du portail paraty.es ne sera \u00e9tabli sans l&rsquo;autorisation expresse pr\u00e9alable de The Lucky Flats Quintana ;<\/li>\n\n\n\n<li>\u00c0 l&rsquo;exception des signes faisant partie de l&rsquo;hyperlien, la page web sur laquelle il est \u00e9tabli ne contiendra aucun signe distinctif tel que marque, nom commercial, enseigne, d\u00e9nomination, logo, slogan ou autres appartenant \u00e0 The Lucky Flats Quintana ;<\/li>\n\n\n\n<li>L&rsquo;\u00e9tablissement de l&rsquo;hyperlien n&rsquo;impliquera pas l&rsquo;existence de relations entre The Lucky Flats Quintana et le propri\u00e9taire de la page web ou du portail \u00e0 partir duquel il est r\u00e9alis\u00e9, ni que The Lucky Flats Quintana ait autoris\u00e9, supervis\u00e9, connu, accept\u00e9 ou assum\u00e9 l&rsquo;hyperlien, les services et contenus offerts sur ledit portail. The Lucky Flats Quintana ne commercialise pas, ne contr\u00f4le pas pr\u00e9alablement, ni n&rsquo;approuve les contenus, services et informations disponibles sur ces pages web, n&rsquo;\u00e9tant pas responsable de ces contenus ni des informations et d\u00e9clarations qui y sont incluses. The Lucky Flats Quintana n&rsquo;est pas non plus responsable des dommages de toute nature pouvant d\u00e9couler de l&rsquo;acc\u00e8s, de la maintenance, de l&rsquo;utilisation, de la qualit\u00e9, de la l\u00e9galit\u00e9, de la fiabilit\u00e9 et de l&rsquo;utilit\u00e9 des contenus, informations, communications, d\u00e9clarations, produits et services existants ou propos\u00e9s sur les pages web non g\u00e9r\u00e9es par lui-m\u00eame.<\/li>\n<\/ul>\n\n\n\n<h2 class=\"wp-block-heading\"><strong>5. General<\/strong><\/h2>\n\n\n\n<p>Les Lucky Flats Quintana se r\u00e9serve, sans pr\u00e9avis et \u00e0 tout moment, le droit de suspendre temporairement l&rsquo;acc\u00e8s \u00e0 son site web et d&rsquo;apporter les modifications qu&rsquo;elle juge appropri\u00e9es au site, aux services ou aux informations propos\u00e9es, \u00e0 la pr\u00e9sentation ou \u00e0 la localisation de ceux-ci, ainsi qu&rsquo;aux conditions d&rsquo;acc\u00e8s et d&rsquo;utilisation du site web des Lucky Flats Quintana. Toutes les informations re\u00e7ues sur ce site web seront consid\u00e9r\u00e9es comme c\u00e9d\u00e9es aux Lucky Flats Quintana \u00e0 titre gratuit. L&rsquo;e-mail ne sera pas consid\u00e9r\u00e9 comme un moyen valable pour pr\u00e9senter des r\u00e9clamations. \u00c0 cet effet, veuillez vous adresser au D\u00e9partement de Conseil Juridique des Lucky Flats Quintana, situ\u00e9 au 44, Calle Poeta Quintana, 03004 Alicante, Espagne, qui indiquera dans chaque cas les d\u00e9marches \u00e0 suivre.<\/p>\n\n\n\n<p>Toutes les questions relatives au site web des Lucky Flats Quintana sont r\u00e9gies par la l\u00e9gislation espagnole et sont soumises \u00e0 la juridiction des tribunaux comp\u00e9tents, avec renonciation \u00e0 toute juridiction qui pourrait \u00eatre applicable.<\/p>\n\n\n\n<h2 class=\"wp-block-heading\"><strong>6. Exactitude des donn\u00e9es<\/strong><\/h2>\n\n\n\n<p>El usuario sera responsable, en todo caso, de la veracidad de los datos proporcionados, reserv\u00e1ndose The Lucky Flats Quintana el derecho de excluir de los servicios registrados a cualquier usuario que haya proporcionado informaci\u00f3n falsa, sin perjuicio de otras acciones que puedan emprenderse legalmente. Adem\u00e1s, el usuario debe estar debidamente autorizado para proporcionar datos de terceros. Solo si cuenta con el consentimiento de los futuros hu\u00e9spedes del apartamento, el usuario podr\u00e1 proporcionar a The Lucky Flats Quintana dicha informaci\u00f3n. Esta informaci\u00f3n, que permitir\u00e1 a The Lucky Flats Quintana ofrecer un mejor servicio a sus hu\u00e9spedes, es opcional. Por lo tanto, su inclusi\u00f3n por parte del usuario implica, bajo su exclusiva responsabilidad, el deber de informar a esas personas sobre el contenido de nuestra Pol\u00edtica de Privacidad antes de ofrecer informaci\u00f3n personal.<\/p>\n\n\n\n<h2 class=\"wp-block-heading\"><strong>7. Responsabilit\u00e9 de Lucky Flats Quintana<\/strong><\/h2>\n\n\n\n<p>L&rsquo;acc\u00e8s \u00e0 la page n&rsquo;implique en aucun cas l&rsquo;existence d&rsquo;une relation commerciale entre l&rsquo;utilisateur et The Lucky Flats Quintana. Le portail fournit uniquement des informations sur les appartements disponibles au moment de la demande d&rsquo;information, donc si vous effectuez la r\u00e9servation en ligne, vous contractez directement avec The Lucky Flats Quintana et non avec le portail. La version imprim\u00e9e de la r\u00e9servation effectu\u00e9e sert de localisateur lors de votre arriv\u00e9e \u00e0 l&rsquo;appartement. La r\u00e9servation sur ce site web implique l&rsquo;adh\u00e9sion et l&rsquo;acceptation par le client de chacune des conditions g\u00e9n\u00e9rales expos\u00e9es ici. En acceptant les clauses suivantes, vous d\u00e9clarez et acceptez :<\/p>\n\n\n\n<p>1) \u00catre majeur et avoir la pleine capacit\u00e9 pour effectuer la r\u00e9servation, d\u00e9clarant comprendre l&rsquo;ensemble des conditions figurant sur le site web.<br>2) Que les donn\u00e9es fournies lors de la r\u00e9servation en ligne sont vraies, compl\u00e8tes et concises.<br>3) Seules les pages figurant sur la carte du site web sont comprises dans le site.<br>4) L&rsquo;acc\u00e8s \u00e0 ce site web rel\u00e8ve de la responsabilit\u00e9 de l&rsquo;utilisateur.<br>5) Une fois la r\u00e9servation effectu\u00e9e, le document \u00e9lectronique formalis\u00e9 sera archiv\u00e9, et vous pourrez y acc\u00e9der \u00e0 tout moment.<br>6) Confirmer la r\u00e9servation effectu\u00e9e, c&rsquo;est-\u00e0-dire les dates indiqu\u00e9es, le nombre de chambres, de personnes et l&rsquo;appartement choisi.<br>7) Les conditions et le prix de la r\u00e9servation effectu\u00e9e sont ceux express\u00e9ment d\u00e9termin\u00e9s dans les conditions tarifaires incluses sur la page o\u00f9 vous effectuez la r\u00e9servation.<br>8) En ce qui concerne la relation avec le portail, celui-ci vous offre la possibilit\u00e9 de r\u00e9server l&rsquo;appartement choisi via son site web, mais ne fournit aucun type de prestation d&rsquo;appartements sous sa responsabilit\u00e9.<br>9) Les donn\u00e9es de votre carte sont collect\u00e9es afin de garantir la r\u00e9servation. Le paiement s&rsquo;effectuera \u00e0 l&rsquo;appartement choisi et seulement en cas d&rsquo;annulation ou de non-pr\u00e9sentation (no show), la r\u00e9servation sera annul\u00e9e et des frais seront factur\u00e9s conform\u00e9ment aux conditions tarifaires.<br>10) Les offres ne seront valables que pendant la dur\u00e9e o\u00f9 elles restent accessibles aux destinataires du service.<\/p>\n\n\n\n<h2 class=\"wp-block-heading\"><strong>8. Tarifs<\/strong><\/h2>\n\n\n\n<p>Los prix indiqu\u00e9s sont des prix de vente au d\u00e9tail TVA incluse. Le prix comprend : le prix par nuit en fonction du type d&rsquo;appartement et du r\u00e9gime s\u00e9lectionn\u00e9s, \u00e0 l&rsquo;exception de ceux pour lesquels l&rsquo;inclusion d&rsquo;autres services est sp\u00e9cifi\u00e9e. Le prix n&rsquo;inclut pas : tout service non sp\u00e9cifi\u00e9, ainsi que des extras tels que les transferts, les pourboires, les appels t\u00e9l\u00e9phoniques, les services de blanchisserie, le minibar, le stationnement, etc. L&rsquo;heure d&rsquo;arriv\u00e9e (check-in) et de d\u00e9part (check-out) en g\u00e9n\u00e9ral, sauf accord express avec l&rsquo;\u00e9tablissement, les chambres peuvent \u00eatre utilis\u00e9es \u00e0 partir de 14 heures le jour de l&rsquo;arriv\u00e9e et doivent \u00eatre lib\u00e9r\u00e9es \u00e0 12 heures le jour du d\u00e9part.<\/p>\n\n\n\n<h2 class=\"wp-block-heading\"><strong>9.Passeports et visas<\/strong><\/h2>\n\n\n\n<p>Tous les voyageurs, sans exception (y compris les enfants), doivent \u00eatre en possession de leurs documents personnels et familiaux en r\u00e8gle, qu&rsquo;il s&rsquo;agisse de leur passeport ou de leur carte d&rsquo;identit\u00e9, conform\u00e9ment \u00e0 la l\u00e9gislation en vigueur. Il incombe au voyageur d&rsquo;obtenir les visas, passeports, certificats de vaccination, etc. n\u00e9cessaires. Les mineurs de moins de 18 ans doivent \u00eatre munis d&rsquo;une autorisation \u00e9crite sign\u00e9e par leurs parents ou tuteurs, en pr\u00e9vision d&rsquo;une \u00e9ventuelle demande de la part de n&rsquo;importe quelle autorit\u00e9. En cas de refus de la part de n&rsquo;importe quelle autorit\u00e9 d&rsquo;accorder des visas, pour des raisons particuli\u00e8res de l&rsquo;utilisateur, ou de se voir refuser l&rsquo;entr\u00e9e dans le pays par manque des conditions requises, ou par d\u00e9faut de la documentation requise, ou parce qu&rsquo;il n&rsquo;est pas en possession de cette derni\u00e8re, The Lucky Flats Quintana d\u00e9cline toute responsabilit\u00e9 pour les \u00e9v\u00e9nements de cette nature, le consommateur devant supporter les frais qui en d\u00e9coulent, en appliquant dans ces circonstances les conditions et les r\u00e8gles \u00e9tablies pour les cas de non-pr\u00e9sentation.<\/p>\n<\/div>\n","protected":false},"excerpt":{"rendered":"<p>En vertu de ce qui est pr\u00e9vu par le R\u00e8glement (UE) 2016\/679 du Parlement europ\u00e9en et du Conseil du 27 avril 2016 relatif \u00e0 la protection des personnes physiques \u00e0 l&rsquo;\u00e9gard du traitement des donn\u00e9es \u00e0 caract\u00e8re personnel et \u00e0 la libre circulation de ces donn\u00e9es, abrogeant la directive 95\/46\/CE (R\u00e8glement g\u00e9n\u00e9ral sur la protection [&hellip;]<\/p>\n","protected":false},"author":1,"featured_media":0,"parent":0,"menu_order":0,"comment_status":"closed","ping_status":"closed","template":"","meta":{"_acf_changed":false,"inline_featured_image":false,"_uag_custom_page_level_css":"","footnotes":""},"class_list":["post-1960","page","type-page","status-publish","hentry"],"acf":[],"yoast_head":"<!-- This site is optimized with the Yoast SEO plugin v25.0 - https:\/\/yoast.com\/wordpress\/plugins\/seo\/ -->\n<title>Politique de confidentialit\u00e9 - Lucky Flats<\/title>\n<meta name=\"robots\" content=\"noindex, follow\" \/>\n<meta property=\"og:locale\" content=\"fr_FR\" \/>\n<meta property=\"og:type\" content=\"article\" \/>\n<meta property=\"og:title\" content=\"Politique de confidentialit\u00e9 - Lucky Flats\" \/>\n<meta property=\"og:description\" content=\"En vertu de ce qui est pr\u00e9vu par le R\u00e8glement (UE) 2016\/679 du Parlement europ\u00e9en et du Conseil du 27 avril 2016 relatif \u00e0 la protection des personnes physiques \u00e0 l&rsquo;\u00e9gard du traitement des donn\u00e9es \u00e0 caract\u00e8re personnel et \u00e0 la libre circulation de ces donn\u00e9es, abrogeant la directive 95\/46\/CE (R\u00e8glement g\u00e9n\u00e9ral sur la protection [&hellip;]\" \/>\n<meta property=\"og:url\" content=\"https:\/\/theluckyflats.com\/fr\/politique-de-confidentialite\/\" \/>\n<meta property=\"og:site_name\" content=\"Lucky Flats\" \/>\n<meta property=\"article:modified_time\" content=\"2024-05-27T10:11:00+00:00\" \/>\n<meta name=\"twitter:card\" content=\"summary_large_image\" \/>\n<meta name=\"twitter:label1\" content=\"Dur\u00e9e de lecture estim\u00e9e\" \/>\n\t<meta name=\"twitter:data1\" content=\"9 minutes\" \/>\n<script type=\"application\/ld+json\" class=\"yoast-schema-graph\">{\"@context\":\"https:\/\/schema.org\",\"@graph\":[{\"@type\":\"WebPage\",\"@id\":\"https:\/\/theluckyflats.com\/fr\/politique-de-confidentialite\/\",\"url\":\"https:\/\/theluckyflats.com\/fr\/politique-de-confidentialite\/\",\"name\":\"Politique de confidentialit\u00e9 - Lucky Flats\",\"isPartOf\":{\"@id\":\"https:\/\/theluckyflats.com\/fr\/#website\"},\"datePublished\":\"2023-11-09T11:46:54+00:00\",\"dateModified\":\"2024-05-27T10:11:00+00:00\",\"inLanguage\":\"fr-FR\",\"potentialAction\":[{\"@type\":\"ReadAction\",\"target\":[\"https:\/\/theluckyflats.com\/fr\/politique-de-confidentialite\/\"]}]},{\"@type\":\"WebSite\",\"@id\":\"https:\/\/theluckyflats.com\/fr\/#website\",\"url\":\"https:\/\/theluckyflats.com\/fr\/\",\"name\":\"Lucky Flats\",\"description\":\"\",\"potentialAction\":[{\"@type\":\"SearchAction\",\"target\":{\"@type\":\"EntryPoint\",\"urlTemplate\":\"https:\/\/theluckyflats.com\/fr\/?s={search_term_string}\"},\"query-input\":{\"@type\":\"PropertyValueSpecification\",\"valueRequired\":true,\"valueName\":\"search_term_string\"}}],\"inLanguage\":\"fr-FR\"}]}<\/script>\n<!-- \/ Yoast SEO plugin. -->","yoast_head_json":{"title":"Politique de confidentialit\u00e9 - Lucky Flats","robots":{"index":"noindex","follow":"follow"},"og_locale":"fr_FR","og_type":"article","og_title":"Politique de confidentialit\u00e9 - Lucky Flats","og_description":"En vertu de ce qui est pr\u00e9vu par le R\u00e8glement (UE) 2016\/679 du Parlement europ\u00e9en et du Conseil du 27 avril 2016 relatif \u00e0 la protection des personnes physiques \u00e0 l&rsquo;\u00e9gard du traitement des donn\u00e9es \u00e0 caract\u00e8re personnel et \u00e0 la libre circulation de ces donn\u00e9es, abrogeant la directive 95\/46\/CE (R\u00e8glement g\u00e9n\u00e9ral sur la protection [&hellip;]","og_url":"https:\/\/theluckyflats.com\/fr\/politique-de-confidentialite\/","og_site_name":"Lucky Flats","article_modified_time":"2024-05-27T10:11:00+00:00","twitter_card":"summary_large_image","twitter_misc":{"Dur\u00e9e de lecture estim\u00e9e":"9 minutes"},"schema":{"@context":"https:\/\/schema.org","@graph":[{"@type":"WebPage","@id":"https:\/\/theluckyflats.com\/fr\/politique-de-confidentialite\/","url":"https:\/\/theluckyflats.com\/fr\/politique-de-confidentialite\/","name":"Politique de confidentialit\u00e9 - Lucky Flats","isPartOf":{"@id":"https:\/\/theluckyflats.com\/fr\/#website"},"datePublished":"2023-11-09T11:46:54+00:00","dateModified":"2024-05-27T10:11:00+00:00","inLanguage":"fr-FR","potentialAction":[{"@type":"ReadAction","target":["https:\/\/theluckyflats.com\/fr\/politique-de-confidentialite\/"]}]},{"@type":"WebSite","@id":"https:\/\/theluckyflats.com\/fr\/#website","url":"https:\/\/theluckyflats.com\/fr\/","name":"Lucky Flats","description":"","potentialAction":[{"@type":"SearchAction","target":{"@type":"EntryPoint","urlTemplate":"https:\/\/theluckyflats.com\/fr\/?s={search_term_string}"},"query-input":{"@type":"PropertyValueSpecification","valueRequired":true,"valueName":"search_term_string"}}],"inLanguage":"fr-FR"}]}},"uagb_featured_image_src":{"full":false,"thumbnail":false,"medium":false,"medium_large":false,"large":false,"1536x1536":false,"2048x2048":false},"uagb_author_info":{"display_name":"@oscar","author_link":"https:\/\/theluckyflats.com\/fr\/author\/oscar\/"},"uagb_comment_info":0,"uagb_excerpt":"En vertu de ce qui est pr\u00e9vu par le R\u00e8glement (UE) 2016\/679 du Parlement europ\u00e9en et du Conseil du 27 avril 2016 relatif \u00e0 la protection des personnes physiques \u00e0 l&rsquo;\u00e9gard du traitement des donn\u00e9es \u00e0 caract\u00e8re personnel et \u00e0 la libre circulation de ces donn\u00e9es, abrogeant la directive 95\/46\/CE (R\u00e8glement g\u00e9n\u00e9ral sur la protection\u2026","_links":{"self":[{"href":"https:\/\/theluckyflats.com\/fr\/wp-json\/wp\/v2\/pages\/1960","targetHints":{"allow":["GET"]}}],"collection":[{"href":"https:\/\/theluckyflats.com\/fr\/wp-json\/wp\/v2\/pages"}],"about":[{"href":"https:\/\/theluckyflats.com\/fr\/wp-json\/wp\/v2\/types\/page"}],"author":[{"embeddable":true,"href":"https:\/\/theluckyflats.com\/fr\/wp-json\/wp\/v2\/users\/1"}],"replies":[{"embeddable":true,"href":"https:\/\/theluckyflats.com\/fr\/wp-json\/wp\/v2\/comments?post=1960"}],"version-history":[{"count":4,"href":"https:\/\/theluckyflats.com\/fr\/wp-json\/wp\/v2\/pages\/1960\/revisions"}],"predecessor-version":[{"id":1965,"href":"https:\/\/theluckyflats.com\/fr\/wp-json\/wp\/v2\/pages\/1960\/revisions\/1965"}],"wp:attachment":[{"href":"https:\/\/theluckyflats.com\/fr\/wp-json\/wp\/v2\/media?parent=1960"}],"curies":[{"name":"wp","href":"https:\/\/api.w.org\/{rel}","templated":true}]}}