{"id":1967,"date":"2023-12-04T09:07:19","date_gmt":"2023-12-04T08:07:19","guid":{"rendered":"https:\/\/theluckyflats.com\/politica-de-cookies\/"},"modified":"2024-05-27T12:09:16","modified_gmt":"2024-05-27T10:09:16","slug":"politique-de-cookies","status":"publish","type":"page","link":"https:\/\/theluckyflats.com\/fr\/politique-de-cookies\/","title":{"rendered":"Politique de Cookies"},"content":{"rendered":"\n<div class=\"wp-block-group legal is-layout-constrained wp-container-core-group-is-layout-306d6ce3 wp-block-group-is-layout-constrained\" style=\"margin-top:0px;margin-bottom:0px;padding-top:0px;padding-right:15px;padding-bottom:0px;padding-left:15px\">\n<p>En conformit\u00e9 avec l&rsquo;article 22.2 de la Loi 34\/2002 relative aux services de la soci\u00e9t\u00e9 de l&rsquo;information, nous informons les utilisateurs de notre site web de notre politique d&rsquo;utilisation des cookies.<\/p>\n\n\n\n<h2 class=\"wp-block-heading\"><strong>Qu&rsquo;est-ce qu&rsquo;un cookie?<\/strong><\/h2>\n\n\n\n<p>Les cookies sont des fichiers contenant de petites quantit\u00e9s d&rsquo;informations qui sont t\u00e9l\u00e9charg\u00e9es sur le dispositif de l&rsquo;utilisateur lorsqu&rsquo;il visite notre site web. Leur objectif principal est de reconna\u00eetre l&rsquo;utilisateur (\u00e0 l&rsquo;aide d&rsquo;identifiants qui ne permettent pas de l&rsquo;identifier en tant que personne physique) \u00e0 chaque fois qu&rsquo;il acc\u00e8de au site web, ce qui nous permet \u00e9galement d&rsquo;am\u00e9liorer la qualit\u00e9 et l&rsquo;utilit\u00e9 de nos sites web. Les cookies sont essentiels au bon fonctionnement d&rsquo;Internet ; ils ne peuvent pas endommager l&rsquo;\u00e9quipement\/dispositif de l&rsquo;utilisateur et, s&rsquo;ils sont activ\u00e9s dans la configuration de votre navigateur, ils nous aident \u00e0 identifier et \u00e0 r\u00e9soudre d&rsquo;\u00e9ventuels probl\u00e8mes de fonctionnement de notre site web.<\/p>\n\n\n\n<h2 class=\"wp-block-heading\"><strong>Types de cookies<\/strong><\/h2>\n\n\n\n<p>Il existe diff\u00e9rents types de cookies. Ils fonctionnent tous de la m\u00eame mani\u00e8re, mais pr\u00e9sentent de petites diff\u00e9rences :<\/p>\n\n\n\n<p><strong>Cookies de Session<\/strong> : Les cookies de session ne durent que pendant la dur\u00e9e de la visite et sont effac\u00e9es lorsque l&rsquo;utilisateur ferme le navigateur. Leur objectif principal est d&rsquo;identifier le type d&rsquo;appareil, de soutenir la s\u00e9curit\u00e9 du site web ou sa fonctionnalit\u00e9 de base. Elles ne contiennent pas d&rsquo;informations personnelles permettant d&rsquo;identifier une personne.<\/p>\n\n\n\n<p><strong>Cookies Persistants ou Permanents<\/strong> : Ils sont stock\u00e9s sur le disque dur de l&rsquo;appareil et le site web les lit \u00e0 chaque nouvelle visite du site par l&rsquo;utilisateur ; ils ont une date d&rsquo;expiration d\u00e9termin\u00e9e, apr\u00e8s laquelle le cookie cesse de fonctionner. Ils permettent d&rsquo;identifier les actions et pr\u00e9f\u00e9rences de l&rsquo;utilisateur, d&rsquo;analyser les visites et aident \u00e0 comprendre comment les utilisateurs acc\u00e8dent au site web, am\u00e9liorant ainsi les services propos\u00e9s.<\/p>\n\n\n\n<p><strong>Cookies de Fonctionnalit\u00e9<\/strong> : Ils permettent de se souvenir des d\u00e9cisions prises par l&rsquo;utilisateur, telles que son login ou son identifiant. Les informations de ces cookies sont anonymes (c&rsquo;est-\u00e0-dire qu&rsquo;elles ne contiennent pas de nom, d&rsquo;adresse ou d&rsquo;autres donn\u00e9es personnelles).<\/p>\n\n\n\n<p><strong>Cookies Tiers<\/strong> : Les cookies tiers sont install\u00e9s par un site web autre que celui que l&rsquo;utilisateur visite ; par exemple, ceux utilis\u00e9s par les r\u00e9seaux sociaux (comme Facebook) ou par des plugins externes de contenu (comme Google Maps).<\/p>\n\n\n\n<p><strong>Cookies Analytiques<\/strong> : Ce sont des cookies qui ont pour objectif de maintenir p\u00e9riodiquement et garantir le bon fonctionnement et le service optimal \u00e0 l&rsquo;utilisateur, en collectant des donn\u00e9es sur son activit\u00e9.<\/p>\n\n\n\n<h2 class=\"wp-block-heading\"><strong>Utilisation de cookies par The Lucky Flats Quintana<\/strong><\/h2>\n\n\n\n<figure class=\"wp-block-table\" style=\"margin-bottom:30px\"><table><tbody><tr><td>Nom<\/td><td>Propre ou tiers<\/td><td>Duration<\/td><td>Objectif<\/td><\/tr><tr><td>cookie_alerta<\/td><td>Propre<\/td><td>dur\u00e9e de la session en cours<\/td><td>Afficher l&rsquo;avertissement relatif aux cookies une seule fois par session<\/td><\/tr><tr><td>popup_faldon<\/td><td>Propre<\/td><td>dur\u00e9e de la session en cours<\/td><td>Afficher la fen\u00eatre contextuelle de l&rsquo;offre une seule fois par session (uniquement lorsqu&rsquo;il y a une fen\u00eatre contextuelle de l&rsquo;offre)<\/td><\/tr><tr><td>_utma<\/td><td>Analyse Google<\/td><td>2 ann\u00e9es<\/td><td>Utilis\u00e9 pour diff\u00e9rencier les utilisateurs et les sessions.<\/td><\/tr><tr><td>_utmb<\/td><td>Analyse Google<\/td><td>10 minutes \u00e0 partir de la cr\u00e9ation ou de la modification<\/td><td>Il est utilis\u00e9 pour savoir s&rsquo;il y a une nouvelle session ou une nouvelle visite.<\/td><\/tr><tr><td>_utmc<\/td><td>Analyse Google<\/td><td>A la fin de la session<\/td><td>Utilis\u00e9 pour faciliter la fonctionnalit\u00e9 de la biblioth\u00e8que urchin.js. Auparavant, ce cookie agissait en conjonction avec le cookie _utmb pour d\u00e9terminer si l&rsquo;utilisateur se trouvait dans une nouvelle session ou visite.<\/td><\/tr><tr><td>_utmz<\/td><td>Analyse Google<\/td><td>6 mois<\/td><td>Enregistre l&rsquo;origine du trafic ou de la campagne qui explique d&rsquo;o\u00f9 l&rsquo;utilisateur arrive sur le site web.<\/td><\/tr><tr><td>_utmt<\/td><td>Analyse Google<\/td><td>A la fin de la session<\/td><td>Permet de d\u00e9finir le type de demande de l&rsquo;utilisateur. Permet d&rsquo;\u00e9tablir des statistiques d&rsquo;utilisation des pages.<\/td><\/tr><tr><td>DoubleClick<\/td><td>Adwords<\/td><td>A la fin de la session<\/td><td>Segmenter le contenu pour qu&rsquo;il soit pertinent pour les utilisateurs.<\/td><\/tr><\/tbody><\/table><\/figure>\n\n\n\n<figure class=\"wp-block-table\" style=\"margin-bottom:30px\"><table><tbody><tr><td>Nom<\/td><td>Informations trait\u00e9es<\/td><td>Objectif<\/td><\/tr><tr><td>Strictement n\u00e9cessaire<\/td><td>Session de l&rsquo;utilisateur, d\u00e9tails de l&rsquo;enregistrement, r\u00e9servations.<\/td><td>Gestion et maintien de la session utilisateur, personnalisation de la navigation, \u00e9quilibrage de la charge, etc.<\/td><\/tr><tr><td>Analyse Google Analytics<\/td><td>Sites web visit\u00e9s, fr\u00e9quence, nombre et r\u00e9p\u00e9tition des visites, temps de navigation, recherches effectu\u00e9es, liens consult\u00e9s, navigateur utilis\u00e9, op\u00e9rateur fournissant le service, localisation li\u00e9e \u00e0 l&rsquo;adresse IP<\/td><td>Mesure et analyse de la navigation des utilisateurs, suivi et analyse du comportement des utilisateurs, \u00e9tablissement de profils anonymes de navigation des utilisateurs, am\u00e9lioration sur la base de l&rsquo;analyse des donn\u00e9es d&rsquo;utilisation des utilisateurs.<\/td><\/tr><tr><td>Google Adwords<\/td><td>Adresse IP, recherches effectu\u00e9es, liens consult\u00e9s et publicit\u00e9s consult\u00e9es.<\/td><td>Montrer les produits qui conviennent le mieux \u00e0 l&rsquo;utilisateur, segmenter le public cible, mesurer les r\u00e9sultats, assouplir les budgets et d\u00e9tecter de nouveaux march\u00e9s.<\/td><\/tr><\/tbody><\/table><\/figure>\n\n\n\n<p>En acc\u00e9dant \u00e0 notre site web, l&rsquo;utilisateur accepte express\u00e9ment que nous puissions utiliser ce type de cookies sur ses appareils. Cependant, si les cookies sont d\u00e9sactiv\u00e9s, cela n&rsquo;affectera pas la navigation sur nos sites web.<\/p>\n\n\n\n<h2 class=\"wp-block-heading\"><strong>Param\u00e8tres de l&rsquo;utilisateur pour emp\u00eacher les cookies<\/strong><\/h2>\n\n\n\n<p>En naviguant et en continuant sur notre site web, vous consentez \u00e0 l&rsquo;utilisation de cookies dans les conditions \u00e9nonc\u00e9es dans la pr\u00e9sente \u00ab\u00a0Politique de cookies\u00a0\u00bb. The Lucky Flats Quintana fournit l&rsquo;acc\u00e8s \u00e0 cette \u00ab\u00a0Politique de cookies\u00a0\u00bb lors de la premi\u00e8re connexion, dans le but d&rsquo;informer l&rsquo;utilisateur, et sans pr\u00e9judice de sa possibilit\u00e9 d&rsquo;exercer son droit de bloquer, supprimer et refuser l&rsquo;utilisation de cookies \u00e0 tout moment.<\/p>\n\n\n\n<p>Dans tous les cas, veuillez noter que les cookies qui ne sont pas n\u00e9cessaires \u00e0 l&rsquo;utilisation de notre site web peuvent \u00eatre bloqu\u00e9s ou d\u00e9sactiv\u00e9s en activant les param\u00e8tres de votre navigateur, qui permettent de refuser l&rsquo;installation de tous les cookies ou de certains d&rsquo;entre eux. La plupart des navigateurs permettent d&rsquo;\u00eatre averti de la pr\u00e9sence de cookies ou de les rejeter automatiquement. Si vous les rejetez, vous pourrez toujours utiliser notre site web, bien que l&rsquo;utilisation de certains de ses services puisse \u00eatre limit\u00e9e et donc votre exp\u00e9rience sur notre site web moins satisfaisante.<\/p>\n\n\n\n<p>Les informations sur la mani\u00e8re de configurer votre navigateur ou vos navigateurs Internet pour pr\u00e9server votre vie priv\u00e9e et votre s\u00e9curit\u00e9 en ce qui concerne les cookies peuvent \u00eatre consult\u00e9es sur les sites de support officiels des principaux navigateurs. Avec ces aides, l&rsquo;utilisateur peut bloquer les cookies via les outils de configuration du navigateur ou le configurer pour qu&rsquo;il soit averti lorsqu&rsquo;un serveur souhaite enregistrer un cookie.<\/p>\n\n\n\n<h2 class=\"wp-block-heading\"><strong>Coordonn\u00e9es de contact<\/strong><\/h2>\n\n\n\n<p>Toute question ou demande concernant cette politique d&rsquo;utilisation des cookies peut nous \u00eatre adress\u00e9e par \u00e9crit \u00e0 l&rsquo;adresse e-mail suivante : info_alc@theluckyflats.com<\/p>\n<\/div>\n","protected":false},"excerpt":{"rendered":"<p>En conformit\u00e9 avec l&rsquo;article 22.2 de la Loi 34\/2002 relative aux services de la soci\u00e9t\u00e9 de l&rsquo;information, nous informons les utilisateurs de notre site web de notre politique d&rsquo;utilisation des cookies. Qu&rsquo;est-ce qu&rsquo;un cookie? Les cookies sont des fichiers contenant de petites quantit\u00e9s d&rsquo;informations qui sont t\u00e9l\u00e9charg\u00e9es sur le dispositif de l&rsquo;utilisateur lorsqu&rsquo;il visite notre [&hellip;]<\/p>\n","protected":false},"author":1,"featured_media":0,"parent":0,"menu_order":0,"comment_status":"closed","ping_status":"closed","template":"","meta":{"_acf_changed":false,"inline_featured_image":false,"_uag_custom_page_level_css":"","footnotes":""},"class_list":["post-1967","page","type-page","status-publish","hentry"],"acf":[],"yoast_head":"<!-- This site is optimized with the Yoast SEO plugin v25.0 - https:\/\/yoast.com\/wordpress\/plugins\/seo\/ -->\n<title>Politique de Cookies - Lucky Flats<\/title>\n<meta name=\"robots\" content=\"noindex, follow\" \/>\n<meta property=\"og:locale\" content=\"fr_FR\" \/>\n<meta property=\"og:type\" content=\"article\" \/>\n<meta property=\"og:title\" content=\"Politique de Cookies - Lucky Flats\" \/>\n<meta property=\"og:description\" content=\"En conformit\u00e9 avec l&rsquo;article 22.2 de la Loi 34\/2002 relative aux services de la soci\u00e9t\u00e9 de l&rsquo;information, nous informons les utilisateurs de notre site web de notre politique d&rsquo;utilisation des cookies. Qu&rsquo;est-ce qu&rsquo;un cookie? Les cookies sont des fichiers contenant de petites quantit\u00e9s d&rsquo;informations qui sont t\u00e9l\u00e9charg\u00e9es sur le dispositif de l&rsquo;utilisateur lorsqu&rsquo;il visite notre [&hellip;]\" \/>\n<meta property=\"og:url\" content=\"https:\/\/theluckyflats.com\/fr\/politique-de-cookies\/\" \/>\n<meta property=\"og:site_name\" content=\"Lucky Flats\" \/>\n<meta property=\"article:modified_time\" content=\"2024-05-27T10:09:16+00:00\" \/>\n<meta name=\"twitter:card\" content=\"summary_large_image\" \/>\n<meta name=\"twitter:label1\" content=\"Dur\u00e9e de lecture estim\u00e9e\" \/>\n\t<meta name=\"twitter:data1\" content=\"5 minutes\" \/>\n<script type=\"application\/ld+json\" class=\"yoast-schema-graph\">{\"@context\":\"https:\/\/schema.org\",\"@graph\":[{\"@type\":\"WebPage\",\"@id\":\"https:\/\/theluckyflats.com\/fr\/politique-de-cookies\/\",\"url\":\"https:\/\/theluckyflats.com\/fr\/politique-de-cookies\/\",\"name\":\"Politique de Cookies - Lucky Flats\",\"isPartOf\":{\"@id\":\"https:\/\/theluckyflats.com\/fr\/#website\"},\"datePublished\":\"2023-12-04T08:07:19+00:00\",\"dateModified\":\"2024-05-27T10:09:16+00:00\",\"inLanguage\":\"fr-FR\",\"potentialAction\":[{\"@type\":\"ReadAction\",\"target\":[\"https:\/\/theluckyflats.com\/fr\/politique-de-cookies\/\"]}]},{\"@type\":\"WebSite\",\"@id\":\"https:\/\/theluckyflats.com\/fr\/#website\",\"url\":\"https:\/\/theluckyflats.com\/fr\/\",\"name\":\"Lucky Flats\",\"description\":\"\",\"potentialAction\":[{\"@type\":\"SearchAction\",\"target\":{\"@type\":\"EntryPoint\",\"urlTemplate\":\"https:\/\/theluckyflats.com\/fr\/?s={search_term_string}\"},\"query-input\":{\"@type\":\"PropertyValueSpecification\",\"valueRequired\":true,\"valueName\":\"search_term_string\"}}],\"inLanguage\":\"fr-FR\"}]}<\/script>\n<!-- \/ Yoast SEO plugin. -->","yoast_head_json":{"title":"Politique de Cookies - Lucky Flats","robots":{"index":"noindex","follow":"follow"},"og_locale":"fr_FR","og_type":"article","og_title":"Politique de Cookies - Lucky Flats","og_description":"En conformit\u00e9 avec l&rsquo;article 22.2 de la Loi 34\/2002 relative aux services de la soci\u00e9t\u00e9 de l&rsquo;information, nous informons les utilisateurs de notre site web de notre politique d&rsquo;utilisation des cookies. Qu&rsquo;est-ce qu&rsquo;un cookie? Les cookies sont des fichiers contenant de petites quantit\u00e9s d&rsquo;informations qui sont t\u00e9l\u00e9charg\u00e9es sur le dispositif de l&rsquo;utilisateur lorsqu&rsquo;il visite notre [&hellip;]","og_url":"https:\/\/theluckyflats.com\/fr\/politique-de-cookies\/","og_site_name":"Lucky Flats","article_modified_time":"2024-05-27T10:09:16+00:00","twitter_card":"summary_large_image","twitter_misc":{"Dur\u00e9e de lecture estim\u00e9e":"5 minutes"},"schema":{"@context":"https:\/\/schema.org","@graph":[{"@type":"WebPage","@id":"https:\/\/theluckyflats.com\/fr\/politique-de-cookies\/","url":"https:\/\/theluckyflats.com\/fr\/politique-de-cookies\/","name":"Politique de Cookies - Lucky Flats","isPartOf":{"@id":"https:\/\/theluckyflats.com\/fr\/#website"},"datePublished":"2023-12-04T08:07:19+00:00","dateModified":"2024-05-27T10:09:16+00:00","inLanguage":"fr-FR","potentialAction":[{"@type":"ReadAction","target":["https:\/\/theluckyflats.com\/fr\/politique-de-cookies\/"]}]},{"@type":"WebSite","@id":"https:\/\/theluckyflats.com\/fr\/#website","url":"https:\/\/theluckyflats.com\/fr\/","name":"Lucky Flats","description":"","potentialAction":[{"@type":"SearchAction","target":{"@type":"EntryPoint","urlTemplate":"https:\/\/theluckyflats.com\/fr\/?s={search_term_string}"},"query-input":{"@type":"PropertyValueSpecification","valueRequired":true,"valueName":"search_term_string"}}],"inLanguage":"fr-FR"}]}},"uagb_featured_image_src":{"full":false,"thumbnail":false,"medium":false,"medium_large":false,"large":false,"1536x1536":false,"2048x2048":false},"uagb_author_info":{"display_name":"@oscar","author_link":"https:\/\/theluckyflats.com\/fr\/author\/oscar\/"},"uagb_comment_info":0,"uagb_excerpt":"En conformit\u00e9 avec l&rsquo;article 22.2 de la Loi 34\/2002 relative aux services de la soci\u00e9t\u00e9 de l&rsquo;information, nous informons les utilisateurs de notre site web de notre politique d&rsquo;utilisation des cookies. Qu&rsquo;est-ce qu&rsquo;un cookie? Les cookies sont des fichiers contenant de petites quantit\u00e9s d&rsquo;informations qui sont t\u00e9l\u00e9charg\u00e9es sur le dispositif de l&rsquo;utilisateur lorsqu&rsquo;il visite notre\u2026","_links":{"self":[{"href":"https:\/\/theluckyflats.com\/fr\/wp-json\/wp\/v2\/pages\/1967","targetHints":{"allow":["GET"]}}],"collection":[{"href":"https:\/\/theluckyflats.com\/fr\/wp-json\/wp\/v2\/pages"}],"about":[{"href":"https:\/\/theluckyflats.com\/fr\/wp-json\/wp\/v2\/types\/page"}],"author":[{"embeddable":true,"href":"https:\/\/theluckyflats.com\/fr\/wp-json\/wp\/v2\/users\/1"}],"replies":[{"embeddable":true,"href":"https:\/\/theluckyflats.com\/fr\/wp-json\/wp\/v2\/comments?post=1967"}],"version-history":[{"count":4,"href":"https:\/\/theluckyflats.com\/fr\/wp-json\/wp\/v2\/pages\/1967\/revisions"}],"predecessor-version":[{"id":1973,"href":"https:\/\/theluckyflats.com\/fr\/wp-json\/wp\/v2\/pages\/1967\/revisions\/1973"}],"wp:attachment":[{"href":"https:\/\/theluckyflats.com\/fr\/wp-json\/wp\/v2\/media?parent=1967"}],"curies":[{"name":"wp","href":"https:\/\/api.w.org\/{rel}","templated":true}]}}