{"id":2040,"date":"2023-12-04T09:07:40","date_gmt":"2023-12-04T08:07:40","guid":{"rendered":"https:\/\/theluckyflats.com\/aviso-legal\/"},"modified":"2024-05-27T12:10:21","modified_gmt":"2024-05-27T10:10:21","slug":"notice-legal","status":"publish","type":"page","link":"https:\/\/theluckyflats.com\/fr\/notice-legal\/","title":{"rendered":"Notice L\u00e9gal"},"content":{"rendered":"\n<div class=\"wp-block-group legal is-layout-constrained wp-container-core-group-is-layout-306d6ce3 wp-block-group-is-layout-constrained\" style=\"margin-top:0px;margin-bottom:0px;padding-top:0px;padding-right:15px;padding-bottom:0px;padding-left:15px\">\n<p>Cette page web est la propri\u00e9t\u00e9 de Apartamentos Quintana SL, ci-apr\u00e8s d\u00e9nomm\u00e9e The Lucky Flats Quintana.<\/p>\n\n\n\n<p>Si\u00e8ge social : Calle Poeta Quintana, 44, 03004 Alicante, Espagne<br>T\u00e9l\u00e9phone : (+34) 673 654 181<br>E-mail : info_alc@theluckyflats.com<\/p>\n\n\n\n<h2 class=\"wp-block-heading\"><strong>1. Conditions g\u00e9n\u00e9rales<\/strong><\/h2>\n\n\n\n<p>L&rsquo;acc\u00e8s et l&rsquo;utilisation du site web de The Lucky Flats Quintana seront soumis aux pr\u00e9sentes conditions g\u00e9n\u00e9rales. L&rsquo;utilisation de toutes les pages web appartenant \u00e0 The Lucky Flats Quintana entra\u00eene l&rsquo;acceptation pleine par l&rsquo;utilisateur de toutes les Conditions G\u00e9n\u00e9rales d&rsquo;Utilisation en vigueur \u00e0 chaque moment o\u00f9 l&rsquo;utilisateur y acc\u00e8de.<\/p>\n\n\n\n<p>The Lucky Flats Quintana se r\u00e9serve le droit de modifier \u00e0 tout moment les pr\u00e9sentes Conditions d&rsquo;Utilisation.<\/p>\n\n\n\n<h2 class=\"wp-block-heading\"><strong>2. Utilisation du site web, des services et des contenus<\/strong><\/h2>\n\n\n\n<p>L&rsquo;utilisateur s&rsquo;engage \u00e0 faire un usage correct de cette page, de ses services et de son contenu, sans enfreindre les droits fondamentaux, la l\u00e9gislation en vigueur, la bonne foi, les usages g\u00e9n\u00e9ralement accept\u00e9s, l&rsquo;ordre public, et les conditions particuli\u00e8res de certains services. Tout usage \u00e0 des fins illicites ou violant les droits de The Lucky Flats Quintana et de ses propri\u00e9taires ou d&rsquo;un tiers est interdit, de m\u00eame que tout usage susceptible de nuire au fonctionnement normal de la page ou de tout \u00e9quipement informatique ou document de toute nature qui y est contenu. En ce qui concerne le contenu (informations, textes, graphiques, fichiers sonores et\/ou images, photographies, designs, etc.), il est express\u00e9ment interdit notamment :<\/p>\n\n\n\n<ul class=\"wp-block-list\">\n<li>Sa reproduction, distribution ou modification, ou toute autre forme de communication publique, sauf autorisation pr\u00e9alable des titulaires l\u00e9gitimes ou sauf ce qui est l\u00e9galement autoris\u00e9 ;<\/li>\n\n\n\n<li>Supprimer ou modifier le copyright et toute autre information d&rsquo;identification des droits de r\u00e9serve de The Lucky Flats Quintana ou de ses titulaires, des empreintes digitales ou de tout autre moyen technique de reconnaissance ;<\/li>\n\n\n\n<li>Tenter d&rsquo;obtenir les contenus du site web par un moyen autre que ceux disponibles pour les utilisateurs ou que ceux habituellement utilis\u00e9s sur le r\u00e9seau, \u00e0 condition que ces derniers ne causent aucun pr\u00e9judice au site web de The Lucky Flats Quintana ;<\/li>\n\n\n\n<li>Envoyer des messages ou des cha\u00eenes de courriels non sollicit\u00e9s ou non consentis par leurs destinataires. Les utilisateurs ou les tiers l\u00e9s\u00e9s par la r\u00e9ception de messages non sollicit\u00e9s peuvent en informer The Lucky Flats Quintana en envoyant un message \u00e0 l&rsquo;adresse \u00e9lectronique suivante : info_alc@theluckyflats.com ;<\/li>\n\n\n\n<li>De m\u00eame, il est interdit d&rsquo;utiliser les listes de diffusion ainsi que de mettre \u00e0 la disposition de tiers des donn\u00e9es collect\u00e9es \u00e0 partir de celles-ci, pour effectuer les activit\u00e9s mentionn\u00e9es pr\u00e9c\u00e9demment. En ce qui concerne le site, l&rsquo;utilisateur s&rsquo;engage notamment \u00e0 ne pas transmettre ou diffuser \u00e0 des tiers des informations, donn\u00e9es, contenus, messages, graphiques, dessins, fichiers sonores et\/ou images, photographies, enregistrements, logiciels et en g\u00e9n\u00e9ral tout mat\u00e9riel qui :<\/li>\n<\/ul>\n\n\n\n<ul class=\"wp-block-list\">\n<li>Supprimer ou modifier le droit d&rsquo;auteur et autres donn\u00e9es d&rsquo;identification de la r\u00e9serve de droits de The Lucky Flats Quintana ou de ses titulaires, les empreintes digitales ou tout autre moyen technique de reconnaissance ;<\/li>\n\n\n\n<li>Tenter d&rsquo;obtenir les contenus du site web par un moyen diff\u00e9rent de ceux disponibles pour les utilisateurs ou couramment utilis\u00e9s sur le r\u00e9seau, \u00e0 condition que ces derniers ne causent aucun pr\u00e9judice au site web de The Lucky Flats Quintana ;<\/li>\n\n\n\n<li>Envoyer des messages ou des cha\u00eenes de courriels non sollicit\u00e9s ou non consentis par leurs destinataires. Les utilisateurs ou tiers l\u00e9s\u00e9s par la r\u00e9ception de messages non sollicit\u00e9s peuvent le signaler \u00e0 The Lucky Flats Quintana en envoyant un message \u00e0 l&rsquo;adresse \u00e9lectronique suivante : info_alc@theluckyflats.com ;<\/li>\n\n\n\n<li>Il est \u00e9galement interdit d&rsquo;utiliser les listes de diffusion ainsi que de mettre \u00e0 disposition de tiers des donn\u00e9es collect\u00e9es \u00e0 partir de celles-ci pour effectuer les activit\u00e9s mentionn\u00e9es pr\u00e9c\u00e9demment. En ce qui concerne le site, l&rsquo;utilisateur s&rsquo;engage notamment \u00e0 ne pas transmettre ou diffuser \u00e0 des tiers des informations, des donn\u00e9es, des contenus, des messages, des graphiques, des dessins, des fichiers sonores et\/ou visuels, des photographies, des enregistrements, des logiciels et en g\u00e9n\u00e9ral tout mat\u00e9riel qui :<\/li>\n<\/ul>\n\n\n\n<ul class=\"wp-block-list\">\n<li>Induire ou promouvoir des actions d\u00e9lictueuses, diffamatoires, diffamatoires, violentes ou, en g\u00e9n\u00e9ral, contraires \u00e0 la loi, \u00e0 la morale et aux bonnes m\u0153urs g\u00e9n\u00e9ralement accept\u00e9es, ou \u00e0 l&rsquo;ordre public ; ou permettre l&rsquo;acc\u00e8s \u00e0 des produits, \u00e9l\u00e9ments, messages et\/ou services d\u00e9lictueux, violents, offensants, nocifs, d\u00e9gradants ou, en g\u00e9n\u00e9ral, contraires \u00e0 la loi, \u00e0 la morale et aux bonnes m\u0153urs g\u00e9n\u00e9ralement accept\u00e9es, ou \u00e0 l&rsquo;ordre public ;<\/li>\n\n\n\n<li>\u00catre faux, ambigu, inexact, exag\u00e9r\u00e9 ou inopportun, pouvant induire en erreur sur son objet ou sur les intentions du communicant ;<\/li>\n\n\n\n<li>\u00catre la propri\u00e9t\u00e9 intellectuelle ou industrielle de tiers et pr\u00e9tendre \u00eatre utilis\u00e9 sans leur autorisation pr\u00e9alable ;<\/li>\n\n\n\n<li>Violer les secrets commerciaux de tiers ou enfreindre la r\u00e9glementation sur le secret des communications ;<\/li>\n\n\n\n<li>Porter atteinte d&rsquo;une mani\u00e8re quelconque \u00e0 la r\u00e9putation de The Lucky Flats Quintana ou de tiers, ou constituer, le cas \u00e9ch\u00e9ant, une publicit\u00e9 illicite, trompeuse ou d\u00e9loyale, et en g\u00e9n\u00e9ral une concurrence d\u00e9loyale ;<\/li>\n\n\n\n<li>Contenir des balises HTML autres que celles express\u00e9ment autoris\u00e9es par The Lucky Flats Quintana.<\/li>\n<\/ul>\n\n\n\n<h2 class=\"wp-block-heading\"><strong>3. Propri\u00e9t\u00e9 intellectuelle et industrielle<\/strong><\/h2>\n\n\n\n<p>Todos les contenus des pages web de The Lucky Flats Quintana sont soumis \u00e0 la r\u00e9glementation sur la Propri\u00e9t\u00e9 Intellectuelle et\/ou Industrielle. Les droits sur les contenus appartiennent \u00e0 The Lucky Flats Quintana ou \u00e0 des tiers le cas \u00e9ch\u00e9ant. L&rsquo;utilisateur ne pourra visualiser et obtenir qu&rsquo;une copie priv\u00e9e des contenus, \u00e0 condition que ladite copie soit exclusivement destin\u00e9e \u00e0 un usage personnel et priv\u00e9, toute utilisation \u00e0 des fins commerciales \u00e9tant strictement interdite.<\/p>\n\n\n\n<h2 class=\"wp-block-heading\"><strong>4. D\u00e9missions et Limitations de responsabilit\u00e9<\/strong><\/h2>\n\n\n\n<p>Les Lucky Flats Quintana ne seront pas responsables des informations, des services et\/ou des produits propos\u00e9s et\/ou fournis par des tiers via le site web des Lucky Flats Quintana ni des contenus fournis par des tiers. Les Lucky Flats Quintana ne garantissent pas l&rsquo;ad\u00e9quation, la fiabilit\u00e9, la disponibilit\u00e9, l&rsquo;opportunit\u00e9 ou l&rsquo;exactitude des informations ou services contenus sur leur site web, et ne seront pas responsables des dommages directs ou indirects li\u00e9s \u00e0 l&rsquo;utilisation des contenus de leur site web. Les Lucky Flats Quintana ne garantissent pas que les contenus de leur site soient adapt\u00e9s ou disponibles en dehors de l&rsquo;Espagne. Dans le cas o\u00f9 tout ou partie des contenus du site web des Lucky Flats Quintana seraient consid\u00e9r\u00e9s comme ill\u00e9gaux dans des pays autres que l&rsquo;Espagne, l&rsquo;acc\u00e8s \u00e0 ceux-ci et leur utilisation par les utilisateurs sont interdits. En cas de violation, la responsabilit\u00e9 incombera exclusivement aux utilisateurs, qui sont tenus de respecter les lois nationales applicables. L&rsquo;utilisation des informations et des contenus figurant sur le site web des Lucky Flats Quintana et\/ou l&rsquo;acc\u00e8s \u00e0 d&rsquo;autres sites web de tiers via des liens pr\u00e9sents sur le site des Lucky Flats Quintana seront effectu\u00e9s sous la responsabilit\u00e9 exclusive de ceux qui accomplissent ces actes, et les Lucky Flats Quintana ne seront en aucun cas responsables des dommages ou pr\u00e9judices pouvant r\u00e9sulter de ces utilisations ou activit\u00e9s.<\/p>\n<\/div>\n","protected":false},"excerpt":{"rendered":"<p>Cette page web est la propri\u00e9t\u00e9 de Apartamentos Quintana SL, ci-apr\u00e8s d\u00e9nomm\u00e9e The Lucky Flats Quintana. Si\u00e8ge social : Calle Poeta Quintana, 44, 03004 Alicante, EspagneT\u00e9l\u00e9phone : (+34) 673 654 181E-mail : info_alc@theluckyflats.com 1. Conditions g\u00e9n\u00e9rales L&rsquo;acc\u00e8s et l&rsquo;utilisation du site web de The Lucky Flats Quintana seront soumis aux pr\u00e9sentes conditions g\u00e9n\u00e9rales. L&rsquo;utilisation de [&hellip;]<\/p>\n","protected":false},"author":1,"featured_media":0,"parent":0,"menu_order":0,"comment_status":"closed","ping_status":"closed","template":"","meta":{"_acf_changed":false,"inline_featured_image":false,"_uag_custom_page_level_css":"","footnotes":""},"class_list":["post-2040","page","type-page","status-publish","hentry"],"acf":[],"yoast_head":"<!-- This site is optimized with the Yoast SEO plugin v25.0 - https:\/\/yoast.com\/wordpress\/plugins\/seo\/ -->\n<title>Notice L\u00e9gal - Lucky Flats<\/title>\n<meta name=\"robots\" content=\"noindex, follow\" \/>\n<meta property=\"og:locale\" content=\"fr_FR\" \/>\n<meta property=\"og:type\" content=\"article\" \/>\n<meta property=\"og:title\" content=\"Notice L\u00e9gal - Lucky Flats\" \/>\n<meta property=\"og:description\" content=\"Cette page web est la propri\u00e9t\u00e9 de Apartamentos Quintana SL, ci-apr\u00e8s d\u00e9nomm\u00e9e The Lucky Flats Quintana. Si\u00e8ge social : Calle Poeta Quintana, 44, 03004 Alicante, EspagneT\u00e9l\u00e9phone : (+34) 673 654 181E-mail : info_alc@theluckyflats.com 1. Conditions g\u00e9n\u00e9rales L&rsquo;acc\u00e8s et l&rsquo;utilisation du site web de The Lucky Flats Quintana seront soumis aux pr\u00e9sentes conditions g\u00e9n\u00e9rales. L&rsquo;utilisation de [&hellip;]\" \/>\n<meta property=\"og:url\" content=\"https:\/\/theluckyflats.com\/fr\/notice-legal\/\" \/>\n<meta property=\"og:site_name\" content=\"Lucky Flats\" \/>\n<meta property=\"article:modified_time\" content=\"2024-05-27T10:10:21+00:00\" \/>\n<meta name=\"twitter:card\" content=\"summary_large_image\" \/>\n<meta name=\"twitter:label1\" content=\"Dur\u00e9e de lecture estim\u00e9e\" \/>\n\t<meta name=\"twitter:data1\" content=\"6 minutes\" \/>\n<script type=\"application\/ld+json\" class=\"yoast-schema-graph\">{\"@context\":\"https:\/\/schema.org\",\"@graph\":[{\"@type\":\"WebPage\",\"@id\":\"https:\/\/theluckyflats.com\/fr\/notice-legal\/\",\"url\":\"https:\/\/theluckyflats.com\/fr\/notice-legal\/\",\"name\":\"Notice L\u00e9gal - Lucky Flats\",\"isPartOf\":{\"@id\":\"https:\/\/theluckyflats.com\/fr\/#website\"},\"datePublished\":\"2023-12-04T08:07:40+00:00\",\"dateModified\":\"2024-05-27T10:10:21+00:00\",\"inLanguage\":\"fr-FR\",\"potentialAction\":[{\"@type\":\"ReadAction\",\"target\":[\"https:\/\/theluckyflats.com\/fr\/notice-legal\/\"]}]},{\"@type\":\"WebSite\",\"@id\":\"https:\/\/theluckyflats.com\/fr\/#website\",\"url\":\"https:\/\/theluckyflats.com\/fr\/\",\"name\":\"Lucky Flats\",\"description\":\"\",\"potentialAction\":[{\"@type\":\"SearchAction\",\"target\":{\"@type\":\"EntryPoint\",\"urlTemplate\":\"https:\/\/theluckyflats.com\/fr\/?s={search_term_string}\"},\"query-input\":{\"@type\":\"PropertyValueSpecification\",\"valueRequired\":true,\"valueName\":\"search_term_string\"}}],\"inLanguage\":\"fr-FR\"}]}<\/script>\n<!-- \/ Yoast SEO plugin. -->","yoast_head_json":{"title":"Notice L\u00e9gal - Lucky Flats","robots":{"index":"noindex","follow":"follow"},"og_locale":"fr_FR","og_type":"article","og_title":"Notice L\u00e9gal - Lucky Flats","og_description":"Cette page web est la propri\u00e9t\u00e9 de Apartamentos Quintana SL, ci-apr\u00e8s d\u00e9nomm\u00e9e The Lucky Flats Quintana. Si\u00e8ge social : Calle Poeta Quintana, 44, 03004 Alicante, EspagneT\u00e9l\u00e9phone : (+34) 673 654 181E-mail : info_alc@theluckyflats.com 1. Conditions g\u00e9n\u00e9rales L&rsquo;acc\u00e8s et l&rsquo;utilisation du site web de The Lucky Flats Quintana seront soumis aux pr\u00e9sentes conditions g\u00e9n\u00e9rales. L&rsquo;utilisation de [&hellip;]","og_url":"https:\/\/theluckyflats.com\/fr\/notice-legal\/","og_site_name":"Lucky Flats","article_modified_time":"2024-05-27T10:10:21+00:00","twitter_card":"summary_large_image","twitter_misc":{"Dur\u00e9e de lecture estim\u00e9e":"6 minutes"},"schema":{"@context":"https:\/\/schema.org","@graph":[{"@type":"WebPage","@id":"https:\/\/theluckyflats.com\/fr\/notice-legal\/","url":"https:\/\/theluckyflats.com\/fr\/notice-legal\/","name":"Notice L\u00e9gal - Lucky Flats","isPartOf":{"@id":"https:\/\/theluckyflats.com\/fr\/#website"},"datePublished":"2023-12-04T08:07:40+00:00","dateModified":"2024-05-27T10:10:21+00:00","inLanguage":"fr-FR","potentialAction":[{"@type":"ReadAction","target":["https:\/\/theluckyflats.com\/fr\/notice-legal\/"]}]},{"@type":"WebSite","@id":"https:\/\/theluckyflats.com\/fr\/#website","url":"https:\/\/theluckyflats.com\/fr\/","name":"Lucky Flats","description":"","potentialAction":[{"@type":"SearchAction","target":{"@type":"EntryPoint","urlTemplate":"https:\/\/theluckyflats.com\/fr\/?s={search_term_string}"},"query-input":{"@type":"PropertyValueSpecification","valueRequired":true,"valueName":"search_term_string"}}],"inLanguage":"fr-FR"}]}},"uagb_featured_image_src":{"full":false,"thumbnail":false,"medium":false,"medium_large":false,"large":false,"1536x1536":false,"2048x2048":false},"uagb_author_info":{"display_name":"@oscar","author_link":"https:\/\/theluckyflats.com\/fr\/author\/oscar\/"},"uagb_comment_info":0,"uagb_excerpt":"Cette page web est la propri\u00e9t\u00e9 de Apartamentos Quintana SL, ci-apr\u00e8s d\u00e9nomm\u00e9e The Lucky Flats Quintana. Si\u00e8ge social : Calle Poeta Quintana, 44, 03004 Alicante, EspagneT\u00e9l\u00e9phone : (+34) 673 654 181E-mail : info_alc@theluckyflats.com 1. Conditions g\u00e9n\u00e9rales L&rsquo;acc\u00e8s et l&rsquo;utilisation du site web de The Lucky Flats Quintana seront soumis aux pr\u00e9sentes conditions g\u00e9n\u00e9rales. L&rsquo;utilisation de\u2026","_links":{"self":[{"href":"https:\/\/theluckyflats.com\/fr\/wp-json\/wp\/v2\/pages\/2040","targetHints":{"allow":["GET"]}}],"collection":[{"href":"https:\/\/theluckyflats.com\/fr\/wp-json\/wp\/v2\/pages"}],"about":[{"href":"https:\/\/theluckyflats.com\/fr\/wp-json\/wp\/v2\/types\/page"}],"author":[{"embeddable":true,"href":"https:\/\/theluckyflats.com\/fr\/wp-json\/wp\/v2\/users\/1"}],"replies":[{"embeddable":true,"href":"https:\/\/theluckyflats.com\/fr\/wp-json\/wp\/v2\/comments?post=2040"}],"version-history":[{"count":3,"href":"https:\/\/theluckyflats.com\/fr\/wp-json\/wp\/v2\/pages\/2040\/revisions"}],"predecessor-version":[{"id":2432,"href":"https:\/\/theluckyflats.com\/fr\/wp-json\/wp\/v2\/pages\/2040\/revisions\/2432"}],"wp:attachment":[{"href":"https:\/\/theluckyflats.com\/fr\/wp-json\/wp\/v2\/media?parent=2040"}],"curies":[{"name":"wp","href":"https:\/\/api.w.org\/{rel}","templated":true}]}}